{"id":3136625,"date":"2025-09-11T05:59:40","date_gmt":"2025-09-11T03:59:40","guid":{"rendered":"https:\/\/eu.tilta.com\/shop\/obere-schublade-mit-schloss-fuer-boulder-kamerawagen-schwarz\/"},"modified":"2026-04-15T04:02:19","modified_gmt":"2026-04-15T02:02:19","slug":"top-drawer-with-lock-for-boulder-camera-cart-black","status":"publish","type":"product","link":"https:\/\/eu.tilta.com\/de\/shop\/top-drawer-with-lock-for-boulder-camera-cart-black\/","title":{"rendered":"Obere Schublade mit Schloss f\u00fcr Boulder Kamerawagen &#8211; Schwarz"},"content":{"rendered":"<div class=\"overview-text\">\n<p><em>Wir stellen die obere Schublade mit Schloss f\u00fcr den Boulder Kamerawagen vor  <\/em><\/p>\n<p>Diese obere Schublade kann an der Unterseite des oberen Regals des <a href=\"https:\/\/eu.tilta.com\/shop\/tilta-boulder-camera-cart\/\">Boulder Kamerawagens<\/a>angebracht werden.<\/p>\n<p>Einmal montiert, k\u00f6nnen Sie die Schublade \u00f6ffnen und schlie\u00dfen, um kleinere Accessoires oder wertvollere Gegenst\u00e4nde zu verstauen.<\/p>\n<p>Das integrierte Schloss erm\u00f6glicht es dem Benutzer, Wertgegenst\u00e4nde wie Festplatten oder pers\u00f6nliche Gegenst\u00e4nde zu sch\u00fctzen, wenn er den Wagen verl\u00e4sst.<\/p>\n<\/div>\n","protected":false},"excerpt":{"rendered":"<p>Wir stellen die obere Schublade mit Schloss f\u00fcr den Boulder Kamerawagen vor Diese obere Schublade kann an der Unterseite des oberen Regals des Boulder Kamerawagensangebracht werden. Einmal montiert, k\u00f6nnen Sie die Schublade \u00f6ffnen und schlie\u00dfen, um kleinere Accessoires oder wertvollere [&hellip;]<\/p>\n","protected":false},"featured_media":2844895,"comment_status":"open","ping_status":"closed","template":"","meta":[],"product_cat":[4233],"product_tag":[],"acf":[],"gallery_images":[2844882],"_links":{"self":[{"href":"https:\/\/eu.tilta.com\/de\/wp-json\/wp\/v2\/product\/3136625"}],"collection":[{"href":"https:\/\/eu.tilta.com\/de\/wp-json\/wp\/v2\/product"}],"about":[{"href":"https:\/\/eu.tilta.com\/de\/wp-json\/wp\/v2\/types\/product"}],"replies":[{"embeddable":true,"href":"https:\/\/eu.tilta.com\/de\/wp-json\/wp\/v2\/comments?post=3136625"}],"wp:featuredmedia":[{"embeddable":true,"href":"https:\/\/eu.tilta.com\/de\/wp-json\/wp\/v2\/media\/2844895"}],"wp:attachment":[{"href":"https:\/\/eu.tilta.com\/de\/wp-json\/wp\/v2\/media?parent=3136625"}],"wp:term":[{"taxonomy":"product_cat","embeddable":true,"href":"https:\/\/eu.tilta.com\/de\/wp-json\/wp\/v2\/product_cat?post=3136625"},{"taxonomy":"product_tag","embeddable":true,"href":"https:\/\/eu.tilta.com\/de\/wp-json\/wp\/v2\/product_tag?post=3136625"}],"curies":[{"name":"wp","href":"https:\/\/api.w.org\/{rel}","templated":true}]}}