{"id":3136637,"date":"2025-09-11T05:49:18","date_gmt":"2025-09-11T03:49:18","guid":{"rendered":"https:\/\/eu.tilta.com\/shop\/heavy-duty-baby-pin-stand-fuer-boulder-kamerawagen-silber\/"},"modified":"2026-04-15T04:02:22","modified_gmt":"2026-04-15T02:02:22","slug":"heavy-duty-baby-pin-stand-for-boulder-camera-cart-silver","status":"publish","type":"product","link":"https:\/\/eu.tilta.com\/de\/shop\/heavy-duty-baby-pin-stand-for-boulder-camera-cart-silver\/","title":{"rendered":"Heavy Duty Baby Pin Stand f\u00fcr Boulder Kamerawagen &#8211; Silber"},"content":{"rendered":"<div class=\"overview-text\">\n<p><em>Wir pr\u00e4sentieren den Heavy Duty Baby Pin Stand f\u00fcr Boulder Camera Cart<\/em><\/p>\n<p>Dieser Heavy Duty St\u00e4nder wird an einer der vier Ecken des oberen Fachs des Boulder Kamerawagens befestigt.<\/p>\n<p>Es kann ohne Werkzeug installiert werden und ist daher schnell anzubringen oder zu entfernen.<\/p>\n<p>Der Baby Pin an der Oberseite erm\u00f6glicht es Ihnen, kompatibles Zubeh\u00f6r wie Monitore, Erweiterungshalterungen oder LED-Leuchten als Arbeitsscheinwerfer zu montieren.<\/p>\n<p>Die H\u00f6he des St\u00e4nders ist verstellbar, so dass Sie ihn je nach Bedarf anheben und absenken k\u00f6nnen.<\/p>\n<p>Diese strapazierf\u00e4hige Version eignet sich perfekt f\u00fcr gr\u00f6\u00dferes Zubeh\u00f6r in h\u00f6heren Positionen. Dennoch sollten Sie bei der Verwendung dieses St\u00e4nders Vorsicht walten lassen.<\/p>\n<\/div>\n","protected":false},"excerpt":{"rendered":"<p>Wir pr\u00e4sentieren den Heavy Duty Baby Pin Stand f\u00fcr Boulder Camera Cart Dieser Heavy Duty St\u00e4nder wird an einer der vier Ecken des oberen Fachs des Boulder Kamerawagens befestigt. Es kann ohne Werkzeug installiert werden und ist daher schnell anzubringen [&hellip;]<\/p>\n","protected":false},"featured_media":2844796,"comment_status":"open","ping_status":"closed","template":"","meta":[],"product_cat":[4233],"product_tag":[],"acf":[],"gallery_images":[2844790],"_links":{"self":[{"href":"https:\/\/eu.tilta.com\/de\/wp-json\/wp\/v2\/product\/3136637"}],"collection":[{"href":"https:\/\/eu.tilta.com\/de\/wp-json\/wp\/v2\/product"}],"about":[{"href":"https:\/\/eu.tilta.com\/de\/wp-json\/wp\/v2\/types\/product"}],"replies":[{"embeddable":true,"href":"https:\/\/eu.tilta.com\/de\/wp-json\/wp\/v2\/comments?post=3136637"}],"wp:featuredmedia":[{"embeddable":true,"href":"https:\/\/eu.tilta.com\/de\/wp-json\/wp\/v2\/media\/2844796"}],"wp:attachment":[{"href":"https:\/\/eu.tilta.com\/de\/wp-json\/wp\/v2\/media?parent=3136637"}],"wp:term":[{"taxonomy":"product_cat","embeddable":true,"href":"https:\/\/eu.tilta.com\/de\/wp-json\/wp\/v2\/product_cat?post=3136637"},{"taxonomy":"product_tag","embeddable":true,"href":"https:\/\/eu.tilta.com\/de\/wp-json\/wp\/v2\/product_tag?post=3136637"}],"curies":[{"name":"wp","href":"https:\/\/api.w.org\/{rel}","templated":true}]}}