{"id":3136638,"date":"2025-09-11T05:52:51","date_gmt":"2025-09-11T03:52:51","guid":{"rendered":"https:\/\/eu.tilta.com\/shop\/stativhalterung-fuer-boulder-kamerawagen-schwarz\/"},"modified":"2026-04-15T04:02:23","modified_gmt":"2026-04-15T02:02:23","slug":"tripod-holder-for-boulder-camera-cart-black","status":"publish","type":"product","link":"https:\/\/eu.tilta.com\/de\/shop\/tripod-holder-for-boulder-camera-cart-black\/","title":{"rendered":"Stativhalterung f\u00fcr Boulder Kamerawagen &#8211; Schwarz"},"content":{"rendered":"<div class=\"overview-text\">\n<p><em>Wir stellen den Stativhalter f\u00fcr Boulder Camera Cart vor<\/em><\/p>\n<p>Diese Stativbeinhalterung wird mit einer Klemme am Steadicam Dock f\u00fcr Boulder Camera Cart befestigt.<\/p>\n<p>So k\u00f6nnen Sie Ihre Stativbeine direkt am Kamerawagen befestigen.<\/p>\n<p>Dieses Zubeh\u00f6rteil kann in der H\u00f6he verstellt werden, so dass es f\u00fcr eine Reihe von Stativbeinen unterschiedlicher L\u00e4nge geeignet ist.<\/p>\n<\/div>\n","protected":false},"excerpt":{"rendered":"<p>Wir stellen den Stativhalter f\u00fcr Boulder Camera Cart vor Diese Stativbeinhalterung wird mit einer Klemme am Steadicam Dock f\u00fcr Boulder Camera Cart befestigt. So k\u00f6nnen Sie Ihre Stativbeine direkt am Kamerawagen befestigen. Dieses Zubeh\u00f6rteil kann in der H\u00f6he verstellt werden, [&hellip;]<\/p>\n","protected":false},"featured_media":2844844,"comment_status":"open","ping_status":"closed","template":"","meta":[],"product_cat":[4233],"product_tag":[],"acf":[],"gallery_images":[2844837],"_links":{"self":[{"href":"https:\/\/eu.tilta.com\/de\/wp-json\/wp\/v2\/product\/3136638"}],"collection":[{"href":"https:\/\/eu.tilta.com\/de\/wp-json\/wp\/v2\/product"}],"about":[{"href":"https:\/\/eu.tilta.com\/de\/wp-json\/wp\/v2\/types\/product"}],"replies":[{"embeddable":true,"href":"https:\/\/eu.tilta.com\/de\/wp-json\/wp\/v2\/comments?post=3136638"}],"wp:featuredmedia":[{"embeddable":true,"href":"https:\/\/eu.tilta.com\/de\/wp-json\/wp\/v2\/media\/2844844"}],"wp:attachment":[{"href":"https:\/\/eu.tilta.com\/de\/wp-json\/wp\/v2\/media?parent=3136638"}],"wp:term":[{"taxonomy":"product_cat","embeddable":true,"href":"https:\/\/eu.tilta.com\/de\/wp-json\/wp\/v2\/product_cat?post=3136638"},{"taxonomy":"product_tag","embeddable":true,"href":"https:\/\/eu.tilta.com\/de\/wp-json\/wp\/v2\/product_tag?post=3136638"}],"curies":[{"name":"wp","href":"https:\/\/api.w.org\/{rel}","templated":true}]}}