{"id":3136751,"date":"2025-09-11T05:42:31","date_gmt":"2025-09-11T03:42:31","guid":{"rendered":"https:\/\/eu.tilta.com\/shop\/igt-outdoor-erweiterungsmodul-fuer-boulder-kamerawagen-schwarz\/"},"modified":"2026-04-15T04:02:25","modified_gmt":"2026-04-15T02:02:25","slug":"igt-outdoor-expansion-module-for-boulder-camera-cart-black","status":"publish","type":"product","link":"https:\/\/eu.tilta.com\/de\/shop\/igt-outdoor-expansion-module-for-boulder-camera-cart-black\/","title":{"rendered":"IGT Outdoor Erweiterungsmodul f\u00fcr Boulder Kamerawagen &#8211; Schwarz"},"content":{"rendered":"<p><em>Das IGT Outdoor-Erweiterungsmodul f\u00fcr Boulder-Kamerawagen wird vorgestellt  <\/em><\/p>\n<p>Dieses Erweiterungsmodul im Stil eines Beistelltisches wird \u00fcber zwei Klemmverbindungen an der Seite des Boulder Kamerawagens befestigt.<\/p>\n<p>Einmal an den Beinen des Wagens befestigt, kann das Modul schnell nach oben oder unten geklappt werden.<\/p>\n<p>Der Beistelltisch selbst verf\u00fcgt \u00fcber einen IGT-Standardausschnitt, der mit IGT-Standardeins\u00e4tzen kompatibel ist.<\/p>\n<p>Das bedeutet, dass die Benutzer neben einem normalen Tisch auch speziellere IGT-Eins\u00e4tze wie kleine K\u00f6rbe, Schneidebretter oder sogar Gasherdplatten verwenden k\u00f6nnen.<\/p>\n<p>Das Modul kann ohne Werkzeug installiert werden, so dass es schnell angebracht oder entfernt werden kann. Es kann in verschiedenen H\u00f6hen an den Beinen des Wagens angebracht werden.<\/p>\n","protected":false},"excerpt":{"rendered":"<p>Das IGT Outdoor-Erweiterungsmodul f\u00fcr Boulder-Kamerawagen wird vorgestellt Dieses Erweiterungsmodul im Stil eines Beistelltisches wird \u00fcber zwei Klemmverbindungen an der Seite des Boulder Kamerawagens befestigt. Einmal an den Beinen des Wagens befestigt, kann das Modul schnell nach oben oder unten geklappt [&hellip;]<\/p>\n","protected":false},"featured_media":2844627,"comment_status":"open","ping_status":"closed","template":"","meta":[],"product_cat":[4233],"product_tag":[],"acf":[],"gallery_images":[2844621],"_links":{"self":[{"href":"https:\/\/eu.tilta.com\/de\/wp-json\/wp\/v2\/product\/3136751"}],"collection":[{"href":"https:\/\/eu.tilta.com\/de\/wp-json\/wp\/v2\/product"}],"about":[{"href":"https:\/\/eu.tilta.com\/de\/wp-json\/wp\/v2\/types\/product"}],"replies":[{"embeddable":true,"href":"https:\/\/eu.tilta.com\/de\/wp-json\/wp\/v2\/comments?post=3136751"}],"wp:featuredmedia":[{"embeddable":true,"href":"https:\/\/eu.tilta.com\/de\/wp-json\/wp\/v2\/media\/2844627"}],"wp:attachment":[{"href":"https:\/\/eu.tilta.com\/de\/wp-json\/wp\/v2\/media?parent=3136751"}],"wp:term":[{"taxonomy":"product_cat","embeddable":true,"href":"https:\/\/eu.tilta.com\/de\/wp-json\/wp\/v2\/product_cat?post=3136751"},{"taxonomy":"product_tag","embeddable":true,"href":"https:\/\/eu.tilta.com\/de\/wp-json\/wp\/v2\/product_tag?post=3136751"}],"curies":[{"name":"wp","href":"https:\/\/api.w.org\/{rel}","templated":true}]}}