{"id":3136754,"date":"2025-09-11T05:45:28","date_gmt":"2025-09-11T03:45:28","guid":{"rendered":"https:\/\/eu.tilta.com\/shop\/leichter-baby-pin-staender-fuer-boulder-kamerawagen-schwarz\/"},"modified":"2026-04-15T04:02:27","modified_gmt":"2026-04-15T02:02:27","slug":"lightweight-baby-pin-stand-for-boulder-camera-cart-black","status":"publish","type":"product","link":"https:\/\/eu.tilta.com\/de\/shop\/lightweight-baby-pin-stand-for-boulder-camera-cart-black\/","title":{"rendered":"Leichter Baby Pin St\u00e4nder f\u00fcr Boulder Kamerawagen &#8211; Schwarz"},"content":{"rendered":"<div class=\"overview-text\">\n<p><em>Wir pr\u00e4sentieren den leichten Baby Pin Stand f\u00fcr Boulder Camera Cart<\/em><\/p>\n<p>Dieses leichte Stativ l\u00e4sst sich an einer der vier Ecken der oberen Ablage des Boulder Camera Cart befestigen.<\/p>\n<p>Es kann ohne Werkzeug installiert werden und ist daher schnell anzubringen oder zu entfernen.<\/p>\n<p>Der Baby Pin an der Oberseite erm\u00f6glicht es Ihnen, kompatibles Zubeh\u00f6r wie Monitore, Erweiterungshalterungen oder LED-Leuchten als Arbeitsscheinwerfer zu montieren.<\/p>\n<p>Die H\u00f6he des St\u00e4nders ist verstellbar, so dass Sie ihn je nach Bedarf anheben und absenken k\u00f6nnen.<\/p>\n<p>Diese leichte Version eignet sich perfekt f\u00fcr kleinere Accessoires, ist aber nicht daf\u00fcr gedacht, schwereres Gewicht in h\u00f6heren Positionen zu tragen.<\/p>\n<\/div>\n","protected":false},"excerpt":{"rendered":"<p>Wir pr\u00e4sentieren den leichten Baby Pin Stand f\u00fcr Boulder Camera Cart Dieses leichte Stativ l\u00e4sst sich an einer der vier Ecken der oberen Ablage des Boulder Camera Cart befestigen. Es kann ohne Werkzeug installiert werden und ist daher schnell anzubringen [&hellip;]<\/p>\n","protected":false},"featured_media":2844669,"comment_status":"open","ping_status":"closed","template":"","meta":[],"product_cat":[4233],"product_tag":[],"acf":[],"gallery_images":[2844658],"_links":{"self":[{"href":"https:\/\/eu.tilta.com\/de\/wp-json\/wp\/v2\/product\/3136754"}],"collection":[{"href":"https:\/\/eu.tilta.com\/de\/wp-json\/wp\/v2\/product"}],"about":[{"href":"https:\/\/eu.tilta.com\/de\/wp-json\/wp\/v2\/types\/product"}],"replies":[{"embeddable":true,"href":"https:\/\/eu.tilta.com\/de\/wp-json\/wp\/v2\/comments?post=3136754"}],"wp:featuredmedia":[{"embeddable":true,"href":"https:\/\/eu.tilta.com\/de\/wp-json\/wp\/v2\/media\/2844669"}],"wp:attachment":[{"href":"https:\/\/eu.tilta.com\/de\/wp-json\/wp\/v2\/media?parent=3136754"}],"wp:term":[{"taxonomy":"product_cat","embeddable":true,"href":"https:\/\/eu.tilta.com\/de\/wp-json\/wp\/v2\/product_cat?post=3136754"},{"taxonomy":"product_tag","embeddable":true,"href":"https:\/\/eu.tilta.com\/de\/wp-json\/wp\/v2\/product_tag?post=3136754"}],"curies":[{"name":"wp","href":"https:\/\/api.w.org\/{rel}","templated":true}]}}