{"id":3136756,"date":"2025-09-11T04:34:11","date_gmt":"2025-09-11T02:34:11","guid":{"rendered":"https:\/\/eu.tilta.com\/shop\/kompakthaken-fuer-boulder-kamerawagen-schwarz\/"},"modified":"2026-04-15T04:02:27","modified_gmt":"2026-04-15T02:02:27","slug":"compact-hook-for-boulder-camera-cart-black","status":"publish","type":"product","link":"https:\/\/eu.tilta.com\/de\/shop\/compact-hook-for-boulder-camera-cart-black\/","title":{"rendered":"Kompakthaken f\u00fcr Boulder Kamerawagen &#8211; Schwarz"},"content":{"rendered":"<div class=\"overview-text\">\n<p data-start=\"640\" data-end=\"707\">Wir pr\u00e4sentieren den Compact Hook f\u00fcr Boulder Kamerawagen &#8211; Schwarz.<\/p>\n<p data-start=\"709\" data-end=\"1008\">Dieser minimalistische und dennoch praktische Haken wird direkt an der Seite des Boulder Kamerawagens befestigt und bietet einen praktischen Ankerpunkt zum Aufh\u00e4ngen von Werkzeug und Zubeh\u00f6r. Dank des flachen Designs k\u00f6nnen Sie wertvollen Platz auf der Ablagefl\u00e4che freimachen und gleichzeitig wichtige Utensilien in Reichweite halten.<\/p>\n<p data-start=\"1010\" data-end=\"1263\">Der Compact Hook ist aus strapazierf\u00e4higem Metall gefertigt und stark genug, um schwere Gegenst\u00e4nde zu halten, w\u00e4hrend er gleichzeitig ein sauberes und stromlinienf\u00f6rmiges Aussehen beh\u00e4lt. Dank der einfachen Installation k\u00f6nnen Sie problemlos mehrere Haken um den Wagen herum anbringen, um noch mehr Ordnung zu schaffen.<\/p>\n<\/div>\n","protected":false},"excerpt":{"rendered":"<p>Wir pr\u00e4sentieren den Compact Hook f\u00fcr Boulder Kamerawagen &#8211; Schwarz. Dieser minimalistische und dennoch praktische Haken wird direkt an der Seite des Boulder Kamerawagens befestigt und bietet einen praktischen Ankerpunkt zum Aufh\u00e4ngen von Werkzeug und Zubeh\u00f6r. Dank des flachen Designs [&hellip;]<\/p>\n","protected":false},"featured_media":2843825,"comment_status":"open","ping_status":"closed","template":"","meta":[],"product_cat":[4233],"product_tag":[],"acf":[],"gallery_images":[2843819],"_links":{"self":[{"href":"https:\/\/eu.tilta.com\/de\/wp-json\/wp\/v2\/product\/3136756"}],"collection":[{"href":"https:\/\/eu.tilta.com\/de\/wp-json\/wp\/v2\/product"}],"about":[{"href":"https:\/\/eu.tilta.com\/de\/wp-json\/wp\/v2\/types\/product"}],"replies":[{"embeddable":true,"href":"https:\/\/eu.tilta.com\/de\/wp-json\/wp\/v2\/comments?post=3136756"}],"wp:featuredmedia":[{"embeddable":true,"href":"https:\/\/eu.tilta.com\/de\/wp-json\/wp\/v2\/media\/2843825"}],"wp:attachment":[{"href":"https:\/\/eu.tilta.com\/de\/wp-json\/wp\/v2\/media?parent=3136756"}],"wp:term":[{"taxonomy":"product_cat","embeddable":true,"href":"https:\/\/eu.tilta.com\/de\/wp-json\/wp\/v2\/product_cat?post=3136756"},{"taxonomy":"product_tag","embeddable":true,"href":"https:\/\/eu.tilta.com\/de\/wp-json\/wp\/v2\/product_tag?post=3136756"}],"curies":[{"name":"wp","href":"https:\/\/api.w.org\/{rel}","templated":true}]}}