{"id":3136764,"date":"2025-09-11T05:00:12","date_gmt":"2025-09-11T03:00:12","guid":{"rendered":"https:\/\/eu.tilta.com\/shop\/monitorhalterung-fuer-boulder-kamerawagen-montagestange-schwarz\/"},"modified":"2026-04-15T04:02:34","modified_gmt":"2026-04-15T02:02:34","slug":"monitor-mount-for-boulder-camera-cart-mounting-bar-black","status":"publish","type":"product","link":"https:\/\/eu.tilta.com\/de\/shop\/monitor-mount-for-boulder-camera-cart-mounting-bar-black\/","title":{"rendered":"Monitorhalterung f\u00fcr Boulder Kamerawagen-Montagestange &#8211; Schwarz"},"content":{"rendered":"<div class=\"overview-text\">\n<p data-start=\"427\" data-end=\"730\">Wir stellen die Monitorhalterung f\u00fcr die Boulder Camera Cart Mounting Bar vor<\/p>\n<p data-start=\"427\" data-end=\"730\">Diese Halterung ist so konzipiert, dass die meisten Standard-Computer- oder Produktionsmonitore \u00fcber eine V-Lock-Schnellverschlussplatte befestigt werden k\u00f6nnen. Nachdem diese Platte angebracht wurde, kann die Halterung selbst auf die Montagestange f\u00fcr den Boulder Kamerawagen geschoben und verriegelt werden.<\/p>\n<p data-start=\"732\" data-end=\"945\">Die Schnellwechselplatte ist VESA-kompatibel und unterst\u00fctzt sowohl 100 x 100 mm als auch 75 x 75 mm Montagemuster f\u00fcr Monitore mit einem Gewicht von bis zu 55 Pfund, wodurch sie universell mit einer Vielzahl professioneller Bildschirme kompatibel ist.<\/p>\n<p data-start=\"947\" data-end=\"1183\">Dank der einstellbaren Spannung kann der Monitor leicht geneigt und geschwenkt werden. Gleichzeitig bietet die Halterung einen Schnellspannhebel, mit dem der Monitor um 90 Grad gedreht werden kann &#8211; perfekt f\u00fcr den schnellen Wechsel zwischen horizontaler und vertikaler Ausrichtung.<\/p>\n<\/div>\n","protected":false},"excerpt":{"rendered":"<p>Wir stellen die Monitorhalterung f\u00fcr die Boulder Camera Cart Mounting Bar vor Diese Halterung ist so konzipiert, dass die meisten Standard-Computer- oder Produktionsmonitore \u00fcber eine V-Lock-Schnellverschlussplatte befestigt werden k\u00f6nnen. Nachdem diese Platte angebracht wurde, kann die Halterung selbst auf die [&hellip;]<\/p>\n","protected":false},"featured_media":2844042,"comment_status":"open","ping_status":"closed","template":"","meta":[],"product_cat":[4233],"product_tag":[],"acf":[],"gallery_images":[2844035],"_links":{"self":[{"href":"https:\/\/eu.tilta.com\/de\/wp-json\/wp\/v2\/product\/3136764"}],"collection":[{"href":"https:\/\/eu.tilta.com\/de\/wp-json\/wp\/v2\/product"}],"about":[{"href":"https:\/\/eu.tilta.com\/de\/wp-json\/wp\/v2\/types\/product"}],"replies":[{"embeddable":true,"href":"https:\/\/eu.tilta.com\/de\/wp-json\/wp\/v2\/comments?post=3136764"}],"wp:featuredmedia":[{"embeddable":true,"href":"https:\/\/eu.tilta.com\/de\/wp-json\/wp\/v2\/media\/2844042"}],"wp:attachment":[{"href":"https:\/\/eu.tilta.com\/de\/wp-json\/wp\/v2\/media?parent=3136764"}],"wp:term":[{"taxonomy":"product_cat","embeddable":true,"href":"https:\/\/eu.tilta.com\/de\/wp-json\/wp\/v2\/product_cat?post=3136764"},{"taxonomy":"product_tag","embeddable":true,"href":"https:\/\/eu.tilta.com\/de\/wp-json\/wp\/v2\/product_tag?post=3136764"}],"curies":[{"name":"wp","href":"https:\/\/api.w.org\/{rel}","templated":true}]}}