{"id":3136766,"date":"2025-09-11T05:38:21","date_gmt":"2025-09-11T03:38:21","guid":{"rendered":"https:\/\/eu.tilta.com\/shop\/erweiterungshalterungssatz-fuer-boulder-kamerawagen-schwarz\/"},"modified":"2026-04-15T04:04:21","modified_gmt":"2026-04-15T02:04:21","slug":"expansion-mounting-bracket-kit-for-boulder-camera-cart-black","status":"publish","type":"product","link":"https:\/\/eu.tilta.com\/de\/shop\/expansion-mounting-bracket-kit-for-boulder-camera-cart-black\/","title":{"rendered":"Erweiterungshalterungssatz f\u00fcr Boulder Kamerawagen &#8211; Schwarz"},"content":{"rendered":"<div class=\"overview-text\">\n<p><em>Einf\u00fchrung der Befestigungsstange f\u00fcr Boulder Camera Cart<\/em><\/p>\n<p>Diese Stange wird an zwei St\u00fctzpfosten oben auf dem Boulder Kamerawagen befestigt.<\/p>\n<p>So k\u00f6nnen Sie externe Monitore mit Hilfe von Schnellspannern befestigen, die nicht im Lieferumfang enthalten sind.<\/p>\n<p>Die Bar verf\u00fcgt au\u00dferdem \u00fcber viele 1\/4\u2033-20 und 3\/8\u2033-16 Gewinde, die es dem Benutzer erm\u00f6glichen, anderes kleineres Zubeh\u00f6r \u00fcber Gelenkarme und andere \u00e4hnliche Halterungen zu befestigen.<\/p>\n<p>Diese Stange wird mit zwei auf Knebelschrauben basierenden Klemmen befestigt, so dass sie schnell montiert oder entfernt werden kann und auch in der H\u00f6he verstellbar ist.<\/p>\n<\/div>\n","protected":false},"excerpt":{"rendered":"<p>Einf\u00fchrung der Befestigungsstange f\u00fcr Boulder Camera Cart Diese Stange wird an zwei St\u00fctzpfosten oben auf dem Boulder Kamerawagen befestigt. So k\u00f6nnen Sie externe Monitore mit Hilfe von Schnellspannern befestigen, die nicht im Lieferumfang enthalten sind. Die Bar verf\u00fcgt au\u00dferdem \u00fcber [&hellip;]<\/p>\n","protected":false},"featured_media":2844586,"comment_status":"open","ping_status":"closed","template":"","meta":[],"product_cat":[4494,4233],"product_tag":[],"acf":[],"gallery_images":[2844578],"_links":{"self":[{"href":"https:\/\/eu.tilta.com\/de\/wp-json\/wp\/v2\/product\/3136766"}],"collection":[{"href":"https:\/\/eu.tilta.com\/de\/wp-json\/wp\/v2\/product"}],"about":[{"href":"https:\/\/eu.tilta.com\/de\/wp-json\/wp\/v2\/types\/product"}],"replies":[{"embeddable":true,"href":"https:\/\/eu.tilta.com\/de\/wp-json\/wp\/v2\/comments?post=3136766"}],"wp:featuredmedia":[{"embeddable":true,"href":"https:\/\/eu.tilta.com\/de\/wp-json\/wp\/v2\/media\/2844586"}],"wp:attachment":[{"href":"https:\/\/eu.tilta.com\/de\/wp-json\/wp\/v2\/media?parent=3136766"}],"wp:term":[{"taxonomy":"product_cat","embeddable":true,"href":"https:\/\/eu.tilta.com\/de\/wp-json\/wp\/v2\/product_cat?post=3136766"},{"taxonomy":"product_tag","embeddable":true,"href":"https:\/\/eu.tilta.com\/de\/wp-json\/wp\/v2\/product_tag?post=3136766"}],"curies":[{"name":"wp","href":"https:\/\/api.w.org\/{rel}","templated":true}]}}