{"id":3136774,"date":"2025-09-11T05:30:06","date_gmt":"2025-09-11T03:30:06","guid":{"rendered":"https:\/\/eu.tilta.com\/shop\/steadicam-dock-fuer-boulder-kamerawagen-schwarz\/"},"modified":"2026-04-15T04:02:37","modified_gmt":"2026-04-15T02:02:37","slug":"steadicam-dock-for-boulder-camera-cart-black","status":"publish","type":"product","link":"https:\/\/eu.tilta.com\/de\/shop\/steadicam-dock-for-boulder-camera-cart-black\/","title":{"rendered":"Steadicam Dock f\u00fcr Boulder Kamerawagen &#8211; Schwarz"},"content":{"rendered":"<div class=\"overview-text\">\n<p><em>Wir stellen das Steadicam Dock f\u00fcr Boulder Camera Cart vor<\/em><\/p>\n<p>Dieses Zubeh\u00f6r wird mit zwei Befestigungsklammern an beiden Seiten des Kamerawagens angebracht.<\/p>\n<p>Sobald diese Klemmen installiert sind, k\u00f6nnen Benutzer diese Klemmen mit einer gro\u00dfen Knebelschraube \u00f6ffnen und verriegeln, was eine werkzeuglose Montage des Steadicam-Docks erm\u00f6glicht.<\/p>\n<p>Das Dock funktioniert \u00e4hnlich wie ein Lichtstativ mit einem Baby-Pin an der Oberseite.<\/p>\n<p>Die Position auf dem Wagen ist ideal f\u00fcr das Ausbalancieren von Steadicams und anderen \u00e4hnlichen Unterst\u00fctzungssystemen, da er mehr als genug Spielraum bietet, um das Rig nach Bedarf zu balancieren und zu drehen.<\/p>\n<p>Dank der verstellbaren H\u00f6he dieses Adapters k\u00f6nnen Sie Rigs unterschiedlicher Gr\u00f6\u00dfe aufnehmen und auch anderes Zubeh\u00f6r wie kleine LED-Leuchten oder sogar Monitore mit der entsprechenden Halterung verwenden.<\/p>\n<\/div>\n","protected":false},"excerpt":{"rendered":"<p>Wir stellen das Steadicam Dock f\u00fcr Boulder Camera Cart vor Dieses Zubeh\u00f6r wird mit zwei Befestigungsklammern an beiden Seiten des Kamerawagens angebracht. Sobald diese Klemmen installiert sind, k\u00f6nnen Benutzer diese Klemmen mit einer gro\u00dfen Knebelschraube \u00f6ffnen und verriegeln, was eine [&hellip;]<\/p>\n","protected":false},"featured_media":2844448,"comment_status":"open","ping_status":"closed","template":"","meta":[],"product_cat":[4233],"product_tag":[],"acf":[],"gallery_images":[2844442],"_links":{"self":[{"href":"https:\/\/eu.tilta.com\/de\/wp-json\/wp\/v2\/product\/3136774"}],"collection":[{"href":"https:\/\/eu.tilta.com\/de\/wp-json\/wp\/v2\/product"}],"about":[{"href":"https:\/\/eu.tilta.com\/de\/wp-json\/wp\/v2\/types\/product"}],"replies":[{"embeddable":true,"href":"https:\/\/eu.tilta.com\/de\/wp-json\/wp\/v2\/comments?post=3136774"}],"wp:featuredmedia":[{"embeddable":true,"href":"https:\/\/eu.tilta.com\/de\/wp-json\/wp\/v2\/media\/2844448"}],"wp:attachment":[{"href":"https:\/\/eu.tilta.com\/de\/wp-json\/wp\/v2\/media?parent=3136774"}],"wp:term":[{"taxonomy":"product_cat","embeddable":true,"href":"https:\/\/eu.tilta.com\/de\/wp-json\/wp\/v2\/product_cat?post=3136774"},{"taxonomy":"product_tag","embeddable":true,"href":"https:\/\/eu.tilta.com\/de\/wp-json\/wp\/v2\/product_tag?post=3136774"}],"curies":[{"name":"wp","href":"https:\/\/api.w.org\/{rel}","templated":true}]}}