{"id":3136782,"date":"2025-09-11T05:21:18","date_gmt":"2025-09-11T03:21:18","guid":{"rendered":"https:\/\/eu.tilta.com\/shop\/dualer-igt-plattensatz-fuer-boulder-kamerawagen-schwarz\/"},"modified":"2026-04-15T04:02:40","modified_gmt":"2026-04-15T02:02:40","slug":"dual-igt-plate-kit-for-boulder-camera-cart-black","status":"publish","type":"product","link":"https:\/\/eu.tilta.com\/de\/shop\/dual-igt-plate-kit-for-boulder-camera-cart-black\/","title":{"rendered":"Dualer IGT-Plattensatz f\u00fcr Boulder Kamerawagen &#8211; Schwarz"},"content":{"rendered":"<div class=\"overview-text\">\n<p><em>Wir stellen das Dual IGT Plate Kit f\u00fcr Boulder Camera Cart vor<\/em><\/p>\n<p>Diese IGT-Platte deckt die gesamte Gr\u00f6\u00dfe des IGT Outdoor-Erweiterungsmoduls f\u00fcr Boulder Camera Cart ab.<\/p>\n<p>Er kann ohne Werkzeug eingesetzt und entfernt werden.<\/p>\n<p>Die kleine Lasche auf der R\u00fcckseite kann verstellt werden, um die Platte zu fixieren.<\/p>\n<p>Das bedeutet, dass Benutzer den Seitentisch des Wagens absenken k\u00f6nnen, ohne dass diese Platte herausf\u00e4llt.<\/p>\n<\/div>\n","protected":false},"excerpt":{"rendered":"<p>Wir stellen das Dual IGT Plate Kit f\u00fcr Boulder Camera Cart vor Diese IGT-Platte deckt die gesamte Gr\u00f6\u00dfe des IGT Outdoor-Erweiterungsmoduls f\u00fcr Boulder Camera Cart ab. Er kann ohne Werkzeug eingesetzt und entfernt werden. Die kleine Lasche auf der R\u00fcckseite [&hellip;]<\/p>\n","protected":false},"featured_media":2844355,"comment_status":"open","ping_status":"closed","template":"","meta":[],"product_cat":[4233],"product_tag":[],"acf":[],"gallery_images":[2844349],"_links":{"self":[{"href":"https:\/\/eu.tilta.com\/de\/wp-json\/wp\/v2\/product\/3136782"}],"collection":[{"href":"https:\/\/eu.tilta.com\/de\/wp-json\/wp\/v2\/product"}],"about":[{"href":"https:\/\/eu.tilta.com\/de\/wp-json\/wp\/v2\/types\/product"}],"replies":[{"embeddable":true,"href":"https:\/\/eu.tilta.com\/de\/wp-json\/wp\/v2\/comments?post=3136782"}],"wp:featuredmedia":[{"embeddable":true,"href":"https:\/\/eu.tilta.com\/de\/wp-json\/wp\/v2\/media\/2844355"}],"wp:attachment":[{"href":"https:\/\/eu.tilta.com\/de\/wp-json\/wp\/v2\/media?parent=3136782"}],"wp:term":[{"taxonomy":"product_cat","embeddable":true,"href":"https:\/\/eu.tilta.com\/de\/wp-json\/wp\/v2\/product_cat?post=3136782"},{"taxonomy":"product_tag","embeddable":true,"href":"https:\/\/eu.tilta.com\/de\/wp-json\/wp\/v2\/product_tag?post=3136782"}],"curies":[{"name":"wp","href":"https:\/\/api.w.org\/{rel}","templated":true}]}}