{"id":3136783,"date":"2025-09-11T05:11:01","date_gmt":"2025-09-11T03:11:01","guid":{"rendered":"https:\/\/eu.tilta.com\/shop\/75-100mm-fluidkopf-kugelhalterung-fuer-boulder-kamerawagen-schwarz\/"},"modified":"2026-04-15T04:02:41","modified_gmt":"2026-04-15T02:02:41","slug":"75-100mm-fluid-head-ball-mount-for-boulder-camera-cart-black","status":"publish","type":"product","link":"https:\/\/eu.tilta.com\/de\/shop\/75-100mm-fluid-head-ball-mount-for-boulder-camera-cart-black\/","title":{"rendered":"75\/100mm Fluidkopf Kugelhalterung f\u00fcr Boulder Kamerawagen &#8211; Schwarz"},"content":{"rendered":"<div class=\"overview-text\">\n<p><em>Wir stellen den 75\/100mm Fluid Head Ball Mount f\u00fcr Boulder Camera Cart vor  <\/em><\/p>\n<p>Dieser Fluid Head Ball Mount wird mit einer Klemme am Steadicam Dock f\u00fcr Boulder Camera Cart befestigt.<\/p>\n<p>Damit k\u00f6nnen Sie Ihren 75mm oder 100mm Kugelkopf \u00fcber einen abnehmbaren 75mm Gewindeadapter montieren.<\/p>\n<p>Dieses Zubeh\u00f6rteil kann in der H\u00f6he verstellt werden und ist schwenkbar, was den Zugang zu den Befestigungspunkten an der Unterseite des Stativkopfes erleichtert.<\/p>\n<\/div>\n","protected":false},"excerpt":{"rendered":"<p>Wir stellen den 75\/100mm Fluid Head Ball Mount f\u00fcr Boulder Camera Cart vor Dieser Fluid Head Ball Mount wird mit einer Klemme am Steadicam Dock f\u00fcr Boulder Camera Cart befestigt. Damit k\u00f6nnen Sie Ihren 75mm oder 100mm Kugelkopf \u00fcber einen [&hellip;]<\/p>\n","protected":false},"featured_media":2844165,"comment_status":"open","ping_status":"closed","template":"","meta":[],"product_cat":[4233],"product_tag":[],"acf":[],"gallery_images":[2844159],"_links":{"self":[{"href":"https:\/\/eu.tilta.com\/de\/wp-json\/wp\/v2\/product\/3136783"}],"collection":[{"href":"https:\/\/eu.tilta.com\/de\/wp-json\/wp\/v2\/product"}],"about":[{"href":"https:\/\/eu.tilta.com\/de\/wp-json\/wp\/v2\/types\/product"}],"replies":[{"embeddable":true,"href":"https:\/\/eu.tilta.com\/de\/wp-json\/wp\/v2\/comments?post=3136783"}],"wp:featuredmedia":[{"embeddable":true,"href":"https:\/\/eu.tilta.com\/de\/wp-json\/wp\/v2\/media\/2844165"}],"wp:attachment":[{"href":"https:\/\/eu.tilta.com\/de\/wp-json\/wp\/v2\/media?parent=3136783"}],"wp:term":[{"taxonomy":"product_cat","embeddable":true,"href":"https:\/\/eu.tilta.com\/de\/wp-json\/wp\/v2\/product_cat?post=3136783"},{"taxonomy":"product_tag","embeddable":true,"href":"https:\/\/eu.tilta.com\/de\/wp-json\/wp\/v2\/product_tag?post=3136783"}],"curies":[{"name":"wp","href":"https:\/\/api.w.org\/{rel}","templated":true}]}}