{"id":3136789,"date":"2025-09-11T05:25:36","date_gmt":"2025-09-11T03:25:36","guid":{"rendered":"https:\/\/eu.tilta.com\/shop\/stuetzbein-fuer-boulder-kamerawagen-paar-schwarz\/"},"modified":"2026-04-15T04:02:44","modified_gmt":"2026-04-15T02:02:44","slug":"support-leg-for-boulder-camera-cart-pair-black","status":"publish","type":"product","link":"https:\/\/eu.tilta.com\/de\/shop\/support-leg-for-boulder-camera-cart-pair-black\/","title":{"rendered":"St\u00fctzbein f\u00fcr Boulder Kamerawagen (Paar) &#8211; Schwarz"},"content":{"rendered":"<div class=\"overview-text\">\n<p><em>Einf\u00fchrung des St\u00fctzbeins f\u00fcr den Boulder Kamerawagen  <\/em><\/p>\n<p>Diese St\u00fctzbeine werden an einem der St\u00fctzpfosten des Kamerawagens befestigt.<\/p>\n<p>Sie k\u00f6nnen auf verschiedene H\u00f6hen eingestellt werden, so dass sie knapp \u00fcber dem Boden ruhen k\u00f6nnen.<\/p>\n<p>Diese k\u00f6nnen bei Bedarf heruntergekurbelt werden, um vollen Kontakt mit dem Boden herzustellen und den Wagen besser abzust\u00fctzen.<\/p>\n<p>Dies ist ideal f\u00fcr Einrichtungen, bei denen der Wagen \u00fcber einen l\u00e4ngeren Zeitraum an einem Ort benutzt werden soll.<\/p>\n<p>Er ist besonders n\u00fctzlich, um gr\u00f6\u00dfere Accessoires wie unseren \u00fcbergro\u00dfen Boulder-Schirm zu tragen.<\/p>\n<\/div>\n","protected":false},"excerpt":{"rendered":"<p>Einf\u00fchrung des St\u00fctzbeins f\u00fcr den Boulder Kamerawagen Diese St\u00fctzbeine werden an einem der St\u00fctzpfosten des Kamerawagens befestigt. Sie k\u00f6nnen auf verschiedene H\u00f6hen eingestellt werden, so dass sie knapp \u00fcber dem Boden ruhen k\u00f6nnen. Diese k\u00f6nnen bei Bedarf heruntergekurbelt werden, um [&hellip;]<\/p>\n","protected":false},"featured_media":2844400,"comment_status":"open","ping_status":"closed","template":"","meta":[],"product_cat":[4494,4233],"product_tag":[],"acf":[],"gallery_images":[2844394],"_links":{"self":[{"href":"https:\/\/eu.tilta.com\/de\/wp-json\/wp\/v2\/product\/3136789"}],"collection":[{"href":"https:\/\/eu.tilta.com\/de\/wp-json\/wp\/v2\/product"}],"about":[{"href":"https:\/\/eu.tilta.com\/de\/wp-json\/wp\/v2\/types\/product"}],"replies":[{"embeddable":true,"href":"https:\/\/eu.tilta.com\/de\/wp-json\/wp\/v2\/comments?post=3136789"}],"wp:featuredmedia":[{"embeddable":true,"href":"https:\/\/eu.tilta.com\/de\/wp-json\/wp\/v2\/media\/2844400"}],"wp:attachment":[{"href":"https:\/\/eu.tilta.com\/de\/wp-json\/wp\/v2\/media?parent=3136789"}],"wp:term":[{"taxonomy":"product_cat","embeddable":true,"href":"https:\/\/eu.tilta.com\/de\/wp-json\/wp\/v2\/product_cat?post=3136789"},{"taxonomy":"product_tag","embeddable":true,"href":"https:\/\/eu.tilta.com\/de\/wp-json\/wp\/v2\/product_tag?post=3136789"}],"curies":[{"name":"wp","href":"https:\/\/api.w.org\/{rel}","templated":true}]}}