{"id":3136794,"date":"2025-09-11T05:05:48","date_gmt":"2025-09-11T03:05:48","guid":{"rendered":"https:\/\/eu.tilta.com\/shop\/150mm-fluid-head-bowl-mount-fuer-boulder-kamerawagen-schwarz\/"},"modified":"2026-04-15T04:02:49","modified_gmt":"2026-04-15T02:02:49","slug":"150mm-fluid-head-bowl-mount-for-boulder-camera-cart-black","status":"publish","type":"product","link":"https:\/\/eu.tilta.com\/de\/shop\/150mm-fluid-head-bowl-mount-for-boulder-camera-cart-black\/","title":{"rendered":"150mm Fluid Head Bowl Mount f\u00fcr Boulder Kamerawagen &#8211; Schwarz"},"content":{"rendered":"<div class=\"overview-text\">\n<p>Wir stellen den 150mm Fluid Head Ball Mount f\u00fcr Boulder Camera Cart vor<\/p>\n<p>Dieser Fluid Head Ball Mount wird mit einer Klemme am Steadicam Dock f\u00fcr Boulder Camera Cart befestigt.<\/p>\n<p>Damit k\u00f6nnen Sie Ihren 150-mm-Kugelkopf an Ihrem Kamerawagen befestigen.<\/p>\n<p>Dieses Zubeh\u00f6rteil kann in der H\u00f6he verstellt werden und ist schwenkbar, was den Zugang zu den Befestigungspunkten an der Unterseite des Stativkopfes erleichtert.<\/p>\n<\/div>\n","protected":false},"excerpt":{"rendered":"<p>Wir stellen den 150mm Fluid Head Ball Mount f\u00fcr Boulder Camera Cart vor Dieser Fluid Head Ball Mount wird mit einer Klemme am Steadicam Dock f\u00fcr Boulder Camera Cart befestigt. Damit k\u00f6nnen Sie Ihren 150-mm-Kugelkopf an Ihrem Kamerawagen befestigen. Dieses [&hellip;]<\/p>\n","protected":false},"featured_media":2844109,"comment_status":"open","ping_status":"closed","template":"","meta":[],"product_cat":[4233],"product_tag":[],"acf":[],"gallery_images":[2844103],"_links":{"self":[{"href":"https:\/\/eu.tilta.com\/de\/wp-json\/wp\/v2\/product\/3136794"}],"collection":[{"href":"https:\/\/eu.tilta.com\/de\/wp-json\/wp\/v2\/product"}],"about":[{"href":"https:\/\/eu.tilta.com\/de\/wp-json\/wp\/v2\/types\/product"}],"replies":[{"embeddable":true,"href":"https:\/\/eu.tilta.com\/de\/wp-json\/wp\/v2\/comments?post=3136794"}],"wp:featuredmedia":[{"embeddable":true,"href":"https:\/\/eu.tilta.com\/de\/wp-json\/wp\/v2\/media\/2844109"}],"wp:attachment":[{"href":"https:\/\/eu.tilta.com\/de\/wp-json\/wp\/v2\/media?parent=3136794"}],"wp:term":[{"taxonomy":"product_cat","embeddable":true,"href":"https:\/\/eu.tilta.com\/de\/wp-json\/wp\/v2\/product_cat?post=3136794"},{"taxonomy":"product_tag","embeddable":true,"href":"https:\/\/eu.tilta.com\/de\/wp-json\/wp\/v2\/product_tag?post=3136794"}],"curies":[{"name":"wp","href":"https:\/\/api.w.org\/{rel}","templated":true}]}}