{"id":3136795,"date":"2025-09-11T04:51:22","date_gmt":"2025-09-11T02:51:22","guid":{"rendered":"https:\/\/eu.tilta.com\/shop\/1-4-20-befestigungsgurt-fuer-boulder-kamerawagen\/"},"modified":"2026-04-15T04:03:04","modified_gmt":"2026-04-15T02:03:04","slug":"1-4-20-mounting-strap-for-boulder-camera-cart","status":"publish","type":"product","link":"https:\/\/eu.tilta.com\/de\/shop\/1-4-20-mounting-strap-for-boulder-camera-cart\/","title":{"rendered":"1\/4&#8243;-20 Befestigungsgurt f\u00fcr Boulder Kamerawagen"},"content":{"rendered":"<div class=\"overview-text\">\n<p data-start=\"695\" data-end=\"768\">Wir stellen Ihnen den 1\/4&#8243;-20 Befestigungsgurt f\u00fcr den Boulder Kamerawagen vor.<\/p>\n<p data-start=\"770\" data-end=\"1079\">Dieses kompakte und vielseitige Zubeh\u00f6rteil l\u00e4sst sich direkt an jeder 1\/4&#8243;-20-Gewindehalterung des Wagens befestigen und bildet so eine sichere Schlaufe zum Einh\u00e4ngen oder Aufh\u00e4ngen von Ausr\u00fcstung. Ganz gleich, ob Sie Kabel, Werkzeuge, kleine Taschen oder anderes Zubeh\u00f6r befestigen m\u00fcssen, der Gurt bietet einen flexiblen Ankerpunkt genau dort, wo Sie ihn brauchen.<\/p>\n<p data-start=\"1081\" data-end=\"1391\">Der Gurt ist aus strapazierf\u00e4higem, gewebtem Material mit verst\u00e4rkten N\u00e4hten gefertigt, um dem harten Einsatz am Set standzuhalten. Durch sein schlankes Design nimmt er nur wenig Platz in Anspruch, so dass Sie problemlos mehrere Gurte um den Wagen herum anbringen k\u00f6nnen, um ihn maximal zu nutzen.<\/p>\n<\/div>\n","protected":false},"excerpt":{"rendered":"<p>Wir stellen Ihnen den 1\/4&#8243;-20 Befestigungsgurt f\u00fcr den Boulder Kamerawagen vor. Dieses kompakte und vielseitige Zubeh\u00f6rteil l\u00e4sst sich direkt an jeder 1\/4&#8243;-20-Gewindehalterung des Wagens befestigen und bildet so eine sichere Schlaufe zum Einh\u00e4ngen oder Aufh\u00e4ngen von Ausr\u00fcstung. Ganz gleich, ob [&hellip;]<\/p>\n","protected":false},"featured_media":2843948,"comment_status":"open","ping_status":"closed","template":"","meta":[],"product_cat":[4494,4233],"product_tag":[],"acf":[],"gallery_images":[2843964],"_links":{"self":[{"href":"https:\/\/eu.tilta.com\/de\/wp-json\/wp\/v2\/product\/3136795"}],"collection":[{"href":"https:\/\/eu.tilta.com\/de\/wp-json\/wp\/v2\/product"}],"about":[{"href":"https:\/\/eu.tilta.com\/de\/wp-json\/wp\/v2\/types\/product"}],"replies":[{"embeddable":true,"href":"https:\/\/eu.tilta.com\/de\/wp-json\/wp\/v2\/comments?post=3136795"}],"wp:featuredmedia":[{"embeddable":true,"href":"https:\/\/eu.tilta.com\/de\/wp-json\/wp\/v2\/media\/2843948"}],"wp:attachment":[{"href":"https:\/\/eu.tilta.com\/de\/wp-json\/wp\/v2\/media?parent=3136795"}],"wp:term":[{"taxonomy":"product_cat","embeddable":true,"href":"https:\/\/eu.tilta.com\/de\/wp-json\/wp\/v2\/product_cat?post=3136795"},{"taxonomy":"product_tag","embeddable":true,"href":"https:\/\/eu.tilta.com\/de\/wp-json\/wp\/v2\/product_tag?post=3136795"}],"curies":[{"name":"wp","href":"https:\/\/api.w.org\/{rel}","templated":true}]}}