{"id":3136819,"date":"2025-09-11T04:28:56","date_gmt":"2025-09-11T02:28:56","guid":{"rendered":"https:\/\/eu.tilta.com\/shop\/metall-steckbrett-fuer-boulder-kamerawagen-schwarz\/"},"modified":"2026-04-15T04:02:59","modified_gmt":"2026-04-15T02:02:59","slug":"metal-pegboard-for-boulder-camera-cart-black","status":"publish","type":"product","link":"https:\/\/eu.tilta.com\/de\/shop\/metal-pegboard-for-boulder-camera-cart-black\/","title":{"rendered":"Metall-Steckbrett f\u00fcr Boulder Kamerawagen &#8211; Schwarz"},"content":{"rendered":"<div class=\"overview-text\">\n<p data-start=\"744\" data-end=\"1029\">Wir pr\u00e4sentieren die Metall-Steckplatte f\u00fcr den Boulder Kamerawagen &#8211; Schwarz.<br data-start=\"815\" data-end=\"818\">Dieses vielseitige Zubeh\u00f6r wird mit dem Expansion Mounting Bracket Kit direkt an zwei 40-mm-Geschwindigkeitsschienen oder mit dem Desktop Mounting Adapter for Boulder Camera Cart Accessories (40mm) an einem Schreibtisch befestigt.<\/p>\n<p data-start=\"1031\" data-end=\"1275\">Das Pegboard bietet eine anpassbare Oberfl\u00e4che zum Aufh\u00e4ngen von Werkzeugen, Kabeln, Klammern und anderen Ger\u00e4ten mit Standardhaken von 16 mm oder 32 mm. Auf diese Weise k\u00f6nnen Sie wichtige Gegenst\u00e4nde in Reichweite halten und gleichzeitig f\u00fcr einen sauberen und effizienten Arbeitsplatz sorgen.<\/p>\n<p data-start=\"1277\" data-end=\"1488\">Im Gegensatz zu festen Regalen hilft die Stecktafel dabei, den vertikalen Platz zu maximieren, so dass Sie kleinere Werkzeuge und Zubeh\u00f6r abseits der Hauptablagefl\u00e4che unterbringen k\u00f6nnen. Dies reduziert das Durcheinander und verbessert die Effizienz des gesamten Arbeitsablaufs.<\/p>\n<p data-start=\"1490\" data-end=\"1767\">Ob am Set, in der Werkstatt oder im Au\u00dfendienst, die robuste Metallkonstruktion der Stecktafel garantiert eine lange Lebensdauer. Sein modulares Design macht ihn zu einer guten Erg\u00e4nzung f\u00fcr Kameraassistenten, DITs, Mechaniker und alle, die ihre Wagen- oder Desktop-Einrichtung rationalisieren m\u00f6chten.<\/p>\n<\/div>\n","protected":false},"excerpt":{"rendered":"<p>Wir pr\u00e4sentieren die Metall-Steckplatte f\u00fcr den Boulder Kamerawagen &#8211; Schwarz.Dieses vielseitige Zubeh\u00f6r wird mit dem Expansion Mounting Bracket Kit direkt an zwei 40-mm-Geschwindigkeitsschienen oder mit dem Desktop Mounting Adapter for Boulder Camera Cart Accessories (40mm) an einem Schreibtisch befestigt. Das [&hellip;]<\/p>\n","protected":false},"featured_media":2843787,"comment_status":"open","ping_status":"closed","template":"","meta":[],"product_cat":[4494,4233],"product_tag":[],"acf":[],"gallery_images":[2843780],"_links":{"self":[{"href":"https:\/\/eu.tilta.com\/de\/wp-json\/wp\/v2\/product\/3136819"}],"collection":[{"href":"https:\/\/eu.tilta.com\/de\/wp-json\/wp\/v2\/product"}],"about":[{"href":"https:\/\/eu.tilta.com\/de\/wp-json\/wp\/v2\/types\/product"}],"replies":[{"embeddable":true,"href":"https:\/\/eu.tilta.com\/de\/wp-json\/wp\/v2\/comments?post=3136819"}],"wp:featuredmedia":[{"embeddable":true,"href":"https:\/\/eu.tilta.com\/de\/wp-json\/wp\/v2\/media\/2843787"}],"wp:attachment":[{"href":"https:\/\/eu.tilta.com\/de\/wp-json\/wp\/v2\/media?parent=3136819"}],"wp:term":[{"taxonomy":"product_cat","embeddable":true,"href":"https:\/\/eu.tilta.com\/de\/wp-json\/wp\/v2\/product_cat?post=3136819"},{"taxonomy":"product_tag","embeddable":true,"href":"https:\/\/eu.tilta.com\/de\/wp-json\/wp\/v2\/product_tag?post=3136819"}],"curies":[{"name":"wp","href":"https:\/\/api.w.org\/{rel}","templated":true}]}}