{"id":3137001,"date":"2025-08-20T05:05:36","date_gmt":"2025-08-20T03:05:36","guid":{"rendered":"https:\/\/eu.tilta.com\/shop\/fe-x-pac-brillenetui\/"},"modified":"2026-04-15T04:03:07","modified_gmt":"2026-04-15T02:03:07","slug":"fe-x-pac-glasses-carrying-case","status":"publish","type":"product","link":"https:\/\/eu.tilta.com\/de\/shop\/fe-x-pac-glasses-carrying-case\/","title":{"rendered":"Fe X-Pac Brillenetui"},"content":{"rendered":"<div class=\"overview-text\">\n<p><em>Wir stellen vor: Fe X-Pac Brillentasche<\/em><\/p>\n<p>Diese Tragetasche ist eine kompakte und vielseitige L\u00f6sung f\u00fcr alle, die ihre wichtigsten Dinge immer dabei haben m\u00f6chten.<\/p>\n<p>Dieses leichtgewichtige Etui h\u00e4lt Ihre Brille oder Sonnenbrille sicher fest und verf\u00fcgt \u00fcber einen dreieckigen Duraflex-Ring, den Sie ganz einfach an G\u00fcrtel, Taschen oder Materialschlaufen befestigen k\u00f6nnen.<\/p>\n<p>Diese Tragetasche verf\u00fcgt au\u00dferdem \u00fcber eine elegante magnetische Metallschnalle f\u00fcr schnellen und sicheren Zugriff.<\/p>\n<p>X-Pac\u00ae VX21 zeichnet sich durch extrem hohe Strapazierf\u00e4higkeit aus, w\u00e4hrend die Au\u00dfenschicht aus Nylontaft sehr kratz- und abriebfest ist. Sie bieten au\u00dfergew\u00f6hnliche St\u00e4rke und Haltbarkeit bei sehr geringem Gewicht.<\/p>\n<p>Die Fe X-Pac Tragetasche ist eine gro\u00dfartige M\u00f6glichkeit, Ihre wichtigsten Utensilien organisiert, zug\u00e4nglich und gesch\u00fctzt aufzubewahren.<\/p>\n<\/div>\n","protected":false},"excerpt":{"rendered":"<p>Wir stellen vor: Fe X-Pac Brillentasche Diese Tragetasche ist eine kompakte und vielseitige L\u00f6sung f\u00fcr alle, die ihre wichtigsten Dinge immer dabei haben m\u00f6chten. Dieses leichtgewichtige Etui h\u00e4lt Ihre Brille oder Sonnenbrille sicher fest und verf\u00fcgt \u00fcber einen dreieckigen Duraflex-Ring, [&hellip;]<\/p>\n","protected":false},"featured_media":2712811,"comment_status":"open","ping_status":"closed","template":"","meta":[],"product_cat":[4493,1254],"product_tag":[],"acf":[],"gallery_images":[2712821,2712833,2712851,2712901,2712864],"_links":{"self":[{"href":"https:\/\/eu.tilta.com\/de\/wp-json\/wp\/v2\/product\/3137001"}],"collection":[{"href":"https:\/\/eu.tilta.com\/de\/wp-json\/wp\/v2\/product"}],"about":[{"href":"https:\/\/eu.tilta.com\/de\/wp-json\/wp\/v2\/types\/product"}],"replies":[{"embeddable":true,"href":"https:\/\/eu.tilta.com\/de\/wp-json\/wp\/v2\/comments?post=3137001"}],"wp:featuredmedia":[{"embeddable":true,"href":"https:\/\/eu.tilta.com\/de\/wp-json\/wp\/v2\/media\/2712811"}],"wp:attachment":[{"href":"https:\/\/eu.tilta.com\/de\/wp-json\/wp\/v2\/media?parent=3137001"}],"wp:term":[{"taxonomy":"product_cat","embeddable":true,"href":"https:\/\/eu.tilta.com\/de\/wp-json\/wp\/v2\/product_cat?post=3137001"},{"taxonomy":"product_tag","embeddable":true,"href":"https:\/\/eu.tilta.com\/de\/wp-json\/wp\/v2\/product_tag?post=3137001"}],"curies":[{"name":"wp","href":"https:\/\/api.w.org\/{rel}","templated":true}]}}