{"id":3137019,"date":"2025-08-18T04:41:57","date_gmt":"2025-08-18T02:41:57","guid":{"rendered":"https:\/\/eu.tilta.com\/shop\/kamerakaefig-fuer-sony-fx2-pro-kit\/"},"modified":"2025-12-05T14:42:45","modified_gmt":"2025-12-05T13:42:45","slug":"camera-cage-for-sony-fx2-pro-kit","status":"publish","type":"product","link":"https:\/\/eu.tilta.com\/de\/shop\/camera-cage-for-sony-fx2-pro-kit\/","title":{"rendered":"Kamerak\u00e4fig f\u00fcr Sony FX2 Pro Kit"},"content":{"rendered":"<p><em>Wir stellen vor: Das Full Camera Cage Pro Kit f\u00fcr Sony FX2<\/em><\/p>\n<p>Dieser Kamerak\u00e4fig unterst\u00fctzt diverses Zubeh\u00f6r \u00fcber Befestigungspunkte wie 1\/4&#8243;-20 und 3\/8\u2033-16 Gewinde mit verschiedenen Aufnahmepunkten, einen Kaltschuh-Empf\u00e4nger, eine NATO-Schiene und Befestigungspunkte f\u00fcr einen einzelnen Stangenhalter.<\/p>\n<p>Die neue bidirektionale ARCA-Bodenplatte ist perfekt f\u00fcr den schnellen Wechsel zwischen einem Stativ und DJI-Kardanringen. Diese Platte ist jetzt abnehmbar, so dass Sie sie schnell abnehmen und an der Seite des K\u00e4figs anbringen k\u00f6nnen, um problemlos zu einer vertikalen Konfiguration \u00fcberzugehen. Bitte beachten Sie, dass dieser K\u00e4fig den DJI-Standard f\u00fcr ARCA verwendet. Die Kompatibilit\u00e4t mit anderen Standards wird nicht garantiert.<\/p>\n<p>Der K\u00e4fig enth\u00e4lt zwei Kabelklemmen, die sowohl f\u00fcr HDMI- als auch f\u00fcr USB-C-Kabel eine erh\u00f6hte Sicherheit bieten, und zus\u00e4tzlich werkzeuglose Daumenschrauben. Die perfekte Passform dieses K\u00e4figs gew\u00e4hrleistet den Zugang zu allen Anschl\u00fcssen und Funktionen, einschlie\u00dflich des EVF der Kamera, w\u00e4hrend das modulare Design sicherstellt, dass es eine Reihe von Zubeh\u00f6r von Drittanbietern wie den Sony XLR Top Handle unterst\u00fctzen kann.<\/p>\n<p>In diesem Pro Kit ist der ergonomische Xeno Top Handle enthalten, der \u00fcber eine NATO-Schiene montiert wird und durch sein neues Design mit gr\u00f6\u00dferem Spielraum eine verbesserte Handhabung und Bedienung bietet. Dieser Griff verf\u00fcgt \u00fcber eine Vielzahl von Befestigungspunkten wie 1\/4\u2033-20-Gewinde und einen Cold Shoe-Empf\u00e4nger, der sich perfekt f\u00fcr die Montage eines externen Monitors eignet.<\/p>\n<p>Die mitgelieferte 15-mm-Grundplatte erm\u00f6glicht es Ihnen, die mitgelieferten 15-mm-Stangen f\u00fcr die Montage verschiedener Zubeh\u00f6rteile zu verwenden. Das h\u00f6henverstellbare Design bedeutet, dass Benutzer den LWS-Standard von 85 mm zwischen ihren Stangen und der Mitte ihres Sensors beibehalten k\u00f6nnen, um die Kompatibilit\u00e4t mit einer Reihe von verschiedenen Zubeh\u00f6rteilen zu gew\u00e4hrleisten.<\/p>\n<p>Der Abstand von der Mitte des Gest\u00e4nges zum Arca-Empf\u00e4nger reicht von 18 mm bis 38 mm und ist mit den DJI-Standard-Arca-Platten kompatibel. Die Unterseite der Grundplatte ist mit den Tilta Standardschwalbenschw\u00e4nzen kompatibel und verf\u00fcgt au\u00dferdem \u00fcber ein 1\/4\u2033-20-Gewinde zur Befestigung an Stativen und anderen Tr\u00e4gersystemen.<\/p>\n<p>Ebenfalls enthalten ist der Advanced Power Handle, der \u00fcber eine NATO-Schiene mit dem K\u00e4fig verbunden wird und Zubeh\u00f6rteile mit Strom versorgt sowie die Run-Stop-Steuerung \u00fcber das mitgelieferte Kabel unterst\u00fctzt. Die einstellbare Drehung und die zus\u00e4tzliche Handschlaufe bieten au\u00dfergew\u00f6hnlichen Komfort und Flexibilit\u00e4t bei der Bedienung der Sony FX2.<\/p>\n<p><strong>Bitte beachten Sie, dass f\u00fcr den Betrieb dieses Griffs ein Sony NP-F550 Akku erforderlich ist, der nicht im Lieferumfang enthalten ist.  <\/strong><\/p>\n","protected":false},"excerpt":{"rendered":"<p>Wir stellen vor: Das Full Camera Cage Pro Kit f\u00fcr Sony FX2 Dieser Kamerak\u00e4fig unterst\u00fctzt diverses Zubeh\u00f6r \u00fcber Befestigungspunkte wie 1\/4&#8243;-20 und 3\/8\u2033-16 Gewinde mit verschiedenen Aufnahmepunkten, einen Kaltschuh-Empf\u00e4nger, eine NATO-Schiene und Befestigungspunkte f\u00fcr einen einzelnen Stangenhalter. Die neue bidirektionale [&hellip;]<\/p>\n","protected":false},"featured_media":2705294,"comment_status":"open","ping_status":"closed","template":"","meta":[],"product_cat":[4326],"product_tag":[],"acf":[],"gallery_images":[2705310,2705329,2705342,2705286,2705323,2705304],"_links":{"self":[{"href":"https:\/\/eu.tilta.com\/de\/wp-json\/wp\/v2\/product\/3137019"}],"collection":[{"href":"https:\/\/eu.tilta.com\/de\/wp-json\/wp\/v2\/product"}],"about":[{"href":"https:\/\/eu.tilta.com\/de\/wp-json\/wp\/v2\/types\/product"}],"replies":[{"embeddable":true,"href":"https:\/\/eu.tilta.com\/de\/wp-json\/wp\/v2\/comments?post=3137019"}],"wp:featuredmedia":[{"embeddable":true,"href":"https:\/\/eu.tilta.com\/de\/wp-json\/wp\/v2\/media\/2705294"}],"wp:attachment":[{"href":"https:\/\/eu.tilta.com\/de\/wp-json\/wp\/v2\/media?parent=3137019"}],"wp:term":[{"taxonomy":"product_cat","embeddable":true,"href":"https:\/\/eu.tilta.com\/de\/wp-json\/wp\/v2\/product_cat?post=3137019"},{"taxonomy":"product_tag","embeddable":true,"href":"https:\/\/eu.tilta.com\/de\/wp-json\/wp\/v2\/product_tag?post=3137019"}],"curies":[{"name":"wp","href":"https:\/\/api.w.org\/{rel}","templated":true}]}}