{"id":3137030,"date":"2025-09-11T04:19:53","date_gmt":"2025-09-11T02:19:53","guid":{"rendered":"https:\/\/eu.tilta.com\/shop\/desktop-montageadapter-fuer-boulder-kamerawagen-zubehoer-40mm-schwarz\/"},"modified":"2026-04-15T04:03:10","modified_gmt":"2026-04-15T02:03:10","slug":"desktop-mounting-adapter-for-boulder-camera-cart-accessories-40mm-black","status":"publish","type":"product","link":"https:\/\/eu.tilta.com\/de\/shop\/desktop-mounting-adapter-for-boulder-camera-cart-accessories-40mm-black\/","title":{"rendered":"Desktop-Montageadapter f\u00fcr Boulder Kamerawagen-Zubeh\u00f6r (40mm) &#8211; Schwarz"},"content":{"rendered":"<div class=\"overview-text\">\n<p data-start=\"821\" data-end=\"919\">Wir stellen Ihnen den Desktop-Montageadapter f\u00fcr Boulder Kamerawagen-Zubeh\u00f6r (40mm) vor &#8211; Schwarz.<\/p>\n<p data-start=\"921\" data-end=\"1192\">Dieser Adapter bringt das gesamte Boulder-Zubeh\u00f6r auf jeden Schreibtisch oder jede flache Oberfl\u00e4che. Durch sicheres Festklemmen an der Tischplatte wird ein stabiler 40-mm-Montagepunkt geschaffen, der das Metall Pegboard, die Monitorhalterung, die Montagestange und andere Boulder-Zusatzger\u00e4te tr\u00e4gt.<\/p>\n<p data-start=\"1194\" data-end=\"1457\">Das schnelle, werkzeuglose Klemmdesign sorgt f\u00fcr eine m\u00fchelose Einrichtung und erleichtert den \u00dcbergang von Wagen-basierten Rigs zu Desktop-Workstations. Nach der Installation k\u00f6nnen Sie Monitore montieren, Werkzeuge aufh\u00e4ngen oder modulares Zubeh\u00f6r anbringen, ohne dass Sie Platz oder Stabilit\u00e4t einb\u00fc\u00dfen m\u00fcssen.<\/p>\n<p data-start=\"1698\" data-end=\"1857\">Durch die Erweiterung der Vielseitigkeit des Boulder-Systems \u00fcber den Wagen hinaus, verwandelt dieser Adapter jeden Schreibtisch in einen anpassbaren, professionellen Arbeitsplatz.<\/p>\n<p data-start=\"1698\" data-end=\"1857\">Hinweis: Dieses Produkt wird nur mit EINEM Desktop-Montageadapter geliefert.<\/p>\n<\/div>\n","protected":false},"excerpt":{"rendered":"<p>Wir stellen Ihnen den Desktop-Montageadapter f\u00fcr Boulder Kamerawagen-Zubeh\u00f6r (40mm) vor &#8211; Schwarz. Dieser Adapter bringt das gesamte Boulder-Zubeh\u00f6r auf jeden Schreibtisch oder jede flache Oberfl\u00e4che. Durch sicheres Festklemmen an der Tischplatte wird ein stabiler 40-mm-Montagepunkt geschaffen, der das Metall Pegboard, [&hellip;]<\/p>\n","protected":false},"featured_media":2843593,"comment_status":"open","ping_status":"closed","template":"","meta":[],"product_cat":[4494,4233],"product_tag":[],"acf":[],"gallery_images":[2843587],"_links":{"self":[{"href":"https:\/\/eu.tilta.com\/de\/wp-json\/wp\/v2\/product\/3137030"}],"collection":[{"href":"https:\/\/eu.tilta.com\/de\/wp-json\/wp\/v2\/product"}],"about":[{"href":"https:\/\/eu.tilta.com\/de\/wp-json\/wp\/v2\/types\/product"}],"replies":[{"embeddable":true,"href":"https:\/\/eu.tilta.com\/de\/wp-json\/wp\/v2\/comments?post=3137030"}],"wp:featuredmedia":[{"embeddable":true,"href":"https:\/\/eu.tilta.com\/de\/wp-json\/wp\/v2\/media\/2843593"}],"wp:attachment":[{"href":"https:\/\/eu.tilta.com\/de\/wp-json\/wp\/v2\/media?parent=3137030"}],"wp:term":[{"taxonomy":"product_cat","embeddable":true,"href":"https:\/\/eu.tilta.com\/de\/wp-json\/wp\/v2\/product_cat?post=3137030"},{"taxonomy":"product_tag","embeddable":true,"href":"https:\/\/eu.tilta.com\/de\/wp-json\/wp\/v2\/product_tag?post=3137030"}],"curies":[{"name":"wp","href":"https:\/\/api.w.org\/{rel}","templated":true}]}}