{"id":3137033,"date":"2025-11-03T10:58:23","date_gmt":"2025-11-03T09:58:23","guid":{"rendered":"https:\/\/eu.tilta.com\/shop\/saugnapf-45%e2%80%b3-fuer-den-verstellbaren-hydra-stuetzpfosten\/"},"modified":"2025-12-05T14:42:35","modified_gmt":"2025-12-05T13:42:35","slug":"suction-cup-4-5%e2%80%b3-for-hydra-adjustable-support-post","status":"publish","type":"product","link":"https:\/\/eu.tilta.com\/de\/shop\/suction-cup-4-5%e2%80%b3-for-hydra-adjustable-support-post\/","title":{"rendered":"Saugnapf (4,5\u2033) f\u00fcr den verstellbaren Hydra St\u00fctzpfosten"},"content":{"rendered":"<p data-start=\"245\" data-end=\"491\">Der Hydra 4,5\u2033 Saugnapf ist ein optionales Zubeh\u00f6rteil, das speziell f\u00fcr den verstellbaren Hydra-St\u00fctzpfosten entwickelt wurde. Er bietet eine sichere und flexible M\u00f6glichkeit, den Pfosten auf einem Schiebedach, einer Windschutzscheibe oder anderen glatten Oberfl\u00e4chen im Fahrzeug zu befestigen.<\/p>\n<p data-start=\"493\" data-end=\"723\">Dieser Saugfu\u00df bietet eine starke Haftung und verbesserte Stabilit\u00e4t, so dass Sie den Support Post genau dort positionieren k\u00f6nnen, wo er ben\u00f6tigt wird &#8211; ideal f\u00fcr Multikamera-Setups bei Autoreportagen, Live-Streams und Reality-Show-Produktionen.<\/p>\n<p data-start=\"493\" data-end=\"723\">In Verbindung mit dem Hydra Adjustable Support Post erm\u00f6glicht er eine schnelle und stabile Montage an den Glasfl\u00e4chen im Innenraum und macht Ihre Multikamerakonfiguration einfacher, sicherer und an verschiedene Fahrzeugtypen anpassbar.<\/p>\n","protected":false},"excerpt":{"rendered":"<p>Der Hydra 4,5\u2033 Saugnapf ist ein optionales Zubeh\u00f6rteil, das speziell f\u00fcr den verstellbaren Hydra-St\u00fctzpfosten entwickelt wurde. Er bietet eine sichere und flexible M\u00f6glichkeit, den Pfosten auf einem Schiebedach, einer Windschutzscheibe oder anderen glatten Oberfl\u00e4chen im Fahrzeug zu befestigen. Dieser Saugfu\u00df [&hellip;]<\/p>\n","protected":false},"featured_media":3136727,"comment_status":"open","ping_status":"closed","template":"","meta":[],"product_cat":[4332],"product_tag":[],"acf":[],"gallery_images":[3136733,3136739,3136745],"_links":{"self":[{"href":"https:\/\/eu.tilta.com\/de\/wp-json\/wp\/v2\/product\/3137033"}],"collection":[{"href":"https:\/\/eu.tilta.com\/de\/wp-json\/wp\/v2\/product"}],"about":[{"href":"https:\/\/eu.tilta.com\/de\/wp-json\/wp\/v2\/types\/product"}],"replies":[{"embeddable":true,"href":"https:\/\/eu.tilta.com\/de\/wp-json\/wp\/v2\/comments?post=3137033"}],"wp:featuredmedia":[{"embeddable":true,"href":"https:\/\/eu.tilta.com\/de\/wp-json\/wp\/v2\/media\/3136727"}],"wp:attachment":[{"href":"https:\/\/eu.tilta.com\/de\/wp-json\/wp\/v2\/media?parent=3137033"}],"wp:term":[{"taxonomy":"product_cat","embeddable":true,"href":"https:\/\/eu.tilta.com\/de\/wp-json\/wp\/v2\/product_cat?post=3137033"},{"taxonomy":"product_tag","embeddable":true,"href":"https:\/\/eu.tilta.com\/de\/wp-json\/wp\/v2\/product_tag?post=3137033"}],"curies":[{"name":"wp","href":"https:\/\/api.w.org\/{rel}","templated":true}]}}