{"id":3137036,"date":"2025-08-21T08:10:58","date_gmt":"2025-08-21T06:10:58","guid":{"rendered":"https:\/\/eu.tilta.com\/shop\/fe-x-pac-earbud-tragetasche-schwarz-grau\/"},"modified":"2026-04-15T04:03:11","modified_gmt":"2026-04-15T02:03:11","slug":"fe-x-pac-earbud-carrying-case-black-grey","status":"publish","type":"product","link":"https:\/\/eu.tilta.com\/de\/shop\/fe-x-pac-earbud-carrying-case-black-grey\/","title":{"rendered":"Fe X-Pac Earbud Tragetasche &#8211; Schwarz\/Grau"},"content":{"rendered":"<div class=\"overview-text\">\n<p><em>Die neue Fe X-Pac Ohrh\u00f6rer-Transporttasche<\/em><\/p>\n<p>Diese Tragetasche ist eine kompakte und vielseitige L\u00f6sung f\u00fcr alle, die ihre wichtigsten Dinge immer dabei haben m\u00f6chten.<\/p>\n<p>Dieses leichte Etui h\u00e4lt Ihre Brille oder Sonnenbrille sicher fest und verf\u00fcgt \u00fcber einen robusten Druckknopf aus Kunstharz, der f\u00fcr einen sicheren, f\u00fchlbaren Verschluss sorgt.<\/p>\n<p>Jedes Detail des Fe Earbud Case ist sorgf\u00e4ltig durchdacht. Der Elastic S-Hook ist ein vielseitiger Karabinerhaken aus einer Aluminiumlegierung zur sicheren Befestigung an Taschen, G\u00fcrteln oder Ausr\u00fcstung.<\/p>\n<p>X-Pac\u00ae VX21 zeichnet sich durch extrem hohe Strapazierf\u00e4higkeit aus, w\u00e4hrend die Au\u00dfenschicht aus Nylontaft sehr kratz- und abriebfest ist. Sie bieten au\u00dfergew\u00f6hnliche St\u00e4rke und Haltbarkeit bei sehr geringem Gewicht.<\/p>\n<p>Die Fe X-Pac Ohrst\u00f6psel-Tasche ist eine gro\u00dfartige M\u00f6glichkeit, Ihre wichtigsten Utensilien organisiert, zug\u00e4nglich und gesch\u00fctzt aufzubewahren.<\/p>\n<\/div>\n","protected":false},"excerpt":{"rendered":"<p>Die neue Fe X-Pac Ohrh\u00f6rer-Transporttasche Diese Tragetasche ist eine kompakte und vielseitige L\u00f6sung f\u00fcr alle, die ihre wichtigsten Dinge immer dabei haben m\u00f6chten. Dieses leichte Etui h\u00e4lt Ihre Brille oder Sonnenbrille sicher fest und verf\u00fcgt \u00fcber einen robusten Druckknopf aus [&hellip;]<\/p>\n","protected":false},"featured_media":2717847,"comment_status":"open","ping_status":"closed","template":"","meta":[],"product_cat":[4493,1254,884],"product_tag":[],"acf":[],"gallery_images":[2717853,2717859,2717829,2717835,2717841],"_links":{"self":[{"href":"https:\/\/eu.tilta.com\/de\/wp-json\/wp\/v2\/product\/3137036"}],"collection":[{"href":"https:\/\/eu.tilta.com\/de\/wp-json\/wp\/v2\/product"}],"about":[{"href":"https:\/\/eu.tilta.com\/de\/wp-json\/wp\/v2\/types\/product"}],"replies":[{"embeddable":true,"href":"https:\/\/eu.tilta.com\/de\/wp-json\/wp\/v2\/comments?post=3137036"}],"wp:featuredmedia":[{"embeddable":true,"href":"https:\/\/eu.tilta.com\/de\/wp-json\/wp\/v2\/media\/2717847"}],"wp:attachment":[{"href":"https:\/\/eu.tilta.com\/de\/wp-json\/wp\/v2\/media?parent=3137036"}],"wp:term":[{"taxonomy":"product_cat","embeddable":true,"href":"https:\/\/eu.tilta.com\/de\/wp-json\/wp\/v2\/product_cat?post=3137036"},{"taxonomy":"product_tag","embeddable":true,"href":"https:\/\/eu.tilta.com\/de\/wp-json\/wp\/v2\/product_tag?post=3137036"}],"curies":[{"name":"wp","href":"https:\/\/api.w.org\/{rel}","templated":true}]}}