{"id":3137045,"date":"2025-11-03T10:49:43","date_gmt":"2025-11-03T09:49:43","guid":{"rendered":"https:\/\/eu.tilta.com\/shop\/1-4%e2%80%b3-20-mit-arri-positionierungsstift-adapter-fuer-den-verstellbaren-hydra-stuetzpfosten\/"},"modified":"2026-01-25T21:57:08","modified_gmt":"2026-01-25T20:57:08","slug":"1-4%e2%80%b3-20-with-arri-locating-pin-adapter-for-hydra-adjustable-support-post","status":"publish","type":"product","link":"https:\/\/eu.tilta.com\/de\/shop\/1-4%e2%80%b3-20-with-arri-locating-pin-adapter-for-hydra-adjustable-support-post\/","title":{"rendered":"1\/4\u2033-20 mit Arri-Positionierungsstift-Adapter f\u00fcr den verstellbaren Hydra-St\u00fctzpfosten"},"content":{"rendered":"<p data-start=\"242\" data-end=\"470\">Der 1\/4\u2033-20 mit Arri Aufnahmezapfen Adapter f\u00fcr den Hydra Adjustable Support Post bietet eine schnelle und zuverl\u00e4ssige M\u00f6glichkeit, Zubeh\u00f6r wie Gelenkarme, Monitore oder drahtlose Sender direkt am Support Post zu befestigen.<\/p>\n<p data-start=\"472\" data-end=\"658\">Dieser Adapter verf\u00fcgt \u00fcber ein 1\/4\u2033-20 Standardgewinde mit zwei Arri-Passstiften. Er verhindert unerw\u00fcnschtes Verdrehen und sorgt f\u00fcr eine sichere, wiederholbare Montage auch bei mobilen oder fahrzeuginternen Installationen.<\/p>\n<p data-start=\"660\" data-end=\"931\">Die kompakte Klemme ist fest mit dem Hydra Adjustable Support Post verbunden. Sie erweitert die Vielseitigkeit des Rigs und sorgt gleichzeitig f\u00fcr einen sauberen und organisierten Aufbau. Er kann auch als zus\u00e4tzlicher Montagepunkt bei der Konfiguration von Systemen mit mehreren Kameras oder Zubeh\u00f6rteilen dienen.<\/p>\n","protected":false},"excerpt":{"rendered":"<p>Der 1\/4\u2033-20 mit Arri Aufnahmezapfen Adapter f\u00fcr den Hydra Adjustable Support Post bietet eine schnelle und zuverl\u00e4ssige M\u00f6glichkeit, Zubeh\u00f6r wie Gelenkarme, Monitore oder drahtlose Sender direkt am Support Post zu befestigen. Dieser Adapter verf\u00fcgt \u00fcber ein 1\/4\u2033-20 Standardgewinde mit zwei [&hellip;]<\/p>\n","protected":false},"featured_media":3136677,"comment_status":"open","ping_status":"closed","template":"","meta":[],"product_cat":[4332],"product_tag":[],"acf":[],"gallery_images":[3136683,3136671],"_links":{"self":[{"href":"https:\/\/eu.tilta.com\/de\/wp-json\/wp\/v2\/product\/3137045"}],"collection":[{"href":"https:\/\/eu.tilta.com\/de\/wp-json\/wp\/v2\/product"}],"about":[{"href":"https:\/\/eu.tilta.com\/de\/wp-json\/wp\/v2\/types\/product"}],"replies":[{"embeddable":true,"href":"https:\/\/eu.tilta.com\/de\/wp-json\/wp\/v2\/comments?post=3137045"}],"wp:featuredmedia":[{"embeddable":true,"href":"https:\/\/eu.tilta.com\/de\/wp-json\/wp\/v2\/media\/3136677"}],"wp:attachment":[{"href":"https:\/\/eu.tilta.com\/de\/wp-json\/wp\/v2\/media?parent=3137045"}],"wp:term":[{"taxonomy":"product_cat","embeddable":true,"href":"https:\/\/eu.tilta.com\/de\/wp-json\/wp\/v2\/product_cat?post=3137045"},{"taxonomy":"product_tag","embeddable":true,"href":"https:\/\/eu.tilta.com\/de\/wp-json\/wp\/v2\/product_tag?post=3137045"}],"curies":[{"name":"wp","href":"https:\/\/api.w.org\/{rel}","templated":true}]}}