{"id":3137048,"date":"2025-11-03T11:31:55","date_gmt":"2025-11-03T10:31:55","guid":{"rendered":"https:\/\/eu.tilta.com\/shop\/hydra-einstellbarer-stuetzpfosten\/"},"modified":"2026-01-25T21:57:23","modified_gmt":"2026-01-25T20:57:23","slug":"hydra-adjustable-support-post","status":"publish","type":"product","link":"https:\/\/eu.tilta.com\/de\/shop\/hydra-adjustable-support-post\/","title":{"rendered":"Hydra Einstellbarer St\u00fctzpfosten"},"content":{"rendered":"<p>Wir stellen den Hydra Adjustable Support Post vor &#8211; die ultimative Montagel\u00f6sung f\u00fcr professionelle Multi-Kamera-Setups im Fahrzeug.<\/p>\n<p>Dieser f\u00fcr Live-Streaming, Autoreportagen und Reality-Show-Produktionen konzipierte St\u00fctzpfosten erm\u00f6glicht es Filmemachern, mehrere Kameras in einem Fahrzeug zu montieren, um jeden Winkel und jede Reaktion aufzunehmen. Ganz gleich, ob Sie Fahrer und Beifahrer abdecken oder eine 360\u00b0-Innenansicht f\u00fcr dynamische Erz\u00e4hlungen schaffen m\u00f6chten, der verstellbare Hydra-St\u00fctzpfosten bietet un\u00fcbertroffene Flexibilit\u00e4t und zuverl\u00e4ssige Stabilit\u00e4t.<\/p>\n<p>Mit einem integrierten 100W Power-Pass-Through-System mit einem USB-C-Eingang und zwei USB-C-Ausg\u00e4ngen vereinfacht es die Stromverteilung und das Kabelmanagement. Kameras, Monitore und Zubeh\u00f6r k\u00f6nnen direkt \u00fcber den Pfosten mit Strom versorgt werden, wodurch das Durcheinander und die Einrichtungszeit minimiert werden.<\/p>\n<p>Er wurde f\u00fcr professionelle Umgebungen entwickelt, f\u00fcgt sich nahtlos in das Hydra-\u00d6kosystem ein und l\u00e4sst sich perfekt mit Saugn\u00e4pfen, dem Arca Kugelkopf oder anderem Montagezubeh\u00f6r f\u00fcr individuelle Multikamerakonfigurationen kombinieren. Seine kompakte Grundfl\u00e4che erm\u00f6glicht eine effiziente Nutzung des Innenraums, ohne den Komfort oder die Sicherheit der Passagiere zu beeintr\u00e4chtigen.<\/p>\n<p>Der Hydra Adjustable Support Post ist sowohl in einer 50 cm- als auch in einer 100 cm-Version erh\u00e4ltlich und ist die ideale Wahl f\u00fcr mobile Content Creators, Produktionsteams und Car-Rig-Spezialisten, die Flexibilit\u00e4t, Zuverl\u00e4ssigkeit und eine saubere Stromversorgung im Fahrzeug ben\u00f6tigen.<\/p>\n","protected":false},"excerpt":{"rendered":"<p>Wir stellen den Hydra Adjustable Support Post vor &#8211; die ultimative Montagel\u00f6sung f\u00fcr professionelle Multi-Kamera-Setups im Fahrzeug. Dieser f\u00fcr Live-Streaming, Autoreportagen und Reality-Show-Produktionen konzipierte St\u00fctzpfosten erm\u00f6glicht es Filmemachern, mehrere Kameras in einem Fahrzeug zu montieren, um jeden Winkel und jede [&hellip;]<\/p>\n","protected":false},"featured_media":3136962,"comment_status":"open","ping_status":"closed","template":"","meta":[],"product_cat":[4332],"product_tag":[],"acf":[],"gallery_images":[3136835,3136956,3136841,3136992],"_links":{"self":[{"href":"https:\/\/eu.tilta.com\/de\/wp-json\/wp\/v2\/product\/3137048"}],"collection":[{"href":"https:\/\/eu.tilta.com\/de\/wp-json\/wp\/v2\/product"}],"about":[{"href":"https:\/\/eu.tilta.com\/de\/wp-json\/wp\/v2\/types\/product"}],"replies":[{"embeddable":true,"href":"https:\/\/eu.tilta.com\/de\/wp-json\/wp\/v2\/comments?post=3137048"}],"wp:featuredmedia":[{"embeddable":true,"href":"https:\/\/eu.tilta.com\/de\/wp-json\/wp\/v2\/media\/3136962"}],"wp:attachment":[{"href":"https:\/\/eu.tilta.com\/de\/wp-json\/wp\/v2\/media?parent=3137048"}],"wp:term":[{"taxonomy":"product_cat","embeddable":true,"href":"https:\/\/eu.tilta.com\/de\/wp-json\/wp\/v2\/product_cat?post=3137048"},{"taxonomy":"product_tag","embeddable":true,"href":"https:\/\/eu.tilta.com\/de\/wp-json\/wp\/v2\/product_tag?post=3137048"}],"curies":[{"name":"wp","href":"https:\/\/api.w.org\/{rel}","templated":true}]}}