{"id":3137054,"date":"2025-09-11T04:25:09","date_gmt":"2025-09-11T02:25:09","guid":{"rendered":"https:\/\/eu.tilta.com\/shop\/organizer-bin-fuer-boulder-kamerawagen-schwarz\/"},"modified":"2026-04-15T04:03:13","modified_gmt":"2026-04-15T02:03:13","slug":"organizer-bin-for-boulder-camera-cart-black","status":"publish","type":"product","link":"https:\/\/eu.tilta.com\/de\/shop\/organizer-bin-for-boulder-camera-cart-black\/","title":{"rendered":"Organizer Bin f\u00fcr Boulder Kamerawagen &#8211; Schwarz"},"content":{"rendered":"<div class=\"overview-text\">\n<p data-start=\"700\" data-end=\"768\">Wir pr\u00e4sentieren den Organizer Bin f\u00fcr Boulder Kamerawagen &#8211; Schwarz.<\/p>\n<p data-start=\"770\" data-end=\"1092\">Dieser kompakte und praktische Beh\u00e4lter wird direkt an der Seite des Boulder Kamerawagens angebracht und bietet einen speziellen Stauraum f\u00fcr kleine Werkzeuge, Zubeh\u00f6r und andere h\u00e4ufig verwendete Gegenst\u00e4nde. Das Design mit zwei F\u00e4chern macht es einfach, die Ausr\u00fcstung geordnet und getrennt aufzubewahren, um einen schnellen Zugriff w\u00e4hrend gesch\u00e4ftiger Setups zu gew\u00e4hrleisten.<\/p>\n<p data-start=\"1094\" data-end=\"1350\">Der Organizer Bin l\u00e4sst sich nahtlos unter dem Tablett anbringen und sorgt so f\u00fcr ein sauberes und professionelles Erscheinungsbild, w\u00e4hrend er gleichzeitig wertvollen Platz auf der Oberfl\u00e4che freisetzt. Er besteht aus robustem Metall mit verst\u00e4rkten Kanten und ist f\u00fcr den Einsatz in anspruchsvollen Produktionsumgebungen konzipiert.<\/p>\n<\/div>\n","protected":false},"excerpt":{"rendered":"<p>Wir pr\u00e4sentieren den Organizer Bin f\u00fcr Boulder Kamerawagen &#8211; Schwarz. Dieser kompakte und praktische Beh\u00e4lter wird direkt an der Seite des Boulder Kamerawagens angebracht und bietet einen speziellen Stauraum f\u00fcr kleine Werkzeuge, Zubeh\u00f6r und andere h\u00e4ufig verwendete Gegenst\u00e4nde. Das Design [&hellip;]<\/p>\n","protected":false},"featured_media":2843740,"comment_status":"open","ping_status":"closed","template":"","meta":[],"product_cat":[4233],"product_tag":[],"acf":[],"gallery_images":[2843732],"_links":{"self":[{"href":"https:\/\/eu.tilta.com\/de\/wp-json\/wp\/v2\/product\/3137054"}],"collection":[{"href":"https:\/\/eu.tilta.com\/de\/wp-json\/wp\/v2\/product"}],"about":[{"href":"https:\/\/eu.tilta.com\/de\/wp-json\/wp\/v2\/types\/product"}],"replies":[{"embeddable":true,"href":"https:\/\/eu.tilta.com\/de\/wp-json\/wp\/v2\/comments?post=3137054"}],"wp:featuredmedia":[{"embeddable":true,"href":"https:\/\/eu.tilta.com\/de\/wp-json\/wp\/v2\/media\/2843740"}],"wp:attachment":[{"href":"https:\/\/eu.tilta.com\/de\/wp-json\/wp\/v2\/media?parent=3137054"}],"wp:term":[{"taxonomy":"product_cat","embeddable":true,"href":"https:\/\/eu.tilta.com\/de\/wp-json\/wp\/v2\/product_cat?post=3137054"},{"taxonomy":"product_tag","embeddable":true,"href":"https:\/\/eu.tilta.com\/de\/wp-json\/wp\/v2\/product_tag?post=3137054"}],"curies":[{"name":"wp","href":"https:\/\/api.w.org\/{rel}","templated":true}]}}