{"id":3137056,"date":"2025-11-03T10:41:14","date_gmt":"2025-11-03T09:41:14","guid":{"rendered":"https:\/\/eu.tilta.com\/shop\/vintage-kamerakaefig-fuer-sigma-bf-base-kit-v2-silber\/"},"modified":"2025-12-05T14:43:05","modified_gmt":"2025-12-05T13:43:05","slug":"vintage-camera-cage-for-sigma-bf-base-kit-v2-silver","status":"publish","type":"product","link":"https:\/\/eu.tilta.com\/de\/shop\/vintage-camera-cage-for-sigma-bf-base-kit-v2-silver\/","title":{"rendered":"Vintage Kamerak\u00e4fig f\u00fcr Sigma BF Base Kit V2 &#8211; Silber"},"content":{"rendered":"<p><em>Wir stellen den Vintage-Kamerak\u00e4fig f\u00fcr das Sigma BF Base Kit vor<\/em><\/p>\n<p>Die Grundlage dieses Kits ist ein Zubeh\u00f6rteil im L-Bracket-Stil mit einem Handgriff aus Aluminiumlegierung, der sich nahtlos in das Kamerageh\u00e4use einf\u00fcgt und ein nat\u00fcrliches, einheitliches Gef\u00fchl vermittelt.<\/p>\n<p>Dies erm\u00f6glicht eine komfortablere Bedienung und Handhabung der Kamera, w\u00e4hrend sie gleichzeitig kompakt und reisefreundlich bleibt.<\/p>\n<p>Die Bodenplatte kann problemlos den mitgelieferten ARCA Quick Release Adapter aufnehmen.<\/p>\n<p>Dadurch l\u00e4sst sich das System problemlos an Ronin Gimbals der S-Serie oder an leichten Stativen wie unserem <a href=\"https:\/\/eu.tilta.com\/shop\/tilta-vt05-travel-video-fluid-head-with-3-stage-carbon-fiber-tripod-legs-5kg\/\">VT-05 Travel Fluid Head Stativ<\/a> befestigen.<\/p>\n<p>Dieses Ger\u00e4t ist so konzipiert, dass es sicher sitzt, ohne die Strom- oder Funktionstasten zu behindern.<\/p>\n","protected":false},"excerpt":{"rendered":"<p>Wir stellen den Vintage-Kamerak\u00e4fig f\u00fcr das Sigma BF Base Kit vor Die Grundlage dieses Kits ist ein Zubeh\u00f6rteil im L-Bracket-Stil mit einem Handgriff aus Aluminiumlegierung, der sich nahtlos in das Kamerageh\u00e4use einf\u00fcgt und ein nat\u00fcrliches, einheitliches Gef\u00fchl vermittelt. Dies erm\u00f6glicht [&hellip;]<\/p>\n","protected":false},"featured_media":3136504,"comment_status":"open","ping_status":"closed","template":"","meta":[],"product_cat":[4341],"product_tag":[],"acf":[],"gallery_images":[3136508,3136611,3136626,3136642],"_links":{"self":[{"href":"https:\/\/eu.tilta.com\/de\/wp-json\/wp\/v2\/product\/3137056"}],"collection":[{"href":"https:\/\/eu.tilta.com\/de\/wp-json\/wp\/v2\/product"}],"about":[{"href":"https:\/\/eu.tilta.com\/de\/wp-json\/wp\/v2\/types\/product"}],"replies":[{"embeddable":true,"href":"https:\/\/eu.tilta.com\/de\/wp-json\/wp\/v2\/comments?post=3137056"}],"wp:featuredmedia":[{"embeddable":true,"href":"https:\/\/eu.tilta.com\/de\/wp-json\/wp\/v2\/media\/3136504"}],"wp:attachment":[{"href":"https:\/\/eu.tilta.com\/de\/wp-json\/wp\/v2\/media?parent=3137056"}],"wp:term":[{"taxonomy":"product_cat","embeddable":true,"href":"https:\/\/eu.tilta.com\/de\/wp-json\/wp\/v2\/product_cat?post=3137056"},{"taxonomy":"product_tag","embeddable":true,"href":"https:\/\/eu.tilta.com\/de\/wp-json\/wp\/v2\/product_tag?post=3137056"}],"curies":[{"name":"wp","href":"https:\/\/api.w.org\/{rel}","templated":true}]}}