{"id":3137061,"date":"2025-11-03T10:54:45","date_gmt":"2025-11-03T09:54:45","guid":{"rendered":"https:\/\/eu.tilta.com\/shop\/arca-kugelkopf-fuer-hydra-verstellbarer-stuetzpfosten\/"},"modified":"2026-01-25T21:57:08","modified_gmt":"2026-01-25T20:57:08","slug":"arca-ball-head-for-hydra-adjustable-support-post","status":"publish","type":"product","link":"https:\/\/eu.tilta.com\/de\/shop\/arca-ball-head-for-hydra-adjustable-support-post\/","title":{"rendered":"ARCA Kugelkopf f\u00fcr Hydra Verstellbarer St\u00fctzpfosten"},"content":{"rendered":"<p data-start=\"209\" data-end=\"352\">Der ARCA-Kugelkopf f\u00fcr den Hydra Adjustable Support Post erm\u00f6glicht eine schnelle Kameramontage und eine pr\u00e4zise Nivellierung f\u00fcr professionelle Rigs im Fahrzeug.<\/p>\n<p data-start=\"354\" data-end=\"660\">Eine robuste Pfostenklemme wird an der St\u00fctze befestigt, w\u00e4hrend der Kugelkopf \u00fcber eine Rosette mit der Klemme verbunden ist, so dass der Benutzer die Neigung fein einstellen und arretieren kann. Der Kugelmechanismus erm\u00f6glicht eine schnelle Nivellierung in engen R\u00e4umen und der ARCA-Schnellspanner erm\u00f6glicht ein schnelles Anbringen\/Abnehmen bei Aufnahmen mit mehreren Kameras.<\/p>\n<p data-start=\"662\" data-end=\"1009\">Ein integriertes \u00bc\u2033-20-Gewinde mit Fixierpunkt erm\u00f6glicht das Anbringen eines Gelenkarms oder von Zubeh\u00f6r f\u00fcr Monitore, Mikrofone oder drahtlose Ger\u00e4te. Bei schwereren Kameras empfehlen wir, einen zweiten Kontaktpunkt an der Kamera anzubringen, um die Stabilit\u00e4t zu erh\u00f6hen. Die ARCA-Kompatibilit\u00e4t ist nicht f\u00fcr alle Platten von Drittanbietern garantiert; eine ARCA-Platte ist im Lieferumfang enthalten.<\/p>\n","protected":false},"excerpt":{"rendered":"<p>Der ARCA-Kugelkopf f\u00fcr den Hydra Adjustable Support Post erm\u00f6glicht eine schnelle Kameramontage und eine pr\u00e4zise Nivellierung f\u00fcr professionelle Rigs im Fahrzeug. Eine robuste Pfostenklemme wird an der St\u00fctze befestigt, w\u00e4hrend der Kugelkopf \u00fcber eine Rosette mit der Klemme verbunden ist, [&hellip;]<\/p>\n","protected":false},"featured_media":3136708,"comment_status":"open","ping_status":"closed","template":"","meta":[],"product_cat":[4332],"product_tag":[],"acf":[],"gallery_images":[3136690,3136696,3136702,3136714,3136720],"_links":{"self":[{"href":"https:\/\/eu.tilta.com\/de\/wp-json\/wp\/v2\/product\/3137061"}],"collection":[{"href":"https:\/\/eu.tilta.com\/de\/wp-json\/wp\/v2\/product"}],"about":[{"href":"https:\/\/eu.tilta.com\/de\/wp-json\/wp\/v2\/types\/product"}],"replies":[{"embeddable":true,"href":"https:\/\/eu.tilta.com\/de\/wp-json\/wp\/v2\/comments?post=3137061"}],"wp:featuredmedia":[{"embeddable":true,"href":"https:\/\/eu.tilta.com\/de\/wp-json\/wp\/v2\/media\/3136708"}],"wp:attachment":[{"href":"https:\/\/eu.tilta.com\/de\/wp-json\/wp\/v2\/media?parent=3137061"}],"wp:term":[{"taxonomy":"product_cat","embeddable":true,"href":"https:\/\/eu.tilta.com\/de\/wp-json\/wp\/v2\/product_cat?post=3137061"},{"taxonomy":"product_tag","embeddable":true,"href":"https:\/\/eu.tilta.com\/de\/wp-json\/wp\/v2\/product_tag?post=3137061"}],"curies":[{"name":"wp","href":"https:\/\/api.w.org\/{rel}","templated":true}]}}