{"id":3137067,"date":"2025-09-08T08:27:23","date_gmt":"2025-09-08T06:27:23","guid":{"rendered":"https:\/\/eu.tilta.com\/shop\/horizontale-montageplatte-fuer-insta360-x5-kamerakaefig-titanium-grau\/"},"modified":"2025-12-05T14:43:10","modified_gmt":"2025-12-05T13:43:10","slug":"horizontal-mounting-plate-for-insta360-x5-camera-cage-titanium-grey","status":"publish","type":"product","link":"https:\/\/eu.tilta.com\/de\/shop\/horizontal-mounting-plate-for-insta360-x5-camera-cage-titanium-grey\/","title":{"rendered":"Horizontale Montageplatte f\u00fcr Insta360 X5 Kamerak\u00e4fig &#8211; Titanium Grau"},"content":{"rendered":"<p data-start=\"143\" data-end=\"223\">Wir stellen Ihnen die <strong data-start=\"159\" data-end=\"220\">horizontale Montageplatte f\u00fcr den Insta360 X5 Kamerak\u00e4fig<\/strong> vor.<\/p>\n<p data-start=\"225\" data-end=\"444\">Mit diesem Zubeh\u00f6r k\u00f6nnen Sie Ihre Insta360 X5 horizontal montieren und so die Stabilit\u00e4t durch eine Absenkung des Schwerpunkts verbessern. Diese Konfiguration ist besonders vorteilhaft f\u00fcr dynamische Setups, wie z.B. Aufnahmen mit einem Auto.<\/p>\n<p data-start=\"446\" data-end=\"659\">Die Montageplatte ist f\u00fcr eine schnelle Installation ohne Werkzeug ausgelegt &#8211; schrauben Sie sie einfach von Hand auf den Insta360 X5 Cage. Bitte beachten Sie: Dieses Zubeh\u00f6r muss in Kombination mit dem Insta360 X5 Cage verwendet werden.<\/p>\n","protected":false},"excerpt":{"rendered":"<p>Wir stellen Ihnen die horizontale Montageplatte f\u00fcr den Insta360 X5 Kamerak\u00e4fig vor. Mit diesem Zubeh\u00f6r k\u00f6nnen Sie Ihre Insta360 X5 horizontal montieren und so die Stabilit\u00e4t durch eine Absenkung des Schwerpunkts verbessern. Diese Konfiguration ist besonders vorteilhaft f\u00fcr dynamische Setups, [&hellip;]<\/p>\n","protected":false},"featured_media":2825930,"comment_status":"open","ping_status":"closed","template":"","meta":[],"product_cat":[4322],"product_tag":[],"acf":[],"gallery_images":[2825937,2825943,2825951,2825964,2825958],"_links":{"self":[{"href":"https:\/\/eu.tilta.com\/de\/wp-json\/wp\/v2\/product\/3137067"}],"collection":[{"href":"https:\/\/eu.tilta.com\/de\/wp-json\/wp\/v2\/product"}],"about":[{"href":"https:\/\/eu.tilta.com\/de\/wp-json\/wp\/v2\/types\/product"}],"replies":[{"embeddable":true,"href":"https:\/\/eu.tilta.com\/de\/wp-json\/wp\/v2\/comments?post=3137067"}],"wp:featuredmedia":[{"embeddable":true,"href":"https:\/\/eu.tilta.com\/de\/wp-json\/wp\/v2\/media\/2825930"}],"wp:attachment":[{"href":"https:\/\/eu.tilta.com\/de\/wp-json\/wp\/v2\/media?parent=3137067"}],"wp:term":[{"taxonomy":"product_cat","embeddable":true,"href":"https:\/\/eu.tilta.com\/de\/wp-json\/wp\/v2\/product_cat?post=3137067"},{"taxonomy":"product_tag","embeddable":true,"href":"https:\/\/eu.tilta.com\/de\/wp-json\/wp\/v2\/product_tag?post=3137067"}],"curies":[{"name":"wp","href":"https:\/\/api.w.org\/{rel}","templated":true}]}}