{"id":3137072,"date":"2025-08-20T05:09:04","date_gmt":"2025-08-20T03:09:04","guid":{"rendered":"https:\/\/eu.tilta.com\/shop\/fe-ecopak-brillenetui\/"},"modified":"2026-04-15T04:03:23","modified_gmt":"2026-04-15T02:03:23","slug":"fe-ecopak-glasses-carrying-case","status":"publish","type":"product","link":"https:\/\/eu.tilta.com\/de\/shop\/fe-ecopak-glasses-carrying-case\/","title":{"rendered":"Fe Ecopak Brillenetui"},"content":{"rendered":"<div class=\"overview-text\">\n<p><em>Wir stellen die Fe Ecopak Brillentasche vor<\/em><\/p>\n<p>Diese Tragetasche ist eine kompakte und vielseitige L\u00f6sung f\u00fcr alle, die ihre wichtigsten Dinge immer dabei haben m\u00f6chten.<\/p>\n<p>Dieses leichtgewichtige Etui h\u00e4lt Ihre Brille oder Sonnenbrille sicher fest und verf\u00fcgt \u00fcber einen dreieckigen Duraflex-Ring, den Sie ganz einfach an G\u00fcrtel, Taschen oder Materialschlaufen befestigen k\u00f6nnen.<\/p>\n<p>Diese Tragetasche verf\u00fcgt au\u00dferdem \u00fcber eine elegante magnetische Metallschnalle f\u00fcr schnellen und sicheren Zugriff.<\/p>\n<p>Ecopak\u00ae EPX200 besteht aus umweltvertr\u00e4glichem, recyceltem Material, das so konzipiert ist, dass es wiederverwertet werden kann, sowie aus Polyurethan mit hoher UV-Best\u00e4ndigkeit, das nicht leicht altert oder br\u00fcchig wird.<\/p>\n<p>Die Fe Ecopak Tragetasche ist eine gro\u00dfartige M\u00f6glichkeit, Ihre wichtigsten Utensilien organisiert, zug\u00e4nglich und gesch\u00fctzt aufzubewahren.<\/p>\n<\/div>\n","protected":false},"excerpt":{"rendered":"<p>Wir stellen die Fe Ecopak Brillentasche vor Diese Tragetasche ist eine kompakte und vielseitige L\u00f6sung f\u00fcr alle, die ihre wichtigsten Dinge immer dabei haben m\u00f6chten. Dieses leichtgewichtige Etui h\u00e4lt Ihre Brille oder Sonnenbrille sicher fest und verf\u00fcgt \u00fcber einen dreieckigen [&hellip;]<\/p>\n","protected":false},"featured_media":2712971,"comment_status":"open","ping_status":"closed","template":"","meta":[],"product_cat":[4493,1254],"product_tag":[],"acf":[],"gallery_images":[2712981,2712993,2713018,2713012,2713006],"_links":{"self":[{"href":"https:\/\/eu.tilta.com\/de\/wp-json\/wp\/v2\/product\/3137072"}],"collection":[{"href":"https:\/\/eu.tilta.com\/de\/wp-json\/wp\/v2\/product"}],"about":[{"href":"https:\/\/eu.tilta.com\/de\/wp-json\/wp\/v2\/types\/product"}],"replies":[{"embeddable":true,"href":"https:\/\/eu.tilta.com\/de\/wp-json\/wp\/v2\/comments?post=3137072"}],"wp:featuredmedia":[{"embeddable":true,"href":"https:\/\/eu.tilta.com\/de\/wp-json\/wp\/v2\/media\/2712971"}],"wp:attachment":[{"href":"https:\/\/eu.tilta.com\/de\/wp-json\/wp\/v2\/media?parent=3137072"}],"wp:term":[{"taxonomy":"product_cat","embeddable":true,"href":"https:\/\/eu.tilta.com\/de\/wp-json\/wp\/v2\/product_cat?post=3137072"},{"taxonomy":"product_tag","embeddable":true,"href":"https:\/\/eu.tilta.com\/de\/wp-json\/wp\/v2\/product_tag?post=3137072"}],"curies":[{"name":"wp","href":"https:\/\/api.w.org\/{rel}","templated":true}]}}