{"id":3137073,"date":"2025-08-21T05:54:42","date_gmt":"2025-08-21T03:54:42","guid":{"rendered":"https:\/\/eu.tilta.com\/shop\/fe-ecopak-earbud-tragetasche\/"},"modified":"2026-04-15T04:03:23","modified_gmt":"2026-04-15T02:03:23","slug":"fe-ecopak-earbud-carrying-case","status":"publish","type":"product","link":"https:\/\/eu.tilta.com\/de\/shop\/fe-ecopak-earbud-carrying-case\/","title":{"rendered":"Fe Ecopak Earbud Tragetasche"},"content":{"rendered":"<div class=\"overview-text\">\n<p><em>Wir stellen vor: Fe Ecopak Ohrst\u00f6psel-Transporttasche<\/em><\/p>\n<p>Diese Tragetasche ist eine kompakte und vielseitige L\u00f6sung f\u00fcr alle, die ihre wichtigsten Dinge immer dabei haben m\u00f6chten.<\/p>\n<p>Dieses leichte Etui h\u00e4lt Ihre Brille oder Sonnenbrille sicher fest und verf\u00fcgt \u00fcber einen robusten Druckknopf aus Kunstharz, der f\u00fcr einen sicheren, f\u00fchlbaren Verschluss sorgt.<\/p>\n<p>Jedes Detail des Fe Earbud Case ist sorgf\u00e4ltig durchdacht. Der Elastic S-Hook ist ein vielseitiger Karabinerhaken aus einer Aluminiumlegierung zur sicheren Befestigung an Taschen, G\u00fcrteln oder Ausr\u00fcstung.<\/p>\n<p>Ecopak\u00ae EPX200 besteht aus umweltvertr\u00e4glichem, recyceltem Material, das so konzipiert ist, dass es wiederverwertet werden kann, sowie aus Polyurethan mit hoher UV-Best\u00e4ndigkeit, das nicht so leicht altert oder br\u00fcchig wird.<\/p>\n<p>Die Fe Ecopak Ohrst\u00f6psel-Tasche ist eine gro\u00dfartige M\u00f6glichkeit, Ihre wichtigsten Utensilien organisiert, zug\u00e4nglich und gesch\u00fctzt aufzubewahren.<\/p>\n<\/div>\n","protected":false},"excerpt":{"rendered":"<p>Wir stellen vor: Fe Ecopak Ohrst\u00f6psel-Transporttasche Diese Tragetasche ist eine kompakte und vielseitige L\u00f6sung f\u00fcr alle, die ihre wichtigsten Dinge immer dabei haben m\u00f6chten. Dieses leichte Etui h\u00e4lt Ihre Brille oder Sonnenbrille sicher fest und verf\u00fcgt \u00fcber einen robusten Druckknopf [&hellip;]<\/p>\n","protected":false},"featured_media":2717577,"comment_status":"open","ping_status":"closed","template":"","meta":[],"product_cat":[4493,1254],"product_tag":[],"acf":[],"gallery_images":[2717581,2717587],"_links":{"self":[{"href":"https:\/\/eu.tilta.com\/de\/wp-json\/wp\/v2\/product\/3137073"}],"collection":[{"href":"https:\/\/eu.tilta.com\/de\/wp-json\/wp\/v2\/product"}],"about":[{"href":"https:\/\/eu.tilta.com\/de\/wp-json\/wp\/v2\/types\/product"}],"replies":[{"embeddable":true,"href":"https:\/\/eu.tilta.com\/de\/wp-json\/wp\/v2\/comments?post=3137073"}],"wp:featuredmedia":[{"embeddable":true,"href":"https:\/\/eu.tilta.com\/de\/wp-json\/wp\/v2\/media\/2717577"}],"wp:attachment":[{"href":"https:\/\/eu.tilta.com\/de\/wp-json\/wp\/v2\/media?parent=3137073"}],"wp:term":[{"taxonomy":"product_cat","embeddable":true,"href":"https:\/\/eu.tilta.com\/de\/wp-json\/wp\/v2\/product_cat?post=3137073"},{"taxonomy":"product_tag","embeddable":true,"href":"https:\/\/eu.tilta.com\/de\/wp-json\/wp\/v2\/product_tag?post=3137073"}],"curies":[{"name":"wp","href":"https:\/\/api.w.org\/{rel}","templated":true}]}}