{"id":3137100,"date":"2025-11-03T10:45:48","date_gmt":"2025-11-03T09:45:48","guid":{"rendered":"https:\/\/eu.tilta.com\/shop\/verlaengerungsbuegel-fuer-den-verstellbaren-hydra-stuetzpfosten\/"},"modified":"2025-12-05T14:43:35","modified_gmt":"2025-12-05T13:43:35","slug":"extension-bracket-for-hydra-adjustable-support-post","status":"publish","type":"product","link":"https:\/\/eu.tilta.com\/de\/shop\/extension-bracket-for-hydra-adjustable-support-post\/","title":{"rendered":"Verl\u00e4ngerungsb\u00fcgel f\u00fcr den verstellbaren Hydra-St\u00fctzpfosten"},"content":{"rendered":"<p data-start=\"203\" data-end=\"330\">Die Verl\u00e4ngerungshalterung f\u00fcr den verstellbaren Hydra-St\u00fctzpfosten sorgt f\u00fcr zus\u00e4tzliche Reichweite und flexible Positionierung Ihrer Fahrzeugausr\u00fcstung.<\/p>\n<p data-start=\"332\" data-end=\"675\">Diese Halterung wurde f\u00fcr Multikamera- und Live-Stream-Setups entwickelt und erm\u00f6glicht es dem Benutzer, die L\u00e4nge des Support Posts zu verl\u00e4ngern, um ihn besser an verschiedene Fahrzeuginnenr\u00e4ume anzupassen. Dank des Drehgelenks kann die Halterung im Winkel verstellt werden, was die Ausrichtung des Saugnapfes auf unebenen Oberfl\u00e4chen wie schr\u00e4gen Windschutzscheiben oder Schiebed\u00e4chern erleichtert.<\/p>\n<p data-start=\"677\" data-end=\"870\">Mehrere \u00bc\u2033-20-Gewinde mit Fixierpunkten verlaufen entlang des Geh\u00e4uses der Halterung, so dass Sie bei Bedarf weiteres Zubeh\u00f6r montieren oder mehrere Halterungen kombinieren k\u00f6nnen, um eine gr\u00f6\u00dfere Ausdehnung zu erreichen.<\/p>\n<p data-start=\"872\" data-end=\"1081\">In Kombination mit dem einstellbaren Hydra-Halterungspfosten bietet diese Halterung mehr Flexibilit\u00e4t bei der Montage und Feinabstimmung und schafft so ein anpassungsf\u00e4higes und sicheres Kamerasystem f\u00fcr komplexe Fahrzeugaufbauten.<\/p>\n","protected":false},"excerpt":{"rendered":"<p>Die Verl\u00e4ngerungshalterung f\u00fcr den verstellbaren Hydra-St\u00fctzpfosten sorgt f\u00fcr zus\u00e4tzliche Reichweite und flexible Positionierung Ihrer Fahrzeugausr\u00fcstung. Diese Halterung wurde f\u00fcr Multikamera- und Live-Stream-Setups entwickelt und erm\u00f6glicht es dem Benutzer, die L\u00e4nge des Support Posts zu verl\u00e4ngern, um ihn besser an verschiedene [&hellip;]<\/p>\n","protected":false},"featured_media":3136652,"comment_status":"open","ping_status":"closed","template":"","meta":[],"product_cat":[4332],"product_tag":[],"acf":[],"gallery_images":[3136658,3136664],"_links":{"self":[{"href":"https:\/\/eu.tilta.com\/de\/wp-json\/wp\/v2\/product\/3137100"}],"collection":[{"href":"https:\/\/eu.tilta.com\/de\/wp-json\/wp\/v2\/product"}],"about":[{"href":"https:\/\/eu.tilta.com\/de\/wp-json\/wp\/v2\/types\/product"}],"replies":[{"embeddable":true,"href":"https:\/\/eu.tilta.com\/de\/wp-json\/wp\/v2\/comments?post=3137100"}],"wp:featuredmedia":[{"embeddable":true,"href":"https:\/\/eu.tilta.com\/de\/wp-json\/wp\/v2\/media\/3136652"}],"wp:attachment":[{"href":"https:\/\/eu.tilta.com\/de\/wp-json\/wp\/v2\/media?parent=3137100"}],"wp:term":[{"taxonomy":"product_cat","embeddable":true,"href":"https:\/\/eu.tilta.com\/de\/wp-json\/wp\/v2\/product_cat?post=3137100"},{"taxonomy":"product_tag","embeddable":true,"href":"https:\/\/eu.tilta.com\/de\/wp-json\/wp\/v2\/product_tag?post=3137100"}],"curies":[{"name":"wp","href":"https:\/\/api.w.org\/{rel}","templated":true}]}}