{"id":3137810,"date":"2025-11-12T07:18:21","date_gmt":"2025-11-12T06:18:21","guid":{"rendered":"https:\/\/eu.tilta.com\/shop\/tilta-top-handle-extension-v2-schwarz\/"},"modified":"2025-12-05T14:44:05","modified_gmt":"2025-12-05T13:44:05","slug":"tilta-top-handle-extension-v2-black","status":"publish","type":"product","link":"https:\/\/eu.tilta.com\/de\/shop\/tilta-top-handle-extension-v2-black\/","title":{"rendered":"Tilta Top Handle Extension V2 &#8211; Schwarz"},"content":{"rendered":"<p><strong>Wir stellen vor: Top Handle Extension V2  <\/strong><\/p>\n<p>Dieses Verl\u00e4ngerungszubeh\u00f6r ist kompatibel mit dem oberen Handgriff der Fujifilm GFX ETERNA sowie mit allen anderen oberen Handgriffen, die \u00fcber ein 3\/8\u2033-16-Gewinde mit Fixierpunkten verf\u00fcgen.<\/p>\n<p>Damit k\u00f6nnen Sie Ihren Top Handle verl\u00e4ngern, was zus\u00e4tzliche Befestigungspunkte und mehr Flexibilit\u00e4t bei der Handhabung bietet.<\/p>\n<p>Diese Verl\u00e4ngerung verf\u00fcgt \u00fcber einen abnehmbaren Teil, mit dem Sie die L\u00e4nge des Griffs bei Bedarf anpassen k\u00f6nnen, um gr\u00f6\u00dfere oder kleinere Batterien unterzubringen.<\/p>\n<p>Das gebogene Design dieser Griffverl\u00e4ngerung ist eine gro\u00dfartige Option zur Erweiterung der M\u00f6glichkeiten, die Kamera zu bedienen, insbesondere bei niedrigeren Winkeln.<\/p>\n","protected":false},"excerpt":{"rendered":"<p>Wir stellen vor: Top Handle Extension V2 Dieses Verl\u00e4ngerungszubeh\u00f6r ist kompatibel mit dem oberen Handgriff der Fujifilm GFX ETERNA sowie mit allen anderen oberen Handgriffen, die \u00fcber ein 3\/8\u2033-16-Gewinde mit Fixierpunkten verf\u00fcgen. Damit k\u00f6nnen Sie Ihren Top Handle verl\u00e4ngern, was [&hellip;]<\/p>\n","protected":false},"featured_media":3137662,"comment_status":"open","ping_status":"closed","template":"","meta":[],"product_cat":[4370],"product_tag":[],"acf":[],"gallery_images":[3137656],"_links":{"self":[{"href":"https:\/\/eu.tilta.com\/de\/wp-json\/wp\/v2\/product\/3137810"}],"collection":[{"href":"https:\/\/eu.tilta.com\/de\/wp-json\/wp\/v2\/product"}],"about":[{"href":"https:\/\/eu.tilta.com\/de\/wp-json\/wp\/v2\/types\/product"}],"replies":[{"embeddable":true,"href":"https:\/\/eu.tilta.com\/de\/wp-json\/wp\/v2\/comments?post=3137810"}],"wp:featuredmedia":[{"embeddable":true,"href":"https:\/\/eu.tilta.com\/de\/wp-json\/wp\/v2\/media\/3137662"}],"wp:attachment":[{"href":"https:\/\/eu.tilta.com\/de\/wp-json\/wp\/v2\/media?parent=3137810"}],"wp:term":[{"taxonomy":"product_cat","embeddable":true,"href":"https:\/\/eu.tilta.com\/de\/wp-json\/wp\/v2\/product_cat?post=3137810"},{"taxonomy":"product_tag","embeddable":true,"href":"https:\/\/eu.tilta.com\/de\/wp-json\/wp\/v2\/product_tag?post=3137810"}],"curies":[{"name":"wp","href":"https:\/\/api.w.org\/{rel}","templated":true}]}}