{"id":3139224,"date":"2025-11-06T10:53:36","date_gmt":"2025-11-06T09:53:36","guid":{"rendered":"https:\/\/eu.tilta.com\/shop\/khronos-quick-release-magnetische-filterablage-fuer-iphone-17-pro-pro-max\/"},"modified":"2026-03-30T05:49:57","modified_gmt":"2026-03-30T03:49:57","slug":"khronos-quick-release-magnetic-filter-tray-for-iphone-17-pro-pro-max","status":"publish","type":"product","link":"https:\/\/eu.tilta.com\/de\/shop\/khronos-quick-release-magnetic-filter-tray-for-iphone-17-pro-pro-max\/","title":{"rendered":"Khronos Quick Release Magnetische Filterablage f\u00fcr iPhone 17 Pro\/Pro Max"},"content":{"rendered":"<p><em>Der Khronos Quick Release Filter Tray f\u00fcr das iPhone 17 Pro\/Pro Max wird vorgestellt<\/em><\/p>\n<p>Mit diesem Filterhalter k\u00f6nnen Sie Filter wie den Khronos Magnetic FSND Filter, <a href=\"https:\/\/eu.tilta.com\/shop\/khronos-magnetic-white-mist-filter-for-iphone\/\">White Mist Filter<\/a> und <a href=\"https:\/\/eu.tilta.com\/shop\/khronos-magnetic-black-mist-filter-for-iphone\/\">Black Mist Filter<\/a> an Ihrem Khronos iPhone 17 Pro\/Pro Max Case sowie dem Khronos Lite iPhone 17 Pro\/Pro Max Case befestigen.<\/p>\n<p>Das Tablett l\u00e4sst sich in den Schlitz des Koffers einschieben und verriegeln und wird zus\u00e4tzlich durch eine Sicherheitsschnalle gesichert, die einrastet und verhindert, dass das Tablett herausrutscht.<\/p>\n<p>Zum Herausnehmen k\u00f6nnen Sie diese Schnalle dr\u00fccken, um die Verriegelung zu l\u00f6sen und das Fach herauszuschieben.<\/p>\n","protected":false},"excerpt":{"rendered":"<p>Der Khronos Quick Release Filter Tray f\u00fcr das iPhone 17 Pro\/Pro Max wird vorgestellt Mit diesem Filterhalter k\u00f6nnen Sie Filter wie den Khronos Magnetic FSND Filter, White Mist Filter und Black Mist Filter an Ihrem Khronos iPhone 17 Pro\/Pro Max [&hellip;]<\/p>\n","protected":false},"featured_media":3137468,"comment_status":"open","ping_status":"closed","template":"","meta":[],"product_cat":[4496,865],"product_tag":[],"acf":[],"gallery_images":[3137460],"_links":{"self":[{"href":"https:\/\/eu.tilta.com\/de\/wp-json\/wp\/v2\/product\/3139224"}],"collection":[{"href":"https:\/\/eu.tilta.com\/de\/wp-json\/wp\/v2\/product"}],"about":[{"href":"https:\/\/eu.tilta.com\/de\/wp-json\/wp\/v2\/types\/product"}],"replies":[{"embeddable":true,"href":"https:\/\/eu.tilta.com\/de\/wp-json\/wp\/v2\/comments?post=3139224"}],"wp:featuredmedia":[{"embeddable":true,"href":"https:\/\/eu.tilta.com\/de\/wp-json\/wp\/v2\/media\/3137468"}],"wp:attachment":[{"href":"https:\/\/eu.tilta.com\/de\/wp-json\/wp\/v2\/media?parent=3139224"}],"wp:term":[{"taxonomy":"product_cat","embeddable":true,"href":"https:\/\/eu.tilta.com\/de\/wp-json\/wp\/v2\/product_cat?post=3139224"},{"taxonomy":"product_tag","embeddable":true,"href":"https:\/\/eu.tilta.com\/de\/wp-json\/wp\/v2\/product_tag?post=3139224"}],"curies":[{"name":"wp","href":"https:\/\/api.w.org\/{rel}","templated":true}]}}