{"id":3145234,"date":"2026-04-17T12:33:44","date_gmt":"2026-04-17T10:33:44","guid":{"rendered":"https:\/\/eu.tilta.com\/shop\/tragbare-powerbank-fuer-dji-osmo-pocket-4-schwarz\/"},"modified":"2026-04-17T12:33:44","modified_gmt":"2026-04-17T10:33:44","slug":"portable-power-bank-for-dji-osmo-pocket-4-black","status":"publish","type":"product","link":"https:\/\/eu.tilta.com\/de\/shop\/portable-power-bank-for-dji-osmo-pocket-4-black\/","title":{"rendered":"Tragbare Powerbank f\u00fcr DJI Osmo Pocket 4 &#8211; Schwarz"},"content":{"rendered":"<p>Wir stellen Ihnen die Tilta Portable Power Bank f\u00fcr DJI Osmo Pocket 4 vor &#8211; eine 5.000 mAh Power Bank, die als nahtlose Griffverl\u00e4ngerung direkt in das Pocket 4 integriert werden kann und Sie w\u00e4hrend der Aufnahme aufl\u00e4dt, so dass Sie nie f\u00fcr einen Akkuwechsel anhalten m\u00fcssen.<\/p>\n<p>Statt in Ihrer Tasche zu sitzen, wird er direkt an der Unterseite des Pocket 4 befestigt und fungiert als nat\u00fcrliche Griffverl\u00e4ngerung, die die Kamera w\u00e4hrend des Gebrauchs kontinuierlich aufl\u00e4dt. Wenn die Powerbank nicht an die Kamera angeschlossen ist, deckt die mitgelieferte Schutzabdeckung den freiliegenden USB-C-Anschluss an der Oberseite ab und h\u00e4lt ihn b\u00fcndig, sauber und sch\u00fctzt ihn vor Staub und Besch\u00e4digungen.<\/p>\n<p>Das mitgelieferte Mini-Tischstativ l\u00e4sst sich mit einem einzigen Handgriff aufstellen und verwandelt Ihr Pocket 4-Setup in einen stabilen Desktop-Aufnahmemodus &#8211; kompakt genug, um \u00fcberall hin mitgenommen zu werden und auch mit dem Pocket 3 kompatibel.<\/p>\n","protected":false},"excerpt":{"rendered":"<p>Wir stellen Ihnen die Tilta Portable Power Bank f\u00fcr DJI Osmo Pocket 4 vor &#8211; eine 5.000 mAh Power Bank, die als nahtlose Griffverl\u00e4ngerung direkt in das Pocket 4 integriert werden kann und Sie w\u00e4hrend der Aufnahme aufl\u00e4dt, so dass [&hellip;]<\/p>\n","protected":false},"featured_media":3145203,"comment_status":"open","ping_status":"closed","template":"","meta":[],"product_cat":[4511],"product_tag":[],"acf":[],"gallery_images":[3145208,3145213],"_links":{"self":[{"href":"https:\/\/eu.tilta.com\/de\/wp-json\/wp\/v2\/product\/3145234"}],"collection":[{"href":"https:\/\/eu.tilta.com\/de\/wp-json\/wp\/v2\/product"}],"about":[{"href":"https:\/\/eu.tilta.com\/de\/wp-json\/wp\/v2\/types\/product"}],"replies":[{"embeddable":true,"href":"https:\/\/eu.tilta.com\/de\/wp-json\/wp\/v2\/comments?post=3145234"}],"wp:featuredmedia":[{"embeddable":true,"href":"https:\/\/eu.tilta.com\/de\/wp-json\/wp\/v2\/media\/3145203"}],"wp:attachment":[{"href":"https:\/\/eu.tilta.com\/de\/wp-json\/wp\/v2\/media?parent=3145234"}],"wp:term":[{"taxonomy":"product_cat","embeddable":true,"href":"https:\/\/eu.tilta.com\/de\/wp-json\/wp\/v2\/product_cat?post=3145234"},{"taxonomy":"product_tag","embeddable":true,"href":"https:\/\/eu.tilta.com\/de\/wp-json\/wp\/v2\/product_tag?post=3145234"}],"curies":[{"name":"wp","href":"https:\/\/api.w.org\/{rel}","templated":true}]}}