{"id":3145235,"date":"2026-04-17T12:37:41","date_gmt":"2026-04-17T10:37:41","guid":{"rendered":"https:\/\/eu.tilta.com\/shop\/elektronischer-saugnapf-mit-schwalbenschwanzhalterung-45%e2%80%b3\/"},"modified":"2026-04-17T12:37:41","modified_gmt":"2026-04-17T10:37:41","slug":"electronic-suction-cup-with-dovetail-mount-4-5%e2%80%b3","status":"publish","type":"product","link":"https:\/\/eu.tilta.com\/de\/shop\/electronic-suction-cup-with-dovetail-mount-4-5%e2%80%b3\/","title":{"rendered":"Elektronischer Saugnapf mit Schwalbenschwanzhalterung (4,5\u2033)"},"content":{"rendered":"<p>TILTA ist nicht verantwortlich f\u00fcr Sch\u00e4den, Verletzungen oder rechtliche Verpflichtungen, die direkt oder indirekt durch die Verwendung dieses Produkts entstehen. Wenn Sie dieses Produkt verwenden, wird davon ausgegangen, dass Sie alle Bedingungen des Benutzerhandbuchs akzeptiert haben, das Sie <a href=\"https:\/\/cdn.tilta.com\/wp-content\/uploads\/2024\/05\/29091546\/4.5%E5%AF%B8%E7%94%B5%E5%8A%A8%E5%90%B8%E7%9B%98%E2%80%94%E2%80%94%E4%B8%AD%E8%8B%B1%E8%AF%B4%E6%98%8E%E4%B9%A6%EF%BC%88%E5%AE%98%E7%BD%91%E7%89%88%EF%BC%89%E8%BD%AC%E6%9B%B2.pdf\">HIER<\/a> finden<\/p>\n<p>Wir pr\u00e4sentieren den Hydra Elektronik-Saugnapf mit Schwalbenschwanzhalterung.<\/p>\n<p>Diese Saugn\u00e4pfe der n\u00e4chsten Generation verf\u00fcgen \u00fcber eine Luftdruckerkennung, die 1000 Mal pro Sekunde \u00fcberwacht wird, um Statusinformationen zu erkennen und auf einem elektronischen Bildschirm anzuzeigen. Wenn das System einen Druckverlust feststellt, pumpt der Motor automatisch zus\u00e4tzliche Luft ab, um zu verhindern, dass sich die Saugn\u00e4pfe abl\u00f6sen.<\/p>\n<p>Dieser integrierte Hochleistungsmotor wird \u00fcber eine interne Batterie betrieben und vollendet die elektronische Absaugung innerhalb von *5 Sekunden, was die Geschwindigkeit, mit der diese Saugn\u00e4pfe angebracht werden k\u00f6nnen, erheblich erh\u00f6ht.<\/p>\n<p>Dieser 2000mAh-Akku kann unter normalen Bedingungen \u00fcber 14 Stunden ununterbrochen laufen. Der Akku unterst\u00fctzt auch einen externen 5V\/1A USB-C Stromversorgungseingang, der noch l\u00e4ngere ununterbrochene Aufnahmen \u00fcber zus\u00e4tzliche Stromquellen erm\u00f6glicht.<\/p>\n<p>Die mechanische Struktur des Saugnapfes wurde durch eine optimierte Struktur mit einem neuen, unterteilten Design verbessert. Dies vergr\u00f6\u00dfert die Kontaktfl\u00e4che um 20% im Vergleich zu Standardsaugern und sorgt f\u00fcr zus\u00e4tzliche Stabilit\u00e4t und Zuverl\u00e4ssigkeit.<\/p>\n<p>Das modulare Design erm\u00f6glicht die Verwendung verschiedener Montageplatten, so dass diese Saugn\u00e4pfe problemlos mit unterschiedlichen Tr\u00e4gersystemen verwendet werden k\u00f6nnen. Die mitgelieferte Halterung ist mit den Schwalbenschwanzplatten kompatibel, die zum Hydra Alien Pro Autohalterungssystem geh\u00f6ren.<\/p>\n<p>Zu den weiteren optionalen Montageoptionen geh\u00f6ren die Unterst\u00fctzung des M25-Gewindes des Hydra Alien, die NATO sowie eine universelle Multi-Mount-Option, um eine Vielzahl von Szenarien abzudecken.<\/p>\n<p>Bitte beachten Sie: Reinigen Sie vor der Verwendung die vorgesehene Oberfl\u00e4che und stellen Sie sicher, dass der Saugnapf vollst\u00e4ndig an der Oberfl\u00e4che befestigt ist. Eine kleine Menge Feuchtigkeit kann helfen, die Versiegelung zu verbessern und die Saugkraft zu erh\u00f6hen. Wenn Sie den Saugnapf auf einer nassen Oberfl\u00e4che verwenden, wird aus der Abluft-\/Fl\u00fcssigkeitsauslass\u00f6ffnung Fl\u00fcssigkeit austreten, was normal ist.<\/p>\n<p>SICHERHEITSHINWEIS F\u00dcR ELEKTRONISCHE SAUGN\u00c4PFE:<\/p>\n<p>Der elektronische Saugnapf kann, wie andere Saugn\u00e4pfe auch, auf verschiedenen Oberfl\u00e4chen Spuren hinterlassen. Es wird empfohlen, Vorsichtsma\u00dfnahmen zu treffen, wie z.B. die Verwendung von Schutzfolie oder anderen Materialien zum Schutz der verwendeten Oberfl\u00e4che. Die Verwendung dieser Saugn\u00e4pfe in direktem Sonnenlicht oder in hei\u00dferen Umgebungen kann die Wahrscheinlichkeit erh\u00f6hen, dass sie einen Abdruck hinterlassen. Es wird nicht empfohlen, diese Saugn\u00e4pfe bei verpackten Fahrzeugen zu verwenden.<\/p>\n<p>Es wird empfohlen, diesen Saugnapf auf einer flachen Oberfl\u00e4che zu verwenden, wobei das Gewicht des Arms \u00fcber der Mitte des Saugnapfs ausbalanciert werden sollte. Wenn Sie den Arm \u00fcber den Saugnapf hinaus verl\u00e4ngern oder den Saugnapf seitlich anbringen, kann sich das Risiko eines Ausfalls erh\u00f6hen. In diesen Situationen empfehlen wir, zus\u00e4tzliche Vorsichtsma\u00dfnahmen zu treffen, wie z.B. das System mit Ratschengurten oder Sicherheitsketten zu sichern.<\/p>\n<p>Unabh\u00e4ngig von zus\u00e4tzlichen Sicherheitsma\u00dfnahmen empfehlen wir immer, den Saugnapf nach unten zu dr\u00fccken, wenn Sie ihn zum ersten Mal an einer Oberfl\u00e4che anbringen. Der Saugnapf sollte so flach wie m\u00f6glich an der Oberfl\u00e4che anliegen und deutlich flacher aussehen als im nicht befestigten Zustand. Wenn Sie den Saugnapf anbringen, ohne Gewalt anzuwenden, erh\u00f6ht sich das Risiko eines versehentlichen Abrei\u00dfens erheblich.<\/p>\n","protected":false},"excerpt":{"rendered":"<p>TILTA ist nicht verantwortlich f\u00fcr Sch\u00e4den, Verletzungen oder rechtliche Verpflichtungen, die direkt oder indirekt durch die Verwendung dieses Produkts entstehen. Wenn Sie dieses Produkt verwenden, wird davon ausgegangen, dass Sie alle Bedingungen des Benutzerhandbuchs akzeptiert haben, das Sie HIER finden [&hellip;]<\/p>\n","protected":false},"featured_media":3145218,"comment_status":"open","ping_status":"closed","template":"","meta":[],"product_cat":[1138],"product_tag":[],"acf":[],"gallery_images":[3145228,3145223],"_links":{"self":[{"href":"https:\/\/eu.tilta.com\/de\/wp-json\/wp\/v2\/product\/3145235"}],"collection":[{"href":"https:\/\/eu.tilta.com\/de\/wp-json\/wp\/v2\/product"}],"about":[{"href":"https:\/\/eu.tilta.com\/de\/wp-json\/wp\/v2\/types\/product"}],"replies":[{"embeddable":true,"href":"https:\/\/eu.tilta.com\/de\/wp-json\/wp\/v2\/comments?post=3145235"}],"wp:featuredmedia":[{"embeddable":true,"href":"https:\/\/eu.tilta.com\/de\/wp-json\/wp\/v2\/media\/3145218"}],"wp:attachment":[{"href":"https:\/\/eu.tilta.com\/de\/wp-json\/wp\/v2\/media?parent=3145235"}],"wp:term":[{"taxonomy":"product_cat","embeddable":true,"href":"https:\/\/eu.tilta.com\/de\/wp-json\/wp\/v2\/product_cat?post=3145235"},{"taxonomy":"product_tag","embeddable":true,"href":"https:\/\/eu.tilta.com\/de\/wp-json\/wp\/v2\/product_tag?post=3145235"}],"curies":[{"name":"wp","href":"https:\/\/api.w.org\/{rel}","templated":true}]}}