{"id":3145245,"date":"2026-04-17T12:20:38","date_gmt":"2026-04-17T10:20:38","guid":{"rendered":"https:\/\/eu.tilta.com\/shop\/tilta-reiseschutzhuelle-fuer-dji-osmo-pocket-4\/"},"modified":"2026-04-17T12:20:38","modified_gmt":"2026-04-17T10:20:38","slug":"tilta-protective-travel-case-for-dji-osmo-pocket-4","status":"publish","type":"product","link":"https:\/\/eu.tilta.com\/de\/shop\/tilta-protective-travel-case-for-dji-osmo-pocket-4\/","title":{"rendered":"Tilta Reiseschutzh\u00fclle f\u00fcr DJI Osmo Pocket 4"},"content":{"rendered":"<p>Wir stellen die Tilta Reiseschutzh\u00fclle f\u00fcr DJI Osmo Pocket 4 vor &#8211; eine ma\u00dfgeschneiderte Reiseschutzh\u00fclle aus Silikon, die Ihre Kamera bei jedem Ausflug sch\u00fctzt.<\/p>\n<p>Die robuste Silikonh\u00fclle und die weiche, beflockte Innenseite sch\u00fctzen Ihr Pocket 4 vor St\u00f6\u00dfen, Kratzern und t\u00e4glicher Beanspruchung und lassen es sicher in der Hand liegen.<\/p>\n<p>Die nahtlose Schnappverschluss-Struktur l\u00e4sst sich problemlos \u00f6ffnen und schlie\u00dfen, so dass Sie jederzeit schnell darauf zugreifen k\u00f6nnen, wenn Sie es brauchen.<\/p>\n<p>Drei integrierte magnetische Filterf\u00e4cher sorgen daf\u00fcr, dass Ihre Filter geordnet und jederzeit einsatzbereit sind, so dass Sie Ihr wichtigstes Zubeh\u00f6r immer bei sich haben.<\/p>\n<p>Die matte Oberfl\u00e4che sorgt f\u00fcr ein sauberes \u00c4u\u00dferes und verhindert Fingerabdr\u00fccke und \u00d6lflecken.<\/p>\n<p>Die Mehrpunktbefestigung ist kompatibel mit Schultergurten, Lanyards und Handgelenksriemen, so dass Sie es auf Ihre Weise tragen k\u00f6nnen &#8211; sturzsicher und immer in Reichweite.<\/p>\n<p>Erh\u00e4ltlich in Lime Green, Light Pink und Sky Blue.<\/p>\n","protected":false},"excerpt":{"rendered":"<p>Wir stellen die Tilta Reiseschutzh\u00fclle f\u00fcr DJI Osmo Pocket 4 vor &#8211; eine ma\u00dfgeschneiderte Reiseschutzh\u00fclle aus Silikon, die Ihre Kamera bei jedem Ausflug sch\u00fctzt. Die robuste Silikonh\u00fclle und die weiche, beflockte Innenseite sch\u00fctzen Ihr Pocket 4 vor St\u00f6\u00dfen, Kratzern und [&hellip;]<\/p>\n","protected":false},"featured_media":3145173,"comment_status":"open","ping_status":"closed","template":"","meta":[],"product_cat":[4511],"product_tag":[],"acf":[],"gallery_images":[3145168,3145163,3145158],"_links":{"self":[{"href":"https:\/\/eu.tilta.com\/de\/wp-json\/wp\/v2\/product\/3145245"}],"collection":[{"href":"https:\/\/eu.tilta.com\/de\/wp-json\/wp\/v2\/product"}],"about":[{"href":"https:\/\/eu.tilta.com\/de\/wp-json\/wp\/v2\/types\/product"}],"replies":[{"embeddable":true,"href":"https:\/\/eu.tilta.com\/de\/wp-json\/wp\/v2\/comments?post=3145245"}],"wp:featuredmedia":[{"embeddable":true,"href":"https:\/\/eu.tilta.com\/de\/wp-json\/wp\/v2\/media\/3145173"}],"wp:attachment":[{"href":"https:\/\/eu.tilta.com\/de\/wp-json\/wp\/v2\/media?parent=3145245"}],"wp:term":[{"taxonomy":"product_cat","embeddable":true,"href":"https:\/\/eu.tilta.com\/de\/wp-json\/wp\/v2\/product_cat?post=3145245"},{"taxonomy":"product_tag","embeddable":true,"href":"https:\/\/eu.tilta.com\/de\/wp-json\/wp\/v2\/product_tag?post=3145245"}],"curies":[{"name":"wp","href":"https:\/\/api.w.org\/{rel}","templated":true}]}}