{"id":3145258,"date":"2026-04-17T12:07:33","date_gmt":"2026-04-17T10:07:33","guid":{"rendered":"https:\/\/eu.tilta.com\/shop\/tilta-filter-storage-expander-fuer-dji-osmo-pocket-3-4-schwarz\/"},"modified":"2026-04-17T12:07:33","modified_gmt":"2026-04-17T10:07:33","slug":"tilta-filter-storage-expander-for-dji-osmo-pocket-3-4-black","status":"publish","type":"product","link":"https:\/\/eu.tilta.com\/de\/shop\/tilta-filter-storage-expander-for-dji-osmo-pocket-3-4-black\/","title":{"rendered":"Tilta Filter Storage Expander f\u00fcr DJI Osmo Pocket 3\/4 &#8211; Schwarz"},"content":{"rendered":"<p>Wir stellen Ihnen den Tilta Filter Storage Expander f\u00fcr DJI Osmo Pocket 3\/4 vor &#8211; ein multifunktionales Zubeh\u00f6r, das direkt an Ihrem Pocket 3 oder Pocket 4 angebracht wird und die Art und Weise ver\u00e4ndert, wie Sie Ihre Filter unterwegs tragen, aufbewahren und austauschen.<\/p>\n<p>Der Filter Storage Expander fasst bis zu drei Filter gleichzeitig und h\u00e4lt sie direkt an der Kamera und jederzeit einsatzbereit. Ein Drehmechanismus erm\u00f6glicht es Ihnen, den gew\u00fcnschten Filter sofort auszuw\u00e4hlen, und die magnetische R\u00fcckplatte sorgt daf\u00fcr, dass jeder Filter sicher sitzt und mit einem einzigen Handgriff entfernt werden kann, damit Sie ihn schnell und m\u00fchelos austauschen k\u00f6nnen.<\/p>\n<p>Die versteckten Stativbeine lassen sich mit einem einzigen Handgriff ausklappen und verwandeln Ihre Pocket 3\/4 in ein stabiles Desktop-Aufnahmesystem. Wenn Sie ihn nicht benutzen, lassen sich die Beine b\u00fcndig einklappen und sind nicht im Weg. Ein integrierter Schlitz f\u00fcr die Handschlaufe erm\u00f6glicht das Anbringen einer Handschlaufe f\u00fcr zus\u00e4tzliche Sicherheit bei handgef\u00fchrten Aufnahmen.<\/p>\n","protected":false},"excerpt":{"rendered":"<p>Wir stellen Ihnen den Tilta Filter Storage Expander f\u00fcr DJI Osmo Pocket 3\/4 vor &#8211; ein multifunktionales Zubeh\u00f6r, das direkt an Ihrem Pocket 3 oder Pocket 4 angebracht wird und die Art und Weise ver\u00e4ndert, wie Sie Ihre Filter unterwegs [&hellip;]<\/p>\n","protected":false},"featured_media":3145098,"comment_status":"open","ping_status":"closed","template":"","meta":[],"product_cat":[1453,4511],"product_tag":[],"acf":[],"gallery_images":[3145103,3145108,3145113,3145118,3145123,3145133,3145128],"_links":{"self":[{"href":"https:\/\/eu.tilta.com\/de\/wp-json\/wp\/v2\/product\/3145258"}],"collection":[{"href":"https:\/\/eu.tilta.com\/de\/wp-json\/wp\/v2\/product"}],"about":[{"href":"https:\/\/eu.tilta.com\/de\/wp-json\/wp\/v2\/types\/product"}],"replies":[{"embeddable":true,"href":"https:\/\/eu.tilta.com\/de\/wp-json\/wp\/v2\/comments?post=3145258"}],"wp:featuredmedia":[{"embeddable":true,"href":"https:\/\/eu.tilta.com\/de\/wp-json\/wp\/v2\/media\/3145098"}],"wp:attachment":[{"href":"https:\/\/eu.tilta.com\/de\/wp-json\/wp\/v2\/media?parent=3145258"}],"wp:term":[{"taxonomy":"product_cat","embeddable":true,"href":"https:\/\/eu.tilta.com\/de\/wp-json\/wp\/v2\/product_cat?post=3145258"},{"taxonomy":"product_tag","embeddable":true,"href":"https:\/\/eu.tilta.com\/de\/wp-json\/wp\/v2\/product_tag?post=3145258"}],"curies":[{"name":"wp","href":"https:\/\/api.w.org\/{rel}","templated":true}]}}