{"id":3145261,"date":"2026-04-17T12:02:56","date_gmt":"2026-04-17T10:02:56","guid":{"rendered":"https:\/\/eu.tilta.com\/shop\/tilta-erweiterungszubehoer-fuer-dji-osmo-pocket-3-4-filter-kit\/"},"modified":"2026-04-17T12:02:56","modified_gmt":"2026-04-17T10:02:56","slug":"tilta-expansion-accessories-for-dji-osmo-pocket-3-4-filter-kit","status":"publish","type":"product","link":"https:\/\/eu.tilta.com\/de\/shop\/tilta-expansion-accessories-for-dji-osmo-pocket-3-4-filter-kit\/","title":{"rendered":"Tilta Erweiterungszubeh\u00f6r f\u00fcr DJI Osmo Pocket 3\/4 Filter Kit"},"content":{"rendered":"<p>Wir stellen Ihnen das Tilta Expansion Accessories Filter Kit f\u00fcr DJI Osmo Pocket 4 vor &#8211; ein \u00fcbersichtliches Set von Werkzeugen, die Ihnen sofortige kreative Kontrolle \u00fcber Ihr Bild geben, direkt auf der Kamera.<\/p>\n<p>Das Tilta Base Filter Kit f\u00fcr DJI Osmo Pocket 3\/4 enth\u00e4lt die drei wichtigsten Filter f\u00fcr jede Aufnahme. Der variable ND-Filter (1-5 Blendenstufen) erm\u00f6glicht Ihnen eine flexible Belichtungssteuerung in einem breiten Spektrum von Lichtverh\u00e4ltnissen, so dass Sie filmische Bewegungsunsch\u00e4rfe erhalten, ohne dass Ihre Glanzlichter verblasst sind. Der Black Mist 1\/4 Filter reduziert den Kontrast und verleiht den Lichtern ein subtiles, traumhaftes Gl\u00fchen f\u00fcr einen ausgefeilten, kinoreifen Look. Der Zirkularpolarisator reduziert Blendeffekte, minimiert unerw\u00fcnschte Reflexionen und sorgt f\u00fcr sattere, ges\u00e4ttigte Farben. Alle drei Filter verf\u00fcgen \u00fcber eine magnetische Schnappverbindung f\u00fcr m\u00fcheloses Anbringen und ein geriffeltes Schnellspannsystem f\u00fcr schnelles Auswechseln und Entfernen. Die ultraschlanke Konstruktion sorgt daf\u00fcr, dass das Einfahren des Objektivs oder die Kalibrierung des Gimbals nicht beeintr\u00e4chtigt wird, und das hochwertige optische Glas, das gegen Wasser, \u00d6l und Kratzer beschichtet ist, sorgt daf\u00fcr, dass Ihre Bilder scharf und naturgetreu bleiben.<\/p>\n<p>Der Tilta Filter Storage Expander f\u00fcr DJI Osmo Pocket 3\/4 h\u00e4lt Ihre Filter genau dort, wo Sie sie brauchen &#8211; auf der Kamera. Er wird direkt an der Pocket befestigt und kann bis zu drei Filter gleichzeitig aufnehmen. Ein Drehmechanismus erm\u00f6glicht es Ihnen, den richtigen Filter zu w\u00e4hlen, ohne dass Sie nach einer Tasche greifen m\u00fcssen. Wenn Sie zum Wechseln bereit sind, k\u00f6nnen Sie dies dank der magnetischen R\u00fcckplatte im Handumdrehen erledigen. Die versteckten Stativbeine lassen sich mit einem einzigen Fingertipp ausklappen und verwandeln das Setup in einen stabilen Desktop-Aufnahmemodus, wann immer Sie ihn ben\u00f6tigen.<\/p>\n","protected":false},"excerpt":{"rendered":"<p>Wir stellen Ihnen das Tilta Expansion Accessories Filter Kit f\u00fcr DJI Osmo Pocket 4 vor &#8211; ein \u00fcbersichtliches Set von Werkzeugen, die Ihnen sofortige kreative Kontrolle \u00fcber Ihr Bild geben, direkt auf der Kamera. Das Tilta Base Filter Kit f\u00fcr [&hellip;]<\/p>\n","protected":false},"featured_media":3145091,"comment_status":"open","ping_status":"closed","template":"","meta":[],"product_cat":[1453,4511],"product_tag":[],"acf":[],"gallery_images":[3145086],"_links":{"self":[{"href":"https:\/\/eu.tilta.com\/de\/wp-json\/wp\/v2\/product\/3145261"}],"collection":[{"href":"https:\/\/eu.tilta.com\/de\/wp-json\/wp\/v2\/product"}],"about":[{"href":"https:\/\/eu.tilta.com\/de\/wp-json\/wp\/v2\/types\/product"}],"replies":[{"embeddable":true,"href":"https:\/\/eu.tilta.com\/de\/wp-json\/wp\/v2\/comments?post=3145261"}],"wp:featuredmedia":[{"embeddable":true,"href":"https:\/\/eu.tilta.com\/de\/wp-json\/wp\/v2\/media\/3145091"}],"wp:attachment":[{"href":"https:\/\/eu.tilta.com\/de\/wp-json\/wp\/v2\/media?parent=3145261"}],"wp:term":[{"taxonomy":"product_cat","embeddable":true,"href":"https:\/\/eu.tilta.com\/de\/wp-json\/wp\/v2\/product_cat?post=3145261"},{"taxonomy":"product_tag","embeddable":true,"href":"https:\/\/eu.tilta.com\/de\/wp-json\/wp\/v2\/product_tag?post=3145261"}],"curies":[{"name":"wp","href":"https:\/\/api.w.org\/{rel}","templated":true}]}}