{"id":3145265,"date":"2026-04-17T11:42:22","date_gmt":"2026-04-17T09:42:22","guid":{"rendered":"https:\/\/eu.tilta.com\/shop\/tilta-reiseschutzhuelle-mit-schultergurt-fuer-dji-osmo-pocket-4\/"},"modified":"2026-04-17T11:42:22","modified_gmt":"2026-04-17T09:42:22","slug":"tilta-protective-travel-case-with-shoulder-strap-kit-for-dji-osmo-pocket-4","status":"publish","type":"product","link":"https:\/\/eu.tilta.com\/de\/shop\/tilta-protective-travel-case-with-shoulder-strap-kit-for-dji-osmo-pocket-4\/","title":{"rendered":"Tilta Reiseschutzh\u00fclle mit Schultergurt f\u00fcr DJI Osmo Pocket 4"},"content":{"rendered":"<p>Wir pr\u00e4sentieren die Tilta Reiseschutzh\u00fclle mit Schultergurt f\u00fcr den DJI Osmo Pocket 4 &#8211; eine ma\u00dfgeschneiderte Reiseschutzh\u00fclle aus Silikon mit einem passenden verstellbaren Schultergurt, die f\u00fcr Kreative entwickelt wurde, die st\u00e4ndig unterwegs sind.<\/p>\n<p>Mit einer strapazierf\u00e4higen Silikonh\u00fclle und einer weichen, beflockten Innenseite sch\u00fctzt es Ihr Pocket 4 vor St\u00f6\u00dfen, Kratzern und t\u00e4glichem Verschlei\u00df. Die nahtlos einrastende Struktur l\u00e4sst sich problemlos \u00f6ffnen und schlie\u00dfen, so dass Sie bei Bedarf schnell und einfach darauf zugreifen k\u00f6nnen.<\/p>\n<p>Drei integrierte magnetische Filterf\u00e4cher sorgen daf\u00fcr, dass Ihre Filter geordnet und jederzeit einsatzbereit sind. Die matte Oberfl\u00e4che verhindert Fingerabdr\u00fccke und \u00d6lflecken, so dass die Tasche bei jedem Einsatz sauber aussieht.<\/p>\n<p>Der mitgelieferte, passende Schultergurt l\u00e4sst sich sicher an der Tasche befestigen und zwischen 120 cm und 160 cm verstellen. So k\u00f6nnen Sie die Tasche sowohl \u00fcber die Schulter als auch quer tragen und haben die H\u00e4nde frei und Ihr Pocket 4 immer in Reichweite.<\/p>\n<p>Erh\u00e4ltlich in Lime Green, Light Pink und Sky Blue.<\/p>\n","protected":false},"excerpt":{"rendered":"<p>Wir pr\u00e4sentieren die Tilta Reiseschutzh\u00fclle mit Schultergurt f\u00fcr den DJI Osmo Pocket 4 &#8211; eine ma\u00dfgeschneiderte Reiseschutzh\u00fclle aus Silikon mit einem passenden verstellbaren Schultergurt, die f\u00fcr Kreative entwickelt wurde, die st\u00e4ndig unterwegs sind. Mit einer strapazierf\u00e4higen Silikonh\u00fclle und einer weichen, [&hellip;]<\/p>\n","protected":false},"featured_media":3144988,"comment_status":"open","ping_status":"closed","template":"","meta":[],"product_cat":[4511],"product_tag":[],"acf":[],"gallery_images":[],"_links":{"self":[{"href":"https:\/\/eu.tilta.com\/de\/wp-json\/wp\/v2\/product\/3145265"}],"collection":[{"href":"https:\/\/eu.tilta.com\/de\/wp-json\/wp\/v2\/product"}],"about":[{"href":"https:\/\/eu.tilta.com\/de\/wp-json\/wp\/v2\/types\/product"}],"replies":[{"embeddable":true,"href":"https:\/\/eu.tilta.com\/de\/wp-json\/wp\/v2\/comments?post=3145265"}],"wp:featuredmedia":[{"embeddable":true,"href":"https:\/\/eu.tilta.com\/de\/wp-json\/wp\/v2\/media\/3144988"}],"wp:attachment":[{"href":"https:\/\/eu.tilta.com\/de\/wp-json\/wp\/v2\/media?parent=3145265"}],"wp:term":[{"taxonomy":"product_cat","embeddable":true,"href":"https:\/\/eu.tilta.com\/de\/wp-json\/wp\/v2\/product_cat?post=3145265"},{"taxonomy":"product_tag","embeddable":true,"href":"https:\/\/eu.tilta.com\/de\/wp-json\/wp\/v2\/product_tag?post=3145265"}],"curies":[{"name":"wp","href":"https:\/\/api.w.org\/{rel}","templated":true}]}}