{"id":3145273,"date":"2026-04-17T11:42:16","date_gmt":"2026-04-17T09:42:16","guid":{"rendered":"https:\/\/eu.tilta.com\/shop\/tilta-erweiterungszubehoer-fuer-dji-osmo-pocket-4-travel-kit\/"},"modified":"2026-04-17T11:42:16","modified_gmt":"2026-04-17T09:42:16","slug":"tilta-expansion-accessories-for-dji-osmo-pocket-4-travel-kit","status":"publish","type":"product","link":"https:\/\/eu.tilta.com\/de\/shop\/tilta-expansion-accessories-for-dji-osmo-pocket-4-travel-kit\/","title":{"rendered":"Tilta Erweiterungszubeh\u00f6r f\u00fcr DJI Osmo Pocket 4 Travel Kit"},"content":{"rendered":"<p>Wir stellen Ihnen das Tilta Expansion Accessories Travel Kit f\u00fcr DJI Osmo Pocket 4 vor. Es wurde f\u00fcr Kreative entwickelt, die immer unterwegs sind und niemals Kompromisse bei Schutz oder Einsatzbereitschaft eingehen wollen.<\/p>\n<p>Die Tilta Reiseschutztasche mit Schultergurt f\u00fcr DJI Osmo Pocket 4 (TA-T96-PTK-SB) wurde speziell f\u00fcr die Unterbringung und den Schutz Ihres Pocket 4 entwickelt. Sie besteht aus einer robusten PC-Schale und einem weichen Innenfutter mit Silikonpolsterung und sch\u00fctzt Ihre Kamera vor St\u00f6\u00dfen, St\u00fcrzen und t\u00e4glichem Gebrauch. In drei magnetischen Innenf\u00e4chern k\u00f6nnen Sie Ihre Filter direkt in der Tasche aufbewahren, so dass sie immer in Reichweite sind. Der mitgelieferte verstellbare Schultergurt bietet flexible Tragem\u00f6glichkeiten &#8211; verk\u00fcrzen Sie ihn, um ihn bequem \u00fcber der Schulter zu tragen, oder verl\u00e4ngern Sie ihn, um ihn quer \u00fcber die Schulter zu tragen, damit Sie die H\u00e4nde frei haben und Ihre Kamera bereit ist.<\/p>\n<p>Die Portable Power Bank f\u00fcr DJI Osmo Pocket 4 (TA-T96-PPB-B) wird direkt am Pocket 4 als nahtlos integrierter Handgriff befestigt und liefert 5.000 mAh zum Aufladen, w\u00e4hrend Sie drehen. Sie m\u00fcssen nicht mehr anhalten, um die Batterien auszutauschen &#8211; fahren Sie einfach weiter durch lange Reisetage, ausgedehnte Sitzungen und alles, was dazwischen liegt.<\/p>\n<p>Das Tilta Quick Release Mini-Tischstativ (TA-QRMT-B) l\u00e4sst sich mit einem einzigen Handgriff aufstellen und verwandelt Ihr Pocket 4 sofort von einer Handkamera in ein stabiles Tischstativ. Kein Fummeln, keine komplizierte Einrichtung &#8211; einfach dr\u00fccken und loslegen. Kompakt genug, um \u00fcberallhin mitgenommen zu werden, und au\u00dferdem kompatibel mit dem Pocket 3.<\/p>\n<p>In der Universellen Tragetasche f\u00fcr Action-Kameras (TA-ACCC-B) bleibt alles organisiert. Mehrere durchsichtige Innenf\u00e4cher sorgen daf\u00fcr, dass Ihre Kamera, Ihre Powerbank, Ihr Stativ und Ihr Zubeh\u00f6r immer sichtbar und auf einen Blick zug\u00e4nglich sind. Hochdichtes, wasserabweisendes Au\u00dfenmaterial und ein versiegelter, wasserabweisender Rei\u00dfverschluss sorgen f\u00fcr den Schutz Ihrer Ausr\u00fcstung im Einsatz.<\/p>\n","protected":false},"excerpt":{"rendered":"<p>Wir stellen Ihnen das Tilta Expansion Accessories Travel Kit f\u00fcr DJI Osmo Pocket 4 vor. Es wurde f\u00fcr Kreative entwickelt, die immer unterwegs sind und niemals Kompromisse bei Schutz oder Einsatzbereitschaft eingehen wollen. Die Tilta Reiseschutztasche mit Schultergurt f\u00fcr DJI [&hellip;]<\/p>\n","protected":false},"featured_media":3145062,"comment_status":"open","ping_status":"closed","template":"","meta":[],"product_cat":[4511],"product_tag":[],"acf":[],"gallery_images":[],"_links":{"self":[{"href":"https:\/\/eu.tilta.com\/de\/wp-json\/wp\/v2\/product\/3145273"}],"collection":[{"href":"https:\/\/eu.tilta.com\/de\/wp-json\/wp\/v2\/product"}],"about":[{"href":"https:\/\/eu.tilta.com\/de\/wp-json\/wp\/v2\/types\/product"}],"replies":[{"embeddable":true,"href":"https:\/\/eu.tilta.com\/de\/wp-json\/wp\/v2\/comments?post=3145273"}],"wp:featuredmedia":[{"embeddable":true,"href":"https:\/\/eu.tilta.com\/de\/wp-json\/wp\/v2\/media\/3145062"}],"wp:attachment":[{"href":"https:\/\/eu.tilta.com\/de\/wp-json\/wp\/v2\/media?parent=3145273"}],"wp:term":[{"taxonomy":"product_cat","embeddable":true,"href":"https:\/\/eu.tilta.com\/de\/wp-json\/wp\/v2\/product_cat?post=3145273"},{"taxonomy":"product_tag","embeddable":true,"href":"https:\/\/eu.tilta.com\/de\/wp-json\/wp\/v2\/product_tag?post=3145273"}],"curies":[{"name":"wp","href":"https:\/\/api.w.org\/{rel}","templated":true}]}}