{"id":3145285,"date":"2026-04-17T11:34:32","date_gmt":"2026-04-17T09:34:32","guid":{"rendered":"https:\/\/eu.tilta.com\/shop\/tilta-erweiterungszubehoer-fuer-dji-osmo-pocket-4-lightweight-kit\/"},"modified":"2026-04-17T11:34:32","modified_gmt":"2026-04-17T09:34:32","slug":"tilta-expansion-accessories-for-dji-osmo-pocket-4-lightweight-kit","status":"publish","type":"product","link":"https:\/\/eu.tilta.com\/de\/shop\/tilta-expansion-accessories-for-dji-osmo-pocket-4-lightweight-kit\/","title":{"rendered":"Tilta Erweiterungszubeh\u00f6r f\u00fcr DJI Osmo Pocket 4 Lightweight Kit"},"content":{"rendered":"<p>Wir stellen Ihnen das Tilta Expansion Accessories Lightweight Kit f\u00fcr DJI Osmo Pocket 4 vor &#8211; ein schlankes, elegantes Alltags-Kit f\u00fcr Kreative, die ihre Kamera sch\u00fctzen und jederzeit einsatzbereit haben m\u00f6chten.<br \/>\nDie Tilta Silikon-Schutzh\u00fclle f\u00fcr DJI Osmo Pocket 4 umh\u00fcllt Ihre Kamera von allen Seiten mit weichem Silikon, mit separaten Abdeckungen f\u00fcr das Geh\u00e4use und den Gimbal-Kopf. Das vollfl\u00e4chige Design sch\u00fctzt Ihr Pocket 4 vor Kratzern, Schrammen und allt\u00e4glicher Abnutzung, ohne es zu \u00fcberladen. Ein Wellenmuster auf den Griffschalen bietet eine rutschfeste Oberfl\u00e4che f\u00fcr einen sicheren, komfortablen Halt.<\/p>\n<p>Die H\u00fclle ist so konzipiert, dass sie den frei drehbaren Bildschirm des Pocket 4 nicht beeintr\u00e4chtigt, so dass Sie in jeder Ausrichtung fotografieren k\u00f6nnen, ohne die H\u00fclle abnehmen zu m\u00fcssen. Erh\u00e4ltlich in drei Farben &#8211; Lilac Purple, Celadon White und Sand Beige &#8211; mit flexibler Kombinierbarkeit zwischen dem Geh\u00e4use und den Kardankopfabdeckungen, damit Sie es in Ihren Alltagsstil integrieren k\u00f6nnen.<\/p>\n<p>Das Tilta Quick Release Mini-Tischstativ l\u00e4sst sich mit einem einzigen Handgriff aufstellen und verwandelt Ihr Pocket 4 sofort von einer Handkamera in ein stabiles Tischstativ. Kein Fummeln, keine komplizierte Einrichtung &#8211; einfach dr\u00fccken und loslegen. Kompakt genug, um \u00fcberallhin mitgenommen zu werden, und au\u00dferdem kompatibel mit dem Pocket 3.<\/p>\n<p>Die Displayschutzfolie f\u00fcr DJI Osmo Pocket 4 sch\u00fctzt Ihr Display vor allt\u00e4glichen Kratzern mit einer AR-Beschichtung, die Blendeffekte reduziert und so f\u00fcr eine klarere Sicht bei allen Lichtverh\u00e4ltnissen sorgt.<\/p>\n","protected":false},"excerpt":{"rendered":"<p>Wir stellen Ihnen das Tilta Expansion Accessories Lightweight Kit f\u00fcr DJI Osmo Pocket 4 vor &#8211; ein schlankes, elegantes Alltags-Kit f\u00fcr Kreative, die ihre Kamera sch\u00fctzen und jederzeit einsatzbereit haben m\u00f6chten. Die Tilta Silikon-Schutzh\u00fclle f\u00fcr DJI Osmo Pocket 4 umh\u00fcllt [&hellip;]<\/p>\n","protected":false},"featured_media":3145033,"comment_status":"open","ping_status":"closed","template":"","meta":[],"product_cat":[4511],"product_tag":[],"acf":[],"gallery_images":[3145043,3145038,3145048,3145053],"_links":{"self":[{"href":"https:\/\/eu.tilta.com\/de\/wp-json\/wp\/v2\/product\/3145285"}],"collection":[{"href":"https:\/\/eu.tilta.com\/de\/wp-json\/wp\/v2\/product"}],"about":[{"href":"https:\/\/eu.tilta.com\/de\/wp-json\/wp\/v2\/types\/product"}],"replies":[{"embeddable":true,"href":"https:\/\/eu.tilta.com\/de\/wp-json\/wp\/v2\/comments?post=3145285"}],"wp:featuredmedia":[{"embeddable":true,"href":"https:\/\/eu.tilta.com\/de\/wp-json\/wp\/v2\/media\/3145033"}],"wp:attachment":[{"href":"https:\/\/eu.tilta.com\/de\/wp-json\/wp\/v2\/media?parent=3145285"}],"wp:term":[{"taxonomy":"product_cat","embeddable":true,"href":"https:\/\/eu.tilta.com\/de\/wp-json\/wp\/v2\/product_cat?post=3145285"},{"taxonomy":"product_tag","embeddable":true,"href":"https:\/\/eu.tilta.com\/de\/wp-json\/wp\/v2\/product_tag?post=3145285"}],"curies":[{"name":"wp","href":"https:\/\/api.w.org\/{rel}","templated":true}]}}