{"id":3145299,"date":"2026-04-17T11:09:53","date_gmt":"2026-04-17T09:09:53","guid":{"rendered":"https:\/\/eu.tilta.com\/shop\/schultergurt-fuer-dji-osmo-pocket-4-schutztasche-fuer-unterwegs\/"},"modified":"2026-04-17T11:09:53","modified_gmt":"2026-04-17T09:09:53","slug":"shoulder-strap-for-dji-osmo-pocket-4-protective-travel-case","status":"publish","type":"product","link":"https:\/\/eu.tilta.com\/de\/shop\/shoulder-strap-for-dji-osmo-pocket-4-protective-travel-case\/","title":{"rendered":"Schultergurt f\u00fcr DJI Osmo Pocket 4 Schutztasche f\u00fcr unterwegs"},"content":{"rendered":"<p>Der Tilta Schultergurt f\u00fcr die DJI Osmo Pocket 4 Schutztasche wird direkt an der Schutztasche befestigt, so dass Sie Ihre Kamera bequem \u00fcber der Schulter oder am K\u00f6rper tragen k\u00f6nnen. Einstellbar zwischen 120cm und 160cm f\u00fcr jeden Tragestil.<\/p>\n","protected":false},"excerpt":{"rendered":"<p>Der Tilta Schultergurt f\u00fcr die DJI Osmo Pocket 4 Schutztasche wird direkt an der Schutztasche befestigt, so dass Sie Ihre Kamera bequem \u00fcber der Schulter oder am K\u00f6rper tragen k\u00f6nnen. Einstellbar zwischen 120cm und 160cm f\u00fcr jeden Tragestil.<\/p>\n","protected":false},"featured_media":3144904,"comment_status":"open","ping_status":"closed","template":"","meta":[],"product_cat":[4511],"product_tag":[],"acf":[],"gallery_images":[],"_links":{"self":[{"href":"https:\/\/eu.tilta.com\/de\/wp-json\/wp\/v2\/product\/3145299"}],"collection":[{"href":"https:\/\/eu.tilta.com\/de\/wp-json\/wp\/v2\/product"}],"about":[{"href":"https:\/\/eu.tilta.com\/de\/wp-json\/wp\/v2\/types\/product"}],"replies":[{"embeddable":true,"href":"https:\/\/eu.tilta.com\/de\/wp-json\/wp\/v2\/comments?post=3145299"}],"wp:featuredmedia":[{"embeddable":true,"href":"https:\/\/eu.tilta.com\/de\/wp-json\/wp\/v2\/media\/3144904"}],"wp:attachment":[{"href":"https:\/\/eu.tilta.com\/de\/wp-json\/wp\/v2\/media?parent=3145299"}],"wp:term":[{"taxonomy":"product_cat","embeddable":true,"href":"https:\/\/eu.tilta.com\/de\/wp-json\/wp\/v2\/product_cat?post=3145299"},{"taxonomy":"product_tag","embeddable":true,"href":"https:\/\/eu.tilta.com\/de\/wp-json\/wp\/v2\/product_tag?post=3145299"}],"curies":[{"name":"wp","href":"https:\/\/api.w.org\/{rel}","templated":true}]}}