{"id":3145307,"date":"2026-04-17T10:58:33","date_gmt":"2026-04-17T08:58:33","guid":{"rendered":"https:\/\/eu.tilta.com\/shop\/displayschutzfolie-fuer-dji-osmo-pocket-4\/"},"modified":"2026-04-17T10:58:33","modified_gmt":"2026-04-17T08:58:33","slug":"screen-protector-for-dji-osmo-pocket-4","status":"publish","type":"product","link":"https:\/\/eu.tilta.com\/de\/shop\/screen-protector-for-dji-osmo-pocket-4\/","title":{"rendered":"Displayschutzfolie f\u00fcr DJI Osmo Pocket 4"},"content":{"rendered":"<p>Die Tilta Displayschutzfolie f\u00fcr DJI Osmo Pocket 4 wurde speziell f\u00fcr das Display des Pocket 4 entwickelt und sch\u00fctzt es vor Kratzern und t\u00e4glicher Abnutzung. Eine AR-Beschichtung reduziert Blendeffekte f\u00fcr eine klarere Sicht bei allen Lichtverh\u00e4ltnissen.<\/p>\n","protected":false},"excerpt":{"rendered":"<p>Die Tilta Displayschutzfolie f\u00fcr DJI Osmo Pocket 4 wurde speziell f\u00fcr das Display des Pocket 4 entwickelt und sch\u00fctzt es vor Kratzern und t\u00e4glicher Abnutzung. Eine AR-Beschichtung reduziert Blendeffekte f\u00fcr eine klarere Sicht bei allen Lichtverh\u00e4ltnissen.<\/p>\n","protected":false},"featured_media":3144881,"comment_status":"open","ping_status":"closed","template":"","meta":[],"product_cat":[4511],"product_tag":[],"acf":[],"gallery_images":[],"_links":{"self":[{"href":"https:\/\/eu.tilta.com\/de\/wp-json\/wp\/v2\/product\/3145307"}],"collection":[{"href":"https:\/\/eu.tilta.com\/de\/wp-json\/wp\/v2\/product"}],"about":[{"href":"https:\/\/eu.tilta.com\/de\/wp-json\/wp\/v2\/types\/product"}],"replies":[{"embeddable":true,"href":"https:\/\/eu.tilta.com\/de\/wp-json\/wp\/v2\/comments?post=3145307"}],"wp:featuredmedia":[{"embeddable":true,"href":"https:\/\/eu.tilta.com\/de\/wp-json\/wp\/v2\/media\/3144881"}],"wp:attachment":[{"href":"https:\/\/eu.tilta.com\/de\/wp-json\/wp\/v2\/media?parent=3145307"}],"wp:term":[{"taxonomy":"product_cat","embeddable":true,"href":"https:\/\/eu.tilta.com\/de\/wp-json\/wp\/v2\/product_cat?post=3145307"},{"taxonomy":"product_tag","embeddable":true,"href":"https:\/\/eu.tilta.com\/de\/wp-json\/wp\/v2\/product_tag?post=3145307"}],"curies":[{"name":"wp","href":"https:\/\/api.w.org\/{rel}","templated":true}]}}