{"id":3145308,"date":"2026-04-17T11:26:49","date_gmt":"2026-04-17T09:26:49","guid":{"rendered":"https:\/\/eu.tilta.com\/shop\/tilta-silikon-schutzhuelle-fuer-dji-osmo-pocket-4-power-kit\/"},"modified":"2026-04-17T11:26:49","modified_gmt":"2026-04-17T09:26:49","slug":"tilta-silicone-protective-cover-for-dji-osmo-pocket-4-power-kit","status":"publish","type":"product","link":"https:\/\/eu.tilta.com\/de\/shop\/tilta-silicone-protective-cover-for-dji-osmo-pocket-4-power-kit\/","title":{"rendered":"Tilta Silikon-Schutzh\u00fclle f\u00fcr DJI Osmo Pocket 4 Power Kit"},"content":{"rendered":"<p>Wir stellen Ihnen das Tilta Silicone Protective Cover Power Kit f\u00fcr DJI Osmo Pocket 4 vor &#8211; ein komplettes f\u00fcnfteiliges Silikonabdeckungsset, das jedes Teil Ihres Pocket 4 Setups sch\u00fctzt, vom Gimbal-Kopf und dem drehbaren Bildschirm bis hin zum Geh\u00e4use, dem Verl\u00e4ngerungsgriff und dem Batteriegriff. Jedes Teil ist passgenau gefertigt, damit Ihre Kamera immer gut aussieht und gesch\u00fctzt ist, egal wie oft Sie fotografieren.<br \/>\nDieses Kit baut auf dem Basis-Kit auf, indem es die Silikonabdeckung f\u00fcr den Batteriegriff hinzuf\u00fcgt und damit die vollst\u00e4ndige Silikonabdeckung f\u00fcr alle Komponenten Ihres Pocket 4-Systems vervollst\u00e4ndigt. Alle f\u00fcnf Teile &#8211; Gimbal, Geh\u00e4use, Bildschirm, Verl\u00e4ngerungsgriff und Batteriegriff &#8211; sind pr\u00e4zise an ihre jeweiligen Teile angepasst, so dass alle Tasten und Bedienelemente ohne Beeintr\u00e4chtigung zug\u00e4nglich sind. Das Wellenmuster auf den Griffschalen des Geh\u00e4uses, dem Verl\u00e4ngerungsgriff und den Abdeckungen des Batteriegriffs sorgt jederzeit f\u00fcr einen sicheren, komfortablen und rutschfesten Halt. Die kardanische Abdeckung sch\u00fctzt den Kopf und erm\u00f6glicht gleichzeitig die freie Drehung des Bildschirms. Erh\u00e4ltlich in den Farben Lilac Purple, Celadon White und Sand Beige, die Sie flexibel kombinieren k\u00f6nnen, um Ihr Pocket 4 ganz nach Ihren W\u00fcnschen zu gestalten.<\/p>\n","protected":false},"excerpt":{"rendered":"<p>Wir stellen Ihnen das Tilta Silicone Protective Cover Power Kit f\u00fcr DJI Osmo Pocket 4 vor &#8211; ein komplettes f\u00fcnfteiliges Silikonabdeckungsset, das jedes Teil Ihres Pocket 4 Setups sch\u00fctzt, vom Gimbal-Kopf und dem drehbaren Bildschirm bis hin zum Geh\u00e4use, dem [&hellip;]<\/p>\n","protected":false},"featured_media":3144927,"comment_status":"open","ping_status":"closed","template":"","meta":[],"product_cat":[4511],"product_tag":[],"acf":[],"gallery_images":[3144932,3144937,3144942],"_links":{"self":[{"href":"https:\/\/eu.tilta.com\/de\/wp-json\/wp\/v2\/product\/3145308"}],"collection":[{"href":"https:\/\/eu.tilta.com\/de\/wp-json\/wp\/v2\/product"}],"about":[{"href":"https:\/\/eu.tilta.com\/de\/wp-json\/wp\/v2\/types\/product"}],"replies":[{"embeddable":true,"href":"https:\/\/eu.tilta.com\/de\/wp-json\/wp\/v2\/comments?post=3145308"}],"wp:featuredmedia":[{"embeddable":true,"href":"https:\/\/eu.tilta.com\/de\/wp-json\/wp\/v2\/media\/3144927"}],"wp:attachment":[{"href":"https:\/\/eu.tilta.com\/de\/wp-json\/wp\/v2\/media?parent=3145308"}],"wp:term":[{"taxonomy":"product_cat","embeddable":true,"href":"https:\/\/eu.tilta.com\/de\/wp-json\/wp\/v2\/product_cat?post=3145308"},{"taxonomy":"product_tag","embeddable":true,"href":"https:\/\/eu.tilta.com\/de\/wp-json\/wp\/v2\/product_tag?post=3145308"}],"curies":[{"name":"wp","href":"https:\/\/api.w.org\/{rel}","templated":true}]}}