{"id":3145320,"date":"2026-04-17T10:56:33","date_gmt":"2026-04-17T08:56:33","guid":{"rendered":"https:\/\/eu.tilta.com\/shop\/tilta-silikon-schutzhuelle-fuer-dji-osmo-pocket-4-base-kit\/"},"modified":"2026-04-17T10:56:33","modified_gmt":"2026-04-17T08:56:33","slug":"tilta-silicone-protective-cover-for-dji-osmo-pocket-4-base-kit","status":"publish","type":"product","link":"https:\/\/eu.tilta.com\/de\/shop\/tilta-silicone-protective-cover-for-dji-osmo-pocket-4-base-kit\/","title":{"rendered":"Tilta Silikon-Schutzh\u00fclle f\u00fcr DJI Osmo Pocket 4 Base Kit"},"content":{"rendered":"<p>Wir stellen Ihnen das Tilta Silicone Protective Cover Base Kit f\u00fcr den DJI Osmo Pocket 4 vor &#8211; ein komplettes vierteiliges Silikonabdeckungsset, das speziell f\u00fcr den Schutz und die individuelle Gestaltung jedes Teils Ihres Pocket 4 entwickelt wurde.<br \/>\nDas Kit enth\u00e4lt einzelne Silikonabdeckungen f\u00fcr den Gimbal-Kopf, das Geh\u00e4use, den Bildschirm und den Verl\u00e4ngerungsgriff. Damit ist jede Oberfl\u00e4che Ihres Pocket 4 vor Kratzern, Schrammen und allt\u00e4glicher Abnutzung gesch\u00fctzt. Jedes Teil ist pr\u00e4zise an den jeweiligen Teil der Kamera angepasst, so dass alle Tasten und Bedienelemente ohne Beeintr\u00e4chtigung zug\u00e4nglich bleiben. Das Geh\u00e4use und die Griffschalen sind mit einem Wellenmuster auf den Griffschalen versehen, das f\u00fcr einen rutschfesten, sicheren und komfortablen Halt beim Schie\u00dfen sorgt. Die kardanische Abdeckung sch\u00fctzt den Kopf und l\u00e4sst den Bildschirm trotzdem frei rotieren &#8211; keine St\u00f6rung, Sie k\u00f6nnen jederzeit frei drehen. Erh\u00e4ltlich in den Farben Lilac Purple, Celadon White und Sand Beige, die Sie flexibel kombinieren k\u00f6nnen, so dass Sie Ihr Pocket 4 an Ihren Stil anpassen k\u00f6nnen.<\/p>\n","protected":false},"excerpt":{"rendered":"<p>Wir stellen Ihnen das Tilta Silicone Protective Cover Base Kit f\u00fcr den DJI Osmo Pocket 4 vor &#8211; ein komplettes vierteiliges Silikonabdeckungsset, das speziell f\u00fcr den Schutz und die individuelle Gestaltung jedes Teils Ihres Pocket 4 entwickelt wurde. Das Kit [&hellip;]<\/p>\n","protected":false},"featured_media":3144820,"comment_status":"open","ping_status":"closed","template":"","meta":[],"product_cat":[4511],"product_tag":[],"acf":[],"gallery_images":[3144825,3144830,3144835],"_links":{"self":[{"href":"https:\/\/eu.tilta.com\/de\/wp-json\/wp\/v2\/product\/3145320"}],"collection":[{"href":"https:\/\/eu.tilta.com\/de\/wp-json\/wp\/v2\/product"}],"about":[{"href":"https:\/\/eu.tilta.com\/de\/wp-json\/wp\/v2\/types\/product"}],"replies":[{"embeddable":true,"href":"https:\/\/eu.tilta.com\/de\/wp-json\/wp\/v2\/comments?post=3145320"}],"wp:featuredmedia":[{"embeddable":true,"href":"https:\/\/eu.tilta.com\/de\/wp-json\/wp\/v2\/media\/3144820"}],"wp:attachment":[{"href":"https:\/\/eu.tilta.com\/de\/wp-json\/wp\/v2\/media?parent=3145320"}],"wp:term":[{"taxonomy":"product_cat","embeddable":true,"href":"https:\/\/eu.tilta.com\/de\/wp-json\/wp\/v2\/product_cat?post=3145320"},{"taxonomy":"product_tag","embeddable":true,"href":"https:\/\/eu.tilta.com\/de\/wp-json\/wp\/v2\/product_tag?post=3145320"}],"curies":[{"name":"wp","href":"https:\/\/api.w.org\/{rel}","templated":true}]}}