{"id":3145332,"date":"2026-04-17T11:02:26","date_gmt":"2026-04-17T09:02:26","guid":{"rendered":"https:\/\/eu.tilta.com\/shop\/tilta-handgelenkgurt-fuer-dji-osmo-pocket-3-4-schwarz\/"},"modified":"2026-04-17T11:02:26","modified_gmt":"2026-04-17T09:02:26","slug":"tilta-wrist-strap-for-dji-osmo-pocket-3-4-black","status":"publish","type":"product","link":"https:\/\/eu.tilta.com\/de\/shop\/tilta-wrist-strap-for-dji-osmo-pocket-3-4-black\/","title":{"rendered":"Tilta Handgelenkgurt f\u00fcr DJI Osmo Pocket 3\/4 &#8211; Schwarz"},"content":{"rendered":"<p>Der Tilta Handgelenkgurt f\u00fcr DJI Osmo Pocket 3\/4 wird direkt an Ihrer Kamera befestigt und h\u00e4lt sie w\u00e4hrend der Aufnahme sicher an Ihrem Handgelenk, so dass Sie sich keine Sorgen machen m\u00fcssen, sie fallen zu lassen. Leicht und unauff\u00e4llig ist es die einfachste Art, jeden Ausflug mit einer zus\u00e4tzlichen Sicherheitsschicht zu versehen.<\/p>\n","protected":false},"excerpt":{"rendered":"<p>Der Tilta Handgelenkgurt f\u00fcr DJI Osmo Pocket 3\/4 wird direkt an Ihrer Kamera befestigt und h\u00e4lt sie w\u00e4hrend der Aufnahme sicher an Ihrem Handgelenk, so dass Sie sich keine Sorgen machen m\u00fcssen, sie fallen zu lassen. Leicht und unauff\u00e4llig ist [&hellip;]<\/p>\n","protected":false},"featured_media":3144888,"comment_status":"open","ping_status":"closed","template":"","meta":[],"product_cat":[1453,4511],"product_tag":[],"acf":[],"gallery_images":[3144898,3144893],"_links":{"self":[{"href":"https:\/\/eu.tilta.com\/de\/wp-json\/wp\/v2\/product\/3145332"}],"collection":[{"href":"https:\/\/eu.tilta.com\/de\/wp-json\/wp\/v2\/product"}],"about":[{"href":"https:\/\/eu.tilta.com\/de\/wp-json\/wp\/v2\/types\/product"}],"replies":[{"embeddable":true,"href":"https:\/\/eu.tilta.com\/de\/wp-json\/wp\/v2\/comments?post=3145332"}],"wp:featuredmedia":[{"embeddable":true,"href":"https:\/\/eu.tilta.com\/de\/wp-json\/wp\/v2\/media\/3144888"}],"wp:attachment":[{"href":"https:\/\/eu.tilta.com\/de\/wp-json\/wp\/v2\/media?parent=3145332"}],"wp:term":[{"taxonomy":"product_cat","embeddable":true,"href":"https:\/\/eu.tilta.com\/de\/wp-json\/wp\/v2\/product_cat?post=3145332"},{"taxonomy":"product_tag","embeddable":true,"href":"https:\/\/eu.tilta.com\/de\/wp-json\/wp\/v2\/product_tag?post=3145332"}],"curies":[{"name":"wp","href":"https:\/\/api.w.org\/{rel}","templated":true}]}}