{"id":3145338,"date":"2026-04-14T11:40:39","date_gmt":"2026-04-14T09:40:39","guid":{"rendered":"https:\/\/eu.tilta.com\/shop\/verlaengertes-handrad-fuer-nucleus-m-ii-fiz-handgeraet\/"},"modified":"2026-04-14T11:40:39","modified_gmt":"2026-04-14T09:40:39","slug":"extended-hand-wheel-for-nucleus-m-ii-fiz-hand-unit","status":"publish","type":"product","link":"https:\/\/eu.tilta.com\/de\/shop\/extended-hand-wheel-for-nucleus-m-ii-fiz-hand-unit\/","title":{"rendered":"Verl\u00e4ngertes Handrad f\u00fcr Nucleus-M II FIZ Handger\u00e4t"},"content":{"rendered":"<div>\n<p class=\"whitespace-normal\">Wir stellen Ihnen das erweiterte Handrad f\u00fcr die Nucleus-M II FIZ Handeinheit vor, das Ihnen eine bessere Kontrolle beim Fokussieren erm\u00f6glicht. Der gr\u00f6\u00dfere Durchmesser des verl\u00e4ngerten Handrads sorgt f\u00fcr einen komfortableren und sichereren Griff und erm\u00f6glicht pr\u00e4zisere und bewusstere Einstellungen w\u00e4hrend des Betriebs.<\/p>\n<\/div>\n<div>\n<p class=\"whitespace-normal\">Der Griff wertet die Nucleus-M II Handeinheit auf. Mit der Gr\u00f6\u00dfe geht auch eine bessere Sichtbarkeit der Markierungen auf den Fokusringen einher, so dass Sie besser sehen k\u00f6nnen, wo sich Ihre Fokusmarkierungen befinden. Ob bei Aufnahmen unterwegs oder in dunkleren Studioumgebungen &#8211; mit dem erweiterten Handrad ist das Scharfstellen in jeder Umgebung ein Kinderspiel.<\/p>\n<\/div>\n<div>\n<p class=\"whitespace-normal\">Das Extended Hand Wheel ist physisch kompatibel mit den ARRI-Fokusringen in Standardgr\u00f6\u00dfe und \u00fcberbr\u00fcckt m\u00fchelos zwei \u00d6kosysteme. Es erm\u00f6glicht eine pr\u00e4zise Steuerung von Parametern und Fokus, ohne dass Sie Ihr vorhandenes Zubeh\u00f6r austauschen m\u00fcssen. Ganz gleich, ob Sie bereits mit dem ARRI-\u00d6kosystem arbeiten oder Ihre M\u00f6glichkeiten erweitern m\u00f6chten, das Extended Hand Wheel f\u00fcgt sich nahtlos in Ihr bestehendes Setup ein.<\/p>\n<\/div>\n","protected":false},"excerpt":{"rendered":"<p>Wir stellen Ihnen das erweiterte Handrad f\u00fcr die Nucleus-M II FIZ Handeinheit vor, das Ihnen eine bessere Kontrolle beim Fokussieren erm\u00f6glicht. Der gr\u00f6\u00dfere Durchmesser des verl\u00e4ngerten Handrads sorgt f\u00fcr einen komfortableren und sichereren Griff und erm\u00f6glicht pr\u00e4zisere und bewusstere Einstellungen [&hellip;]<\/p>\n","protected":false},"featured_media":3144684,"comment_status":"open","ping_status":"closed","template":"","meta":[],"product_cat":[3921],"product_tag":[],"acf":[],"gallery_images":[3144669,3144674,3144679,3144689,3144699,3144694,3144704],"_links":{"self":[{"href":"https:\/\/eu.tilta.com\/de\/wp-json\/wp\/v2\/product\/3145338"}],"collection":[{"href":"https:\/\/eu.tilta.com\/de\/wp-json\/wp\/v2\/product"}],"about":[{"href":"https:\/\/eu.tilta.com\/de\/wp-json\/wp\/v2\/types\/product"}],"replies":[{"embeddable":true,"href":"https:\/\/eu.tilta.com\/de\/wp-json\/wp\/v2\/comments?post=3145338"}],"wp:featuredmedia":[{"embeddable":true,"href":"https:\/\/eu.tilta.com\/de\/wp-json\/wp\/v2\/media\/3144684"}],"wp:attachment":[{"href":"https:\/\/eu.tilta.com\/de\/wp-json\/wp\/v2\/media?parent=3145338"}],"wp:term":[{"taxonomy":"product_cat","embeddable":true,"href":"https:\/\/eu.tilta.com\/de\/wp-json\/wp\/v2\/product_cat?post=3145338"},{"taxonomy":"product_tag","embeddable":true,"href":"https:\/\/eu.tilta.com\/de\/wp-json\/wp\/v2\/product_tag?post=3145338"}],"curies":[{"name":"wp","href":"https:\/\/api.w.org\/{rel}","templated":true}]}}