{"id":3145347,"date":"2026-04-14T11:54:35","date_gmt":"2026-04-14T09:54:35","guid":{"rendered":"https:\/\/eu.tilta.com\/shop\/nucleus-m-ii-extended-mod-motor-getriebe\/"},"modified":"2026-04-14T11:54:35","modified_gmt":"2026-04-14T09:54:35","slug":"nucleus-m-ii-extended-mod-motor-gear","status":"publish","type":"product","link":"https:\/\/eu.tilta.com\/de\/shop\/nucleus-m-ii-extended-mod-motor-gear\/","title":{"rendered":"Nucleus-M II Extended Mod Motor Getriebe"},"content":{"rendered":"<div>\n<p class=\"whitespace-normal\">Wir stellen Ihnen das Nucleus-M II Extended Mod Motor Gear vor, das Ihnen eine gr\u00f6\u00dfere Auswahl an Objektiven f\u00fcr Ihr Storytelling bietet. Die Konstruktion bestimmter Kinoobjektive kann manchmal zu physischen Interferenzen zwischen dem Objektiv und den Motorgetrieben f\u00fchren.<\/p>\n<\/div>\n<div>\n<p class=\"whitespace-normal\">Das Extended Mod Motor Gear wurde speziell f\u00fcr diese Herausforderung entwickelt und l\u00f6st die Probleme, die bei Objektiven mit einem kurzen Zahnkranzabstand auftreten. Mit seinem gr\u00f6\u00dferen Durchmesser erm\u00f6glicht das Extended Mod Motor Gear dem M II Motor eine gr\u00f6\u00dfere Reichweite und beseitigt so die physikalischen Beschr\u00e4nkungen, die durch das einzigartige Design der Objektive entstehen.<\/p>\n<\/div>\n<div>\n<p class=\"whitespace-normal\">Da der Nucleus-M II Motor an eine Vielzahl von Kinoobjektiven angeschlossen werden kann, gibt es keine Inkompatibilit\u00e4tsprobleme, die sonst Ihre kreativen M\u00f6glichkeiten einschr\u00e4nken w\u00fcrden. Welches Objektiv auch immer f\u00fcr Sie am besten geeignet ist, das Extended Mod Motor Gear sorgt daf\u00fcr, dass Ihr Nucleus-M II System mithalten kann.<\/p>\n<\/div>\n","protected":false},"excerpt":{"rendered":"<p>Wir stellen Ihnen das Nucleus-M II Extended Mod Motor Gear vor, das Ihnen eine gr\u00f6\u00dfere Auswahl an Objektiven f\u00fcr Ihr Storytelling bietet. Die Konstruktion bestimmter Kinoobjektive kann manchmal zu physischen Interferenzen zwischen dem Objektiv und den Motorgetrieben f\u00fchren. Das Extended [&hellip;]<\/p>\n","protected":false},"featured_media":3144771,"comment_status":"open","ping_status":"closed","template":"","meta":[],"product_cat":[3921],"product_tag":[],"acf":[],"gallery_images":[3144756,3144761,3144766,3144726,3144731,3144736],"_links":{"self":[{"href":"https:\/\/eu.tilta.com\/de\/wp-json\/wp\/v2\/product\/3145347"}],"collection":[{"href":"https:\/\/eu.tilta.com\/de\/wp-json\/wp\/v2\/product"}],"about":[{"href":"https:\/\/eu.tilta.com\/de\/wp-json\/wp\/v2\/types\/product"}],"replies":[{"embeddable":true,"href":"https:\/\/eu.tilta.com\/de\/wp-json\/wp\/v2\/comments?post=3145347"}],"wp:featuredmedia":[{"embeddable":true,"href":"https:\/\/eu.tilta.com\/de\/wp-json\/wp\/v2\/media\/3144771"}],"wp:attachment":[{"href":"https:\/\/eu.tilta.com\/de\/wp-json\/wp\/v2\/media?parent=3145347"}],"wp:term":[{"taxonomy":"product_cat","embeddable":true,"href":"https:\/\/eu.tilta.com\/de\/wp-json\/wp\/v2\/product_cat?post=3145347"},{"taxonomy":"product_tag","embeddable":true,"href":"https:\/\/eu.tilta.com\/de\/wp-json\/wp\/v2\/product_tag?post=3145347"}],"curies":[{"name":"wp","href":"https:\/\/api.w.org\/{rel}","templated":true}]}}