{"id":3145353,"date":"2026-04-17T11:54:49","date_gmt":"2026-04-17T09:54:49","guid":{"rendered":"https:\/\/eu.tilta.com\/shop\/tilta-erweiterungszubehoer-fuer-dji-osmo-pocket-4-ultimate-kit\/"},"modified":"2026-04-17T11:54:49","modified_gmt":"2026-04-17T09:54:49","slug":"tilta-expansion-accessories-for-dji-osmo-pocket-4-ultimate-kit","status":"publish","type":"product","link":"https:\/\/eu.tilta.com\/de\/shop\/tilta-expansion-accessories-for-dji-osmo-pocket-4-ultimate-kit\/","title":{"rendered":"Tilta Erweiterungszubeh\u00f6r f\u00fcr DJI Osmo Pocket 4 Ultimate Kit"},"content":{"rendered":"<p>Wir stellen Ihnen das Tilta Expansion Accessories Ultimate Kit f\u00fcr DJI Osmo Pocket 4 vor &#8211; eine sorgf\u00e4ltig zusammengestellte Sammlung von Werkzeugen, die darauf ausgelegt ist, die Kompromisse zu beseitigen, die Kreative zur\u00fcckhalten.<\/p>\n<p>Das Herzst\u00fcck des Kits ist die Portable Power Bank f\u00fcr DJI Osmo Pocket 4 (TA-T96-PPB-B). Diese 5.000-mAh-Powerbank passt nicht in Ihre Tasche, sondern wird direkt am Pocket 4 befestigt und fungiert als verl\u00e4ngerter Griff, der sich nahtlos in den Kameragriff einf\u00fcgt. Sie l\u00e4dt die Kamera auf, w\u00e4hrend Sie fotografieren. So haben Sie eine l\u00e4ngere Laufzeit f\u00fcr ganzt\u00e4gige Aufnahmen, Reise-Vlogs und lange Inhalte, ohne sich um den Akku sorgen zu m\u00fcssen.<\/p>\n<p>Das Tilta Quick Release Selfie Stick Stativ (TT-SS-BH-B) wurde f\u00fcr Kreative entwickelt, die sich schnell bewegen. Ein One-Touch-Ausl\u00f6ser entfaltet die Stativbeine automatisch &#8211; tippen Sie einfach auf eine beliebige Oberfl\u00e4che und Sie sind in Sekundenschnelle aufnahmebereit. Der verstellbare H\u00f6henbereich von 6,5 bis 14,4 Zoll passt sich m\u00fchelos an niedrige Blickwinkel, Portr\u00e4ts auf Augenh\u00f6he und erh\u00f6hte Perspektiven an. Der integrierte Kugelkopf mit 360\u00b0 Schwenk- und 90\u00b0 Neigefunktion rastet sicher in jeder Position ein, und ein seitliches 1\/4\u2033&#8221;-20 Gewinde mit Fixierpunkten erm\u00f6glicht die Erweiterung mit zus\u00e4tzlichem Zubeh\u00f6r. Mit einem Gewicht von nur 0,41 Pfund ist es ebenso m\u00fchelos zu tragen wie zu benutzen.<\/p>\n<p>Das magnetische Zubeh\u00f6r-Montageset f\u00fcr DJI Osmo Pocket 3\/4 (TA-T65-MAK-TW) bietet vielseitige Befestigungsm\u00f6glichkeiten f\u00fcr Ihr Pocket 4. Der im Lieferumfang enthaltene Mini Accessory Mounting Expander umschlie\u00dft die Kamera mit einem formschl\u00fcssigen, flachen Design und bietet mehrere Schnittstellen, darunter 1\/4\u2033&#8221;-20, einen kalten Schuh, einen GoPro-Anschluss und einen magnetischen DJI-Anschluss &#8211; und das alles bei vollem Zugriff auf den Joystick, die Tasten und den SD-Kartenslot. Der mitgelieferte magnetische Montagest\u00e4nder verf\u00fcgt \u00fcber zwei Gelenkpunkte mit einer Neigung von 270\u00b0 auf der oberen Achse und 180\u00b0 auf der unteren Achse und erm\u00f6glicht so eine nahezu unbegrenzte Auswahl an Montagepositionen. Die hochverdichtete Silikonpolsterung sch\u00fctzt die Kamera und sorgt f\u00fcr einen sicheren Griff.<\/p>\n<p>Das Tilta Ultimate Filter Kit f\u00fcr DJI Osmo Pocket 3\/4 (TF-OP3-C) rundet Ihr kreatives Toolkit mit sechs magnetischen Pr\u00e4zisionsfiltern ab. Die ND-Filter 1,5, 1,8 und 2,1 bieten eine abgestufte Neutraldichtekontrolle f\u00fcr konsistente, nat\u00fcrliche Bewegungsunsch\u00e4rfe bei jeder Beleuchtung. Die Filter Black Mist 1\/4 und 1\/2 mildern Spitzlichter ab und verleihen Ihren Aufnahmen eine filmische Qualit\u00e4t. Der Zirkularpolarisator verringert Blendeffekte, reduziert unerw\u00fcnschte Reflexionen und bereichert die Farben f\u00fcr naturgetreue Bilder. Jeder Filter verf\u00fcgt \u00fcber eine magnetische Verbindung f\u00fcr eine m\u00fchelose Anbringung und ein geriffeltes Schnelll\u00f6sesystem &#8211; einfach eindr\u00fccken und abnehmen, fertig.<\/p>\n<p>Alles reist in der Universal-Tragetasche f\u00fcr Action-Kameras (TA-ACCC-B). Mehrere durchsichtige Innenf\u00e4cher sorgen daf\u00fcr, dass Sie Ihre Kamera, Ihre Powerbank, Ihr Stativ, Ihre Filter und Ihr Zubeh\u00f6r auf einen Blick sehen und organisieren k\u00f6nnen. Das hochdichte, wasserabweisende Au\u00dfenmaterial und der versiegelte, wasserabweisende Rei\u00dfverschluss sorgen daf\u00fcr, dass Ihre Ausr\u00fcstung gesch\u00fctzt bleibt, egal ob Sie durch eine belebte Stadt fahren oder in den Elementen drehen.<\/p>\n","protected":false},"excerpt":{"rendered":"<p>Wir stellen Ihnen das Tilta Expansion Accessories Ultimate Kit f\u00fcr DJI Osmo Pocket 4 vor &#8211; eine sorgf\u00e4ltig zusammengestellte Sammlung von Werkzeugen, die darauf ausgelegt ist, die Kompromisse zu beseitigen, die Kreative zur\u00fcckhalten. Das Herzst\u00fcck des Kits ist die Portable [&hellip;]<\/p>\n","protected":false},"featured_media":3145069,"comment_status":"open","ping_status":"closed","template":"","meta":[],"product_cat":[4511],"product_tag":[],"acf":[],"gallery_images":[3145074,3145079],"_links":{"self":[{"href":"https:\/\/eu.tilta.com\/de\/wp-json\/wp\/v2\/product\/3145353"}],"collection":[{"href":"https:\/\/eu.tilta.com\/de\/wp-json\/wp\/v2\/product"}],"about":[{"href":"https:\/\/eu.tilta.com\/de\/wp-json\/wp\/v2\/types\/product"}],"replies":[{"embeddable":true,"href":"https:\/\/eu.tilta.com\/de\/wp-json\/wp\/v2\/comments?post=3145353"}],"wp:featuredmedia":[{"embeddable":true,"href":"https:\/\/eu.tilta.com\/de\/wp-json\/wp\/v2\/media\/3145069"}],"wp:attachment":[{"href":"https:\/\/eu.tilta.com\/de\/wp-json\/wp\/v2\/media?parent=3145353"}],"wp:term":[{"taxonomy":"product_cat","embeddable":true,"href":"https:\/\/eu.tilta.com\/de\/wp-json\/wp\/v2\/product_cat?post=3145353"},{"taxonomy":"product_tag","embeddable":true,"href":"https:\/\/eu.tilta.com\/de\/wp-json\/wp\/v2\/product_tag?post=3145353"}],"curies":[{"name":"wp","href":"https:\/\/api.w.org\/{rel}","templated":true}]}}