{"id":3145359,"date":"2026-04-13T11:55:47","date_gmt":"2026-04-13T09:55:47","guid":{"rendered":"https:\/\/eu.tilta.com\/shop\/montagehalterung-fuer-nucleus-m-ii-fiz-handgeraet\/"},"modified":"2026-04-13T11:55:47","modified_gmt":"2026-04-13T09:55:47","slug":"mounting-bracket-for-nucleus-m-ii-fiz-hand-unit","status":"publish","type":"product","link":"https:\/\/eu.tilta.com\/de\/shop\/mounting-bracket-for-nucleus-m-ii-fiz-hand-unit\/","title":{"rendered":"Montagehalterung f\u00fcr Nucleus-M II FIZ Handger\u00e4t"},"content":{"rendered":"<div>\n<p class=\"whitespace-normal\">Wir stellen Ihnen die Montagehalterung f\u00fcr die Nucleus-M II FIZ Handeinheit vor, mit der Sie die Montagem\u00f6glichkeiten Ihres Nucleus erweitern k\u00f6nnen. Vorbei sind die Probleme mit umst\u00e4ndlichen Befestigungsm\u00f6glichkeiten f\u00fcr die Montage des FIZ, die Montage von Monitoren und zus\u00e4tzliche Griffe und Ger\u00e4te f\u00fcr einen breiteren Einsatzbereich.<\/p>\n<\/div>\n<div>\n<p class=\"whitespace-normal\">Das spezielle K\u00e4figdesign umschlie\u00dft die Handeinheit sicher und bietet eine stabile und zuverl\u00e4ssige Grundlage f\u00fcr den Aufbau Ihrer Handeinheit. Mehrere 1\/4\u2033-20- und 3\/8\u2033-16-Montagegewinde bieten eine breite Palette von Befestigungsm\u00f6glichkeiten und gew\u00e4hrleisten die Kompatibilit\u00e4t mit einer Vielzahl von Zubeh\u00f6r und Montageoptionen.<\/p>\n<p>Die Halterung bietet au\u00dferdem zus\u00e4tzlichen Schutz f\u00fcr die FIZ, denn sie besteht aus stabilem Aluminium und sch\u00fctzt sie vor der Abnutzung durch die sich st\u00e4ndig ver\u00e4ndernden Umgebungen am Set.<\/p>\n<\/div>\n<div>\n<p class=\"whitespace-normal\">Eine NATO-Schiene an der Oberseite erweitert Ihre M\u00f6glichkeiten und bietet eine sichere Schnittstelle f\u00fcr Monitorhalterungen, Gelenkarme und anderes kleines Zubeh\u00f6r, das Sie am Set ben\u00f6tigen.<\/p>\n<\/div>\n<div>\n<p class=\"whitespace-normal\">Ob in einem Studio oder bei Dreharbeiten, was auch immer von Ihnen verlangt wird, die Halterung gibt Ihnen die Freiheit, genau das Setup zu bauen, das Ihre Dreharbeiten erfordern.<\/p>\n<\/div>\n","protected":false},"excerpt":{"rendered":"<p>Wir stellen Ihnen die Montagehalterung f\u00fcr die Nucleus-M II FIZ Handeinheit vor, mit der Sie die Montagem\u00f6glichkeiten Ihres Nucleus erweitern k\u00f6nnen. Vorbei sind die Probleme mit umst\u00e4ndlichen Befestigungsm\u00f6glichkeiten f\u00fcr die Montage des FIZ, die Montage von Monitoren und zus\u00e4tzliche Griffe [&hellip;]<\/p>\n","protected":false},"featured_media":3144616,"comment_status":"open","ping_status":"closed","template":"","meta":[],"product_cat":[3921],"product_tag":[],"acf":[],"gallery_images":[3144611,3144606,3144601,3144616,3144621,3144626,3144631,3144636],"_links":{"self":[{"href":"https:\/\/eu.tilta.com\/de\/wp-json\/wp\/v2\/product\/3145359"}],"collection":[{"href":"https:\/\/eu.tilta.com\/de\/wp-json\/wp\/v2\/product"}],"about":[{"href":"https:\/\/eu.tilta.com\/de\/wp-json\/wp\/v2\/types\/product"}],"replies":[{"embeddable":true,"href":"https:\/\/eu.tilta.com\/de\/wp-json\/wp\/v2\/comments?post=3145359"}],"wp:featuredmedia":[{"embeddable":true,"href":"https:\/\/eu.tilta.com\/de\/wp-json\/wp\/v2\/media\/3144616"}],"wp:attachment":[{"href":"https:\/\/eu.tilta.com\/de\/wp-json\/wp\/v2\/media?parent=3145359"}],"wp:term":[{"taxonomy":"product_cat","embeddable":true,"href":"https:\/\/eu.tilta.com\/de\/wp-json\/wp\/v2\/product_cat?post=3145359"},{"taxonomy":"product_tag","embeddable":true,"href":"https:\/\/eu.tilta.com\/de\/wp-json\/wp\/v2\/product_tag?post=3145359"}],"curies":[{"name":"wp","href":"https:\/\/api.w.org\/{rel}","templated":true}]}}