{"id":2001350,"date":"2021-03-05T13:58:07","date_gmt":"2021-03-05T12:58:07","guid":{"rendered":"https:\/\/de.tilta.com\/programa-de-afiliados\/"},"modified":"2025-01-15T06:44:12","modified_gmt":"2025-01-15T05:44:12","slug":"affiliate-program","status":"publish","type":"page","link":"https:\/\/eu.tilta.com\/es\/affiliate-program\/","title":{"rendered":"Programa de afiliados"},"content":{"rendered":"<p><a href=\"\/affiliate-area\"><img loading=\"lazy\" decoding=\"async\" class=\"alignnone wp-image-980520 size-full\" style=\"width: 100%; height: auto;\" src=\"https:\/\/static.tilta.com\/wp-content\/uploads\/2021\/03\/22133107\/join-tilta-affiliate.jpg\" alt=\"HAZTE SOCIO DE LOS PROGRAMAS DE AFILIACI\u00d3N DE TILTA Y RECIBE UN 5% DE SU CUOTA EN Tilta.com  \" width=\"1920\" height=\"1080\" srcset=\"https:\/\/static.tilta.com\/wp-content\/uploads\/2021\/03\/22133107\/join-tilta-affiliate.jpg 1920w, https:\/\/static.tilta.com\/wp-content\/uploads\/2021\/03\/22133107\/join-tilta-affiliate-1440x810.jpg 1440w, https:\/\/static.tilta.com\/wp-content\/uploads\/2021\/03\/22133107\/join-tilta-affiliate-64x36.jpg 64w, https:\/\/static.tilta.com\/wp-content\/uploads\/2021\/03\/22133107\/join-tilta-affiliate-300x169.jpg 300w, https:\/\/static.tilta.com\/wp-content\/uploads\/2021\/03\/22133107\/join-tilta-affiliate-1024x576.jpg 1024w, https:\/\/static.tilta.com\/wp-content\/uploads\/2021\/03\/22133107\/join-tilta-affiliate-1536x864.jpg 1536w, https:\/\/static.tilta.com\/wp-content\/uploads\/2021\/03\/22133107\/join-tilta-affiliate-800x450.jpg 800w\" sizes=\"(max-width: 1920px) 100vw, 1920px\" \/><\/a><\/p>\n<h1>Programa de afiliados<\/h1>\n<div class=\"row\">\n<div class=\"col-md-9\">\n<p class=\"lead\">Cuando te conviertes en afiliado, puedes aumentar tus ingresos comercializando nuestros productos m\u00e1s vendidos, incluidos nuestros <a href=\"\/product-category\/lens-control-systems\/\">sistemas de control de objetivos<\/a>, <a href=\"\/product-category\/dji-ecosystem\/\">el Ecosistema DJI<\/a>, <a href=\"\/product-category\/shop-by-camera\/\">los rigs de c\u00e1mara<\/a> para numerosos sistemas de c\u00e1mara y mucho m\u00e1s.<\/p>\n<p><strong>Beneficios del Programa de Afiliaci\u00f3n:<\/strong><\/p>\n<ul>\n<li>Comisi\u00f3n del 5% sobre las ventas<\/li>\n<li>Ventana de Cookie de 7 d\u00edas<\/li>\n<li>Sin l\u00edmite de ganancias<\/li>\n<li>Incluye todos los productos en eu.tilta.com<\/li>\n<li>Afiliaci\u00f3n gratuita<\/li>\n<\/ul>\n<\/div>\n<div class=\"col-md-3\">\n<div class=\"panel panel-info\">\n<div class=\"panel-heading\">Empieza hoy mismo<\/div>\n<div class=\"panel-body\">\n<p>Rellena una solicitud para ser afiliado de eu.tilta.com<\/p>\n<p><a class=\"btn btn-primary\" href=\"\/affiliate-area\">Solicitar ahora<\/a><\/p>\n<\/div>\n<\/div>\n<\/div>\n<\/div>\n<style>.entry-header {display:none;}<\/style>\n","protected":false},"excerpt":{"rendered":"<p>Programa de afiliados Cuando te conviertes en afiliado, puedes aumentar tus ingresos comercializando nuestros productos m\u00e1s vendidos, incluidos nuestros sistemas de control de objetivos, el Ecosistema DJI, los rigs de c\u00e1mara para numerosos sistemas de c\u00e1mara y mucho m\u00e1s. Beneficios [&hellip;]<\/p>\n","protected":false},"author":208,"featured_media":0,"parent":0,"menu_order":0,"comment_status":"closed","ping_status":"closed","template":"","meta":{"footnotes":""},"acf":[],"_links":{"self":[{"href":"https:\/\/eu.tilta.com\/es\/wp-json\/wp\/v2\/pages\/2001350"}],"collection":[{"href":"https:\/\/eu.tilta.com\/es\/wp-json\/wp\/v2\/pages"}],"about":[{"href":"https:\/\/eu.tilta.com\/es\/wp-json\/wp\/v2\/types\/page"}],"author":[{"embeddable":true,"href":"https:\/\/eu.tilta.com\/es\/wp-json\/wp\/v2\/users\/208"}],"replies":[{"embeddable":true,"href":"https:\/\/eu.tilta.com\/es\/wp-json\/wp\/v2\/comments?post=2001350"}],"version-history":[{"count":2,"href":"https:\/\/eu.tilta.com\/es\/wp-json\/wp\/v2\/pages\/2001350\/revisions"}],"predecessor-version":[{"id":2026247,"href":"https:\/\/eu.tilta.com\/es\/wp-json\/wp\/v2\/pages\/2001350\/revisions\/2026247"}],"wp:attachment":[{"href":"https:\/\/eu.tilta.com\/es\/wp-json\/wp\/v2\/media?parent=2001350"}],"curies":[{"name":"wp","href":"https:\/\/api.w.org\/{rel}","templated":true}]}}