{"id":2001353,"date":"2018-10-23T12:45:28","date_gmt":"2018-10-23T10:45:28","guid":{"rendered":"https:\/\/de.tilta.com\/garantia\/"},"modified":"2018-10-23T12:45:28","modified_gmt":"2018-10-23T10:45:28","slug":"warranty","status":"publish","type":"page","link":"https:\/\/eu.tilta.com\/es\/warranty\/","title":{"rendered":"Garant\u00eda"},"content":{"rendered":"<p><strong>ESTA GARANT\u00cdA LIMITADA TE OTORGA DERECHOS LEGALES ESPEC\u00cdFICOS Y TAMBI\u00c9N PUEDES TENER OTROS DERECHOS, QUE VAR\u00cdAN DE UN ESTADO A OTRO.<\/strong><\/p>\n<p><strong>ESTA GARANT\u00cdA LIMITADA TAMBI\u00c9N SE PUEDE ENCONTRAR EN DE.TILTA.COM\/WARRANTY Y EN LA DOCUMENTACI\u00d3N QUE PROPORCIONAMOS CON LOS PRODUCTOS.<\/strong><\/p>\n<p><strong>GARANTIZAMOS QUE DURANTE EL PERIODO DE GARANT\u00cdA, LOS PRODUCTOS ADQUIRIDOS EN EL SITIO ESTAR\u00c1N LIBRES DE DEFECTOS DE MATERIALES Y MANO DE OBRA.<\/strong><\/p>\n<p><strong>TAMBI\u00c9N GARANTIZAMOS QUE, DURANTE EL PERIODO DE GARANT\u00cdA, LOS SERVICIOS ADQUIRIDOS EN EL SITIO SE PRESTAR\u00c1N DE FORMA PROFESIONAL Y DE ACUERDO CON LAS NORMAS DEL SECTOR GENERALMENTE RECONOCIDAS PARA SERVICIOS SIMILARES.<\/strong><\/p>\n<p><strong>LIMITAMOS LA DURACI\u00d3N Y LOS RECURSOS DE TODAS LAS GARANT\u00cdAS IMPL\u00cdCITAS, INCLUIDAS SIN LIMITACI\u00d3N LAS GARANT\u00cdAS DE COMERCIABILIDAD E IDONEIDAD PARA UN FIN DETERMINADO, A LA DURACI\u00d3N DE ESTA GARANT\u00cdA LIMITADA.<\/strong><\/p>\n<p><strong> <\/strong><strong>ALGUNOS ESTADOS NO PERMITEN LIMITACIONES SOBRE LA DURACI\u00d3N DE UNA GARANT\u00cdA IMPL\u00cdCITA, POR LO QUE LA LIMITACI\u00d3N ANTERIOR PUEDE NO SER APLICABLE EN TU CASO.<\/strong><\/p>\n<p><strong>NUESTRA RESPONSABILIDAD POR LOS PRODUCTOS DEFECTUOSOS SE LIMITA A LA REPARACI\u00d3N, SUSTITUCI\u00d3N O REEMBOLSO SEG\u00daN LO ESTABLECIDO EN ESTA DECLARACI\u00d3N DE GARANT\u00cdA. NUESTRA RESPONSABILIDAD POR LOS SERVICIOS DEFECTUOSOS SE LIMITA A LA REPARACI\u00d3N, REPARACI\u00d3N O REEMBOLSO SEG\u00daN LO ESTABLECIDO EN ESTA DECLARACI\u00d3N DE GARANT\u00cdA. NI NINGUNA ACTUACI\u00d3N U OTRA CONDUCTA, NI NINGUNA INFORMACI\u00d3N ORAL O ESCRITA, DECLARACI\u00d3N O CONSEJO PROPORCIONADO POR NOSOTROS O CUALQUIERA DE NUESTROS AGENTES O EMPLEADOS CREAR\u00c1 UNA GARANT\u00cdA, NI AUMENTAR\u00c1 EN MODO ALGUNO EL ALCANCE O LA DURACI\u00d3N DE ESTA GARANT\u00cdA LIMITADA.<\/strong><\/p>\n<p>&nbsp;<\/p>\n<p><u>\u00bfQui\u00e9n puede utilizar esta garant\u00eda<\/u>?<\/p>\n<p>Esta garant\u00eda limitada se extiende \u00fanicamente al comprador original de productos y servicios del sitio. No se extiende a ning\u00fan propietario o cesionario posterior del producto ni a ning\u00fan cesionario u otro beneficiario del servicio.<\/p>\n<p>&nbsp;<\/p>\n<p><u>\u00bfQu\u00e9 cubre esta garant\u00eda<\/u>?<\/p>\n<p>Esta garant\u00eda limitada cubre durante el Per\u00edodo de Garant\u00eda (tal y como se define a continuaci\u00f3n) los defectos de materiales y mano de obra en los productos y servicios adquiridos en el Sitio.<\/p>\n<p>&nbsp;<\/p>\n<p><u>\u00bfQu\u00e9 no cubre esta garant\u00eda<\/u>?<\/p>\n<p>Esta garant\u00eda limitada no cubre los da\u00f1os debidos a:<\/p>\n<p>(i) transporte;<br \/>\n(ii) almacenamiento;<br \/>\n(iii) uso inadecuado;<br \/>\n(iv) no seguir las instrucciones del producto o no realizar ning\u00fan mantenimiento preventivo;<br \/>\n(v) modificaciones;<br \/>\n(vi) combinaci\u00f3n o uso con cualquier producto, material, proceso, sistema u otro asunto no proporcionado o autorizado por escrito por Tilta Inc;<br \/>\n(vii) reparaci\u00f3n no autorizada;<br \/>\n(viii) desgaste normal; o<br \/>\n(ix) causas externas como accidentes, abusos u otras acciones o acontecimientos que escapen a nuestro control razonable.<\/p>\n<p>&nbsp;<\/p>\n<p><u>\u00bfCu\u00e1l es el periodo de cobertura<\/u>?<\/p>\n<p>Esta garant\u00eda limitada comienza en la fecha de tu compra y dura dos a\u00f1os para las piezas de la m\u00e1quina, un a\u00f1o para las piezas electr\u00f3nicas y 30 d\u00edas para las piezas de los cables (el<strong>&#8220;Periodo de garant\u00eda<\/strong>&#8220;). El Per\u00edodo de Garant\u00eda no se ampl\u00eda si reparamos o sustituimos un producto garantizado o volvemos a realizar un servicio garantizado. Podemos cambiar la disponibilidad de esta garant\u00eda limitada a nuestra discreci\u00f3n, pero cualquier cambio no ser\u00e1 retroactivo.<\/p>\n<p>&nbsp;<\/p>\n<p><u>\u00bfCu\u00e1les son tus derechos en virtud de esta garant\u00eda<\/u>?<\/p>\n<p>Con respecto a cualquier producto defectuoso durante el Per\u00edodo de Garant\u00eda, repararemos o sustituiremos, a nuestra entera discreci\u00f3n, dichos productos (o la pieza defectuosa) de forma gratuita. Tambi\u00e9n pagaremos los gastos de env\u00edo para devolverte el producto reparado o sustituido.<\/p>\n<p>&nbsp;<\/p>\n<p><u>\u00bfC\u00f3mo se obtiene el servicio de garant\u00eda<\/u>?<\/p>\n<p>Para obtener el servicio de garant\u00eda, debes llamar al 818-561-4991 o enviar un correo electr\u00f3nico a nuestro Departamento de Atenci\u00f3n al Cliente a <a href=\"mailto:support@tilta.com\">support@tilta.com<\/a> durante el Periodo de Garant\u00eda para obtener un n\u00famero RMA. No se proporcionar\u00e1 ning\u00fan servicio de garant\u00eda sin un n\u00famero RMA, y todas las devoluciones en garant\u00eda deben seguir la Pol\u00edtica de Devoluciones de Tilta Inc. Es posible que tambi\u00e9n se te pida que proporciones fotos de los da\u00f1os.<\/p>\n<p>&nbsp;<\/p>\n<p><u>Limitaci\u00f3n de responsabilidad<\/u>.<\/p>\n<p><strong>LOS RECURSOS DESCRITOS ANTERIORMENTE SON TUS \u00daNICOS Y EXCLUSIVOS RECURSOS Y TODA NUESTRA OBLIGACI\u00d3N Y RESPONSABILIDAD POR CUALQUIER INCUMPLIMIENTO DE ESTA GARANT\u00cdA LIMITADA. NUESTRA RESPONSABILIDAD NO SUPERAR\u00c1 EN NING\u00daN CASO EL IMPORTE REAL PAGADO POR TI POR EL PRODUCTO O SERVICIO DEFECTUOSO QUE HAYAS ADQUIRIDO A TRAV\u00c9S DEL SITIO, NI SEREMOS RESPONSABLES EN NING\u00daN CASO DE NINGUNA P\u00c9RDIDA DE PRODUCCI\u00d3N, TRABAJO, DATOS, USO, NEGOCIO, FONDO DE COMERCIO, REPUTACI\u00d3N, INGRESOS O BENEFICIOS, NINGUNA DISMINUCI\u00d3N DE VALOR, COSTES DE BIENES O SERVICIOS DE SUSTITUCI\u00d3N, NI DE NING\u00daN DA\u00d1O O P\u00c9RDIDA CONSECUENTE, INCIDENTAL, ESPECIAL O PUNITIVO, YA SEA DIRECTO O INDIRECTO.<\/strong><\/p>\n<p><strong> <\/strong><\/p>\n<p><strong>ALGUNOS ESTADOS NO PERMITEN LA EXCLUSI\u00d3N O LIMITACI\u00d3N DE LOS DA\u00d1OS INCIDENTALES O CONSECUENTES, POR LO QUE ES POSIBLE QUE LA LIMITACI\u00d3N O EXCLUSI\u00d3N ANTERIOR NO SE APLIQUE EN TU CASO.<\/strong><\/p>\n","protected":false},"excerpt":{"rendered":"<p>ESTA GARANT\u00cdA LIMITADA TE OTORGA DERECHOS LEGALES ESPEC\u00cdFICOS Y TAMBI\u00c9N PUEDES TENER OTROS DERECHOS, QUE VAR\u00cdAN DE UN ESTADO A OTRO. ESTA GARANT\u00cdA LIMITADA TAMBI\u00c9N SE PUEDE ENCONTRAR EN DE.TILTA.COM\/WARRANTY Y EN LA DOCUMENTACI\u00d3N QUE PROPORCIONAMOS CON LOS PRODUCTOS. GARANTIZAMOS [&hellip;]<\/p>\n","protected":false},"author":208,"featured_media":0,"parent":0,"menu_order":0,"comment_status":"closed","ping_status":"closed","template":"","meta":{"footnotes":""},"acf":[],"_links":{"self":[{"href":"https:\/\/eu.tilta.com\/es\/wp-json\/wp\/v2\/pages\/2001353"}],"collection":[{"href":"https:\/\/eu.tilta.com\/es\/wp-json\/wp\/v2\/pages"}],"about":[{"href":"https:\/\/eu.tilta.com\/es\/wp-json\/wp\/v2\/types\/page"}],"author":[{"embeddable":true,"href":"https:\/\/eu.tilta.com\/es\/wp-json\/wp\/v2\/users\/208"}],"replies":[{"embeddable":true,"href":"https:\/\/eu.tilta.com\/es\/wp-json\/wp\/v2\/comments?post=2001353"}],"version-history":[{"count":0,"href":"https:\/\/eu.tilta.com\/es\/wp-json\/wp\/v2\/pages\/2001353\/revisions"}],"wp:attachment":[{"href":"https:\/\/eu.tilta.com\/es\/wp-json\/wp\/v2\/media?parent=2001353"}],"curies":[{"name":"wp","href":"https:\/\/api.w.org\/{rel}","templated":true}]}}